{"id":8273,"date":"2025-09-24T00:46:17","date_gmt":"2025-09-23T23:46:17","guid":{"rendered":"https:\/\/voz4all.com\/?page_id=8273"},"modified":"2025-09-24T18:08:41","modified_gmt":"2025-09-24T17:08:41","slug":"llaves-para-desbloquear-tus-agudos","status":"publish","type":"page","link":"https:\/\/voz4all.com\/index.php\/llaves-para-desbloquear-tus-agudos\/","title":{"rendered":"LLAVES PARA DESBLOQUEAR TUS AGUDOS"},"content":{"rendered":"\n<!DOCTYPE html>\n<html lang=\"es\">\n<head>\n  <meta charset=\"utf-8\" \/>\n  <meta name=\"viewport\" content=\"width=device-width, initial-scale=1\" \/>\n  <title>3 Llaves Secretas para Desbloquear tus Agudos \u2014 Pilar Jurado<\/title>\n  <meta name=\"description\" content=\"Micro-gu\u00eda descargable de Pilar Jurado: 3 llaves express para desbloquear tus agudos con appoggio, posici\u00f3n precisa y resonadores superiores.\" \/>\n  <meta property=\"og:title\" content=\"3 Llaves Secretas para Desbloquear tus Agudos\" \/>\n  <meta property=\"og:description\" content=\"Descarga la micro-gu\u00eda y s\u00famate al directo de agudos. Adem\u00e1s, ll\u00e9vate un An\u00e1lisis Vocal Expr\u00e9s.\" \/>\n  <meta property=\"og:type\" content=\"website\" \/>\n  <meta property=\"og:image\" content=\"{{OG_IMAGE}}\" \/>\n  <meta name=\"robots\" content=\"index,follow\" \/>\n  <style>\n    :root {\n      --bg:#0b0f19;\n      --card:#12182a;\n      --accent:#e6b800; \/* dorado suave *\/\n      --muted:#9fb0d1;\n      --text:#eef2ff;\n    }\n    * { box-sizing: border-box; }\n    html,body { margin:0; padding:0; background:var(--bg); color:var(--text); font-family: system-ui, -apple-system, Segoe UI, Roboto, Inter, \"Helvetica Neue\", Arial, \"Noto Sans\", \"Apple Color Emoji\",\"Segoe UI Emoji\"; }\n    a { color: var(--accent); text-decoration: none; }\n    a:hover { text-decoration: underline; }\n    .container { max-width: 1100px; margin: 0 auto; padding: 24px; }\n    .hero { display:grid; gap:18px; padding: 32px 20px; background: linear-gradient(135deg, rgba(230,184,0,.12), rgba(255,255,255,0) 50%); border-radius: 18px; }\n    .eyebrow { text-transform: uppercase; letter-spacing: .12em; color: var(--muted); font-weight: 600; font-size: 12px; }\n    h1 { margin:0; font-size: clamp(28px, 4vw, 46px); line-height: 1.06; }\n    .lead { color:#d7def5; max-width: 70ch; font-size: clamp(15px, 2vw, 18px); }\n    .cta-row { display:flex; flex-wrap: wrap; gap: 12px; }\n    .btn { display:inline-flex; align-items:center; justify-content:center; gap:10px; padding: 14px 18px; border-radius: 12px; font-weight: 700; border:1px solid rgba(230,184,0,.35); background: linear-gradient(180deg, rgba(230,184,0,.12), rgba(230,184,0,.06)); color: var(--text); }\n    .btn.secondary { background: transparent; border-color: rgba(255,255,255,.25); }\n    .card { background: var(--card); border:1px solid rgba(255,255,255,.06); border-radius: 16px; padding: 18px; }\n    .grid { display:grid; gap: 18px; grid-template-columns: 1fr; }\n    @media (min-width: 960px) { .grid { grid-template-columns: 1.15fr .85fr; } }\n    .pdf-wrap { aspect-ratio: 3\/4; background:#0a0e17; border-radius: 12px; overflow: hidden; border:1px solid rgba(255,255,255,.08); }\n    .pdf-note { font-size: 13px; color: var(--muted); margin-top: 8px; }\n    footer { opacity:.85; margin-top: 28px; font-size: 12px; color: var(--muted); }\n    ul.features { margin: 0; padding-left: 18px; line-height: 1.7; }\n    .stamp { font-weight:800; color:var(--accent); }\n  <\/style>\n\n  <script type=\"application\/ld+json\">\n  {\n    \"@context\": \"https:\/\/schema.org\",\n    \"@type\": \"WebPage\",\n    \"name\": \"3 Llaves Secretas para Desbloquear tus Agudos\",\n    \"description\": \"Micro-gu\u00eda descargable y recursos para el directo de agudos de Pilar Jurado.\",\n    \"author\": { \"@type\":\"Person\", \"name\":\"Pilar Jurado\" }\n  }\n  <\/script>\n<\/head>\n<body>\n  <main class=\"container\">\n    <section class=\"hero\">\n      <span class=\"eyebrow\">VOCALPOWER \u00b7 Recurso descargable<\/span>\n      <h1>3 Llaves Secretas para <span class=\"stamp\">Desbloquear tus Agudos<\/span><\/h1>\n      <p class=\"lead\">Descarga la micro-gu\u00eda y prep\u00e1rate para el directo especial de agudos. Adem\u00e1s, ll\u00e9vate un <strong>An\u00e1lisis Vocal Expr\u00e9s<\/strong> para dise\u00f1ar tu pr\u00f3ximo salto de rango.<\/p>\n      <div class=\"cta-row\">\n        <!-- SUSTITUYE {{PDF_URL}} -->\n        <a class=\"btn\" href=\"https:\/\/voz4all.com\/wp-content\/uploads\/2025\/09\/3-LLAVES-PARA-DESBLOQUEAR-TUS-AGUDOS.pdf\" download>\ud83d\udce5 Descargar PDF<\/a>\n        <!-- SUSTITUYE {{YOUTUBE_URL}} -->\n        <a class=\"btn secondary\" href=\"https:\/\/www.youtube.com\/live\/6-6akZZ_QN4?si=Hj9imGjBan6rOQ_Z\" target=\"_blank\" rel=\"noopener\">\u25b6 Ver el Directo<\/a>\n        <!-- SUSTITUYE {{ANALYSIS_URL}} -->\n        <a class=\"btn secondary\" href=\"https:\/\/forms.gle\/E6y9UWMEwyBWo8er6\" target=\"_blank\" rel=\"noopener\">\u2728 Quiero mi An\u00e1lisis Expr\u00e9s<\/a>\n      <\/div>\n    <\/section>\n\n    <section class=\"grid\" style=\"margin-top:22px;\">\n      <div class=\"card\">\n        <h2 style=\"margin-top:0;\">Qu\u00e9 encontrar\u00e1s<\/h2>\n        <ul class=\"features\">\n          <li><strong>Llave 1 \u00b7 Appoggio<\/strong> \u2014 la columna invisible que estabiliza el agudo.<\/li>\n          <li><strong>Llave 2 \u00b7 Posici\u00f3n en peque\u00f1o<\/strong> \u2014 precisi\u00f3n m\u00ednima, brillo m\u00e1ximo.<\/li>\n          <li><strong>Llave 3 \u00b7 Resonadores superiores<\/strong> \u2014 arm\u00f3nicos que elevan tu voz.<\/li>\n        <\/ul>\n        <p style=\"margin-top:10px;\">Incluye ejercicios como <em>La C\u00fapula de Cristal<\/em>, <em>NG<\/em>, <em>HUM<\/em>, <em>trinos labiales<\/em>, y variantes de <em>twang<\/em>.<\/p>\n        <p class=\"pdf-note\">Consejo: \u00e1brela antes del directo para que podamos trabajar sobre tu \u201cnota conflictiva\u201d.<\/p>\n      <\/div>\n\n      <div>\n        <div class=\"pdf-wrap\">\n          <!-- Fallback doble: object + iframe -->\n          <object data=\"https:\/\/voz4all.com\/wp-content\/uploads\/2025\/09\/3-LLAVES-PARA-DESBLOQUEAR-TUS-AGUDOS.pdf\" type=\"application\/pdf\" width=\"100%\" height=\"100%\">\n            <iframe src=\"https:\/\/voz4all.com\/wp-content\/uploads\/2025\/09\/3-LLAVES-PARA-DESBLOQUEAR-TUS-AGUDOS.pdf\" width=\"100%\" height=\"100%\" title=\"3 Llaves Secretas para Desbloquear tus Agudos\"><\/iframe>\n          <\/object>\n        <\/div>\n        <div class=\"pdf-note\">Si no ves el PDF, puedes <a href=\"{{PDF_URL}}\" download>descargarlo aqu\u00ed<\/a>.<\/div>\n      <\/div>\n    <\/section>\n\n    <footer>\n      \u00a9 2025 Pilar Jurado \u00b7 Academia Europea del Arte Vocal\n    <\/footer>\n  <\/main>\n<\/body>\n<\/html>\n","protected":false},"excerpt":{"rendered":"<p>3 Llaves Secretas para Desbloquear tus Agudos \u2014 Pilar Jurado VOCALPOWER \u00b7 Recurso descargable 3 Llaves Secretas para Desbloquear tus Agudos Descarga la micro-gu\u00eda y prep\u00e1rate para el directo especial de agudos. Adem\u00e1s, ll\u00e9vate un An\u00e1lisis Vocal Expr\u00e9s para dise\u00f1ar tu pr\u00f3ximo salto de rango. \ud83d\udce5 Descargar PDF \u25b6 Ver el Directo \u2728 Quiero mi [&hellip;]<\/p>\n","protected":false},"author":1,"featured_media":8278,"parent":0,"menu_order":0,"comment_status":"closed","ping_status":"closed","template":"","meta":{"site-sidebar-layout":"default","site-content-layout":"","ast-site-content-layout":"default","site-content-style":"default","site-sidebar-style":"default","ast-global-header-display":"","ast-banner-title-visibility":"","ast-main-header-display":"","ast-hfb-above-header-display":"","ast-hfb-below-header-display":"","ast-hfb-mobile-header-display":"","site-post-title":"disabled","ast-breadcrumbs-content":"","ast-featured-img":"","footer-sml-layout":"","ast-disable-related-posts":"","theme-transparent-header-meta":"","adv-header-id-meta":"","stick-header-meta":"","header-above-stick-meta":"","header-main-stick-meta":"","header-below-stick-meta":"","astra-migrate-meta-layouts":"set","ast-page-background-enabled":"default","ast-page-background-meta":{"desktop":{"background-color":"","background-image":"","background-repeat":"repeat","background-position":"center center","background-size":"auto","background-attachment":"scroll","background-type":"","background-media":"","overlay-type":"","overlay-color":"","overlay-opacity":"","overlay-gradient":""},"tablet":{"background-color":"","background-image":"","background-repeat":"repeat","background-position":"center center","background-size":"auto","background-attachment":"scroll","background-type":"","background-media":"","overlay-type":"","overlay-color":"","overlay-opacity":"","overlay-gradient":""},"mobile":{"background-color":"","background-image":"","background-repeat":"repeat","background-position":"center center","background-size":"auto","background-attachment":"scroll","background-type":"","background-media":"","overlay-type":"","overlay-color":"","overlay-opacity":"","overlay-gradient":""}},"ast-content-background-meta":{"desktop":{"background-color":"var(--ast-global-color-5)","background-image":"","background-repeat":"repeat","background-position":"center center","background-size":"auto","background-attachment":"scroll","background-type":"","background-media":"","overlay-type":"","overlay-color":"","overlay-opacity":"","overlay-gradient":""},"tablet":{"background-color":"var(--ast-global-color-5)","background-image":"","background-repeat":"repeat","background-position":"center center","background-size":"auto","background-attachment":"scroll","background-type":"","background-media":"","overlay-type":"","overlay-color":"","overlay-opacity":"","overlay-gradient":""},"mobile":{"background-color":"var(--ast-global-color-5)","background-image":"","background-repeat":"repeat","background-position":"center center","background-size":"auto","background-attachment":"scroll","background-type":"","background-media":"","overlay-type":"","overlay-color":"","overlay-opacity":"","overlay-gradient":""}},"footnotes":""},"class_list":["post-8273","page","type-page","status-publish","has-post-thumbnail","hentry"],"yoast_head":"<!-- This site is optimized with the Yoast SEO plugin v27.5 - https:\/\/yoast.com\/product\/yoast-seo-wordpress\/ -->\n<title>LLAVES PARA DESBLOQUEAR TUS AGUDOS - Academia Europea del Arte Vocal<\/title>\n<meta name=\"robots\" content=\"index, follow, max-snippet:-1, max-image-preview:large, max-video-preview:-1\" \/>\n<link rel=\"canonical\" href=\"https:\/\/voz4all.com\/index.php\/llaves-para-desbloquear-tus-agudos\/\" \/>\n<meta property=\"og:locale\" content=\"es_ES\" \/>\n<meta property=\"og:type\" content=\"article\" \/>\n<meta property=\"og:title\" content=\"LLAVES PARA DESBLOQUEAR TUS AGUDOS - Academia Europea del Arte Vocal\" \/>\n<meta property=\"og:description\" content=\"3 Llaves Secretas para Desbloquear tus Agudos \u2014 Pilar Jurado VOCALPOWER \u00b7 Recurso descargable 3 Llaves Secretas para Desbloquear tus Agudos Descarga la micro-gu\u00eda y prep\u00e1rate para el directo especial de agudos. Adem\u00e1s, ll\u00e9vate un An\u00e1lisis Vocal Expr\u00e9s para dise\u00f1ar tu pr\u00f3ximo salto de rango. \ud83d\udce5 Descargar PDF \u25b6 Ver el Directo \u2728 Quiero mi [&hellip;]\" \/>\n<meta property=\"og:url\" content=\"https:\/\/voz4all.com\/index.php\/llaves-para-desbloquear-tus-agudos\/\" \/>\n<meta property=\"og:site_name\" content=\"Academia Europea del Arte Vocal\" \/>\n<meta property=\"article:modified_time\" content=\"2025-09-24T17:08:41+00:00\" \/>\n<meta property=\"og:image\" content=\"https:\/\/voz4all.com\/wp-content\/uploads\/2025\/09\/Captura-de-pantalla-2025-09-24-a-las-1.36.48-1024x1010.png\" \/>\n\t<meta property=\"og:image:width\" content=\"1024\" \/>\n\t<meta property=\"og:image:height\" content=\"1010\" \/>\n\t<meta property=\"og:image:type\" content=\"image\/png\" \/>\n<meta name=\"twitter:card\" content=\"summary_large_image\" \/>\n<meta name=\"twitter:label1\" content=\"Tiempo de lectura\" \/>\n\t<meta name=\"twitter:data1\" content=\"1 minuto\" \/>\n<script type=\"application\/ld+json\" class=\"yoast-schema-graph\">{\"@context\":\"https:\\\/\\\/schema.org\",\"@graph\":[{\"@type\":\"WebPage\",\"@id\":\"https:\\\/\\\/voz4all.com\\\/index.php\\\/llaves-para-desbloquear-tus-agudos\\\/\",\"url\":\"https:\\\/\\\/voz4all.com\\\/index.php\\\/llaves-para-desbloquear-tus-agudos\\\/\",\"name\":\"LLAVES PARA DESBLOQUEAR TUS AGUDOS - Academia Europea del Arte Vocal\",\"isPartOf\":{\"@id\":\"https:\\\/\\\/voz4all.com\\\/#website\"},\"primaryImageOfPage\":{\"@id\":\"https:\\\/\\\/voz4all.com\\\/index.php\\\/llaves-para-desbloquear-tus-agudos\\\/#primaryimage\"},\"image\":{\"@id\":\"https:\\\/\\\/voz4all.com\\\/index.php\\\/llaves-para-desbloquear-tus-agudos\\\/#primaryimage\"},\"thumbnailUrl\":\"https:\\\/\\\/voz4all.com\\\/wp-content\\\/uploads\\\/2025\\\/09\\\/Captura-de-pantalla-2025-09-24-a-las-1.36.48.png\",\"datePublished\":\"2025-09-23T23:46:17+00:00\",\"dateModified\":\"2025-09-24T17:08:41+00:00\",\"breadcrumb\":{\"@id\":\"https:\\\/\\\/voz4all.com\\\/index.php\\\/llaves-para-desbloquear-tus-agudos\\\/#breadcrumb\"},\"inLanguage\":\"es\",\"potentialAction\":[{\"@type\":\"ReadAction\",\"target\":[\"https:\\\/\\\/voz4all.com\\\/index.php\\\/llaves-para-desbloquear-tus-agudos\\\/\"]}]},{\"@type\":\"ImageObject\",\"inLanguage\":\"es\",\"@id\":\"https:\\\/\\\/voz4all.com\\\/index.php\\\/llaves-para-desbloquear-tus-agudos\\\/#primaryimage\",\"url\":\"https:\\\/\\\/voz4all.com\\\/wp-content\\\/uploads\\\/2025\\\/09\\\/Captura-de-pantalla-2025-09-24-a-las-1.36.48.png\",\"contentUrl\":\"https:\\\/\\\/voz4all.com\\\/wp-content\\\/uploads\\\/2025\\\/09\\\/Captura-de-pantalla-2025-09-24-a-las-1.36.48.png\",\"width\":1200,\"height\":1184},{\"@type\":\"BreadcrumbList\",\"@id\":\"https:\\\/\\\/voz4all.com\\\/index.php\\\/llaves-para-desbloquear-tus-agudos\\\/#breadcrumb\",\"itemListElement\":[{\"@type\":\"ListItem\",\"position\":1,\"name\":\"Portada\",\"item\":\"https:\\\/\\\/voz4all.com\\\/\"},{\"@type\":\"ListItem\",\"position\":2,\"name\":\"LLAVES PARA DESBLOQUEAR TUS AGUDOS\"}]},{\"@type\":\"WebSite\",\"@id\":\"https:\\\/\\\/voz4all.com\\\/#website\",\"url\":\"https:\\\/\\\/voz4all.com\\\/\",\"name\":\"Academia Europea del Arte Vocal\",\"description\":\"Academia de Alto Rendimiento para la Voz y sus profesionales\",\"publisher\":{\"@id\":\"https:\\\/\\\/voz4all.com\\\/#organization\"},\"potentialAction\":[{\"@type\":\"SearchAction\",\"target\":{\"@type\":\"EntryPoint\",\"urlTemplate\":\"https:\\\/\\\/voz4all.com\\\/?s={search_term_string}\"},\"query-input\":{\"@type\":\"PropertyValueSpecification\",\"valueRequired\":true,\"valueName\":\"search_term_string\"}}],\"inLanguage\":\"es\"},{\"@type\":\"Organization\",\"@id\":\"https:\\\/\\\/voz4all.com\\\/#organization\",\"name\":\"Academia Europea del Arte Vocal\",\"url\":\"https:\\\/\\\/voz4all.com\\\/\",\"logo\":{\"@type\":\"ImageObject\",\"inLanguage\":\"es\",\"@id\":\"https:\\\/\\\/voz4all.com\\\/#\\\/schema\\\/logo\\\/image\\\/\",\"url\":\"https:\\\/\\\/voz4all.com\\\/wp-content\\\/uploads\\\/2021\\\/08\\\/cropped-AEAV-LOGO-OK-2021-08-15-a-las-1.31.50.png\",\"contentUrl\":\"https:\\\/\\\/voz4all.com\\\/wp-content\\\/uploads\\\/2021\\\/08\\\/cropped-AEAV-LOGO-OK-2021-08-15-a-las-1.31.50.png\",\"width\":942,\"height\":846,\"caption\":\"Academia Europea del Arte Vocal\"},\"image\":{\"@id\":\"https:\\\/\\\/voz4all.com\\\/#\\\/schema\\\/logo\\\/image\\\/\"}}]}<\/script>\n<!-- \/ Yoast SEO plugin. -->","yoast_head_json":{"title":"LLAVES PARA DESBLOQUEAR TUS AGUDOS - Academia Europea del Arte Vocal","robots":{"index":"index","follow":"follow","max-snippet":"max-snippet:-1","max-image-preview":"max-image-preview:large","max-video-preview":"max-video-preview:-1"},"canonical":"https:\/\/voz4all.com\/index.php\/llaves-para-desbloquear-tus-agudos\/","og_locale":"es_ES","og_type":"article","og_title":"LLAVES PARA DESBLOQUEAR TUS AGUDOS - Academia Europea del Arte Vocal","og_description":"3 Llaves Secretas para Desbloquear tus Agudos \u2014 Pilar Jurado VOCALPOWER \u00b7 Recurso descargable 3 Llaves Secretas para Desbloquear tus Agudos Descarga la micro-gu\u00eda y prep\u00e1rate para el directo especial de agudos. Adem\u00e1s, ll\u00e9vate un An\u00e1lisis Vocal Expr\u00e9s para dise\u00f1ar tu pr\u00f3ximo salto de rango. \ud83d\udce5 Descargar PDF \u25b6 Ver el Directo \u2728 Quiero mi [&hellip;]","og_url":"https:\/\/voz4all.com\/index.php\/llaves-para-desbloquear-tus-agudos\/","og_site_name":"Academia Europea del Arte Vocal","article_modified_time":"2025-09-24T17:08:41+00:00","og_image":[{"width":1024,"height":1010,"url":"https:\/\/voz4all.com\/wp-content\/uploads\/2025\/09\/Captura-de-pantalla-2025-09-24-a-las-1.36.48-1024x1010.png","type":"image\/png"}],"twitter_card":"summary_large_image","twitter_misc":{"Tiempo de lectura":"1 minuto"},"schema":{"@context":"https:\/\/schema.org","@graph":[{"@type":"WebPage","@id":"https:\/\/voz4all.com\/index.php\/llaves-para-desbloquear-tus-agudos\/","url":"https:\/\/voz4all.com\/index.php\/llaves-para-desbloquear-tus-agudos\/","name":"LLAVES PARA DESBLOQUEAR TUS AGUDOS - Academia Europea del Arte Vocal","isPartOf":{"@id":"https:\/\/voz4all.com\/#website"},"primaryImageOfPage":{"@id":"https:\/\/voz4all.com\/index.php\/llaves-para-desbloquear-tus-agudos\/#primaryimage"},"image":{"@id":"https:\/\/voz4all.com\/index.php\/llaves-para-desbloquear-tus-agudos\/#primaryimage"},"thumbnailUrl":"https:\/\/voz4all.com\/wp-content\/uploads\/2025\/09\/Captura-de-pantalla-2025-09-24-a-las-1.36.48.png","datePublished":"2025-09-23T23:46:17+00:00","dateModified":"2025-09-24T17:08:41+00:00","breadcrumb":{"@id":"https:\/\/voz4all.com\/index.php\/llaves-para-desbloquear-tus-agudos\/#breadcrumb"},"inLanguage":"es","potentialAction":[{"@type":"ReadAction","target":["https:\/\/voz4all.com\/index.php\/llaves-para-desbloquear-tus-agudos\/"]}]},{"@type":"ImageObject","inLanguage":"es","@id":"https:\/\/voz4all.com\/index.php\/llaves-para-desbloquear-tus-agudos\/#primaryimage","url":"https:\/\/voz4all.com\/wp-content\/uploads\/2025\/09\/Captura-de-pantalla-2025-09-24-a-las-1.36.48.png","contentUrl":"https:\/\/voz4all.com\/wp-content\/uploads\/2025\/09\/Captura-de-pantalla-2025-09-24-a-las-1.36.48.png","width":1200,"height":1184},{"@type":"BreadcrumbList","@id":"https:\/\/voz4all.com\/index.php\/llaves-para-desbloquear-tus-agudos\/#breadcrumb","itemListElement":[{"@type":"ListItem","position":1,"name":"Portada","item":"https:\/\/voz4all.com\/"},{"@type":"ListItem","position":2,"name":"LLAVES PARA DESBLOQUEAR TUS AGUDOS"}]},{"@type":"WebSite","@id":"https:\/\/voz4all.com\/#website","url":"https:\/\/voz4all.com\/","name":"Academia Europea del Arte Vocal","description":"Academia de Alto Rendimiento para la Voz y sus profesionales","publisher":{"@id":"https:\/\/voz4all.com\/#organization"},"potentialAction":[{"@type":"SearchAction","target":{"@type":"EntryPoint","urlTemplate":"https:\/\/voz4all.com\/?s={search_term_string}"},"query-input":{"@type":"PropertyValueSpecification","valueRequired":true,"valueName":"search_term_string"}}],"inLanguage":"es"},{"@type":"Organization","@id":"https:\/\/voz4all.com\/#organization","name":"Academia Europea del Arte Vocal","url":"https:\/\/voz4all.com\/","logo":{"@type":"ImageObject","inLanguage":"es","@id":"https:\/\/voz4all.com\/#\/schema\/logo\/image\/","url":"https:\/\/voz4all.com\/wp-content\/uploads\/2021\/08\/cropped-AEAV-LOGO-OK-2021-08-15-a-las-1.31.50.png","contentUrl":"https:\/\/voz4all.com\/wp-content\/uploads\/2021\/08\/cropped-AEAV-LOGO-OK-2021-08-15-a-las-1.31.50.png","width":942,"height":846,"caption":"Academia Europea del Arte Vocal"},"image":{"@id":"https:\/\/voz4all.com\/#\/schema\/logo\/image\/"}}]}},"_links":{"self":[{"href":"https:\/\/voz4all.com\/index.php\/wp-json\/wp\/v2\/pages\/8273","targetHints":{"allow":["GET"]}}],"collection":[{"href":"https:\/\/voz4all.com\/index.php\/wp-json\/wp\/v2\/pages"}],"about":[{"href":"https:\/\/voz4all.com\/index.php\/wp-json\/wp\/v2\/types\/page"}],"author":[{"embeddable":true,"href":"https:\/\/voz4all.com\/index.php\/wp-json\/wp\/v2\/users\/1"}],"replies":[{"embeddable":true,"href":"https:\/\/voz4all.com\/index.php\/wp-json\/wp\/v2\/comments?post=8273"}],"version-history":[{"count":4,"href":"https:\/\/voz4all.com\/index.php\/wp-json\/wp\/v2\/pages\/8273\/revisions"}],"predecessor-version":[{"id":8280,"href":"https:\/\/voz4all.com\/index.php\/wp-json\/wp\/v2\/pages\/8273\/revisions\/8280"}],"wp:featuredmedia":[{"embeddable":true,"href":"https:\/\/voz4all.com\/index.php\/wp-json\/wp\/v2\/media\/8278"}],"wp:attachment":[{"href":"https:\/\/voz4all.com\/index.php\/wp-json\/wp\/v2\/media?parent=8273"}],"curies":[{"name":"wp","href":"https:\/\/api.w.org\/{rel}","templated":true}]}}