{"id":8431,"date":"2026-03-25T18:04:06","date_gmt":"2026-03-25T17:04:06","guid":{"rendered":"https:\/\/voz4all.com\/?page_id=8431"},"modified":"2026-03-31T20:27:29","modified_gmt":"2026-03-31T19:27:29","slug":"reset-vocal-experience","status":"publish","type":"page","link":"https:\/\/voz4all.com\/index.php\/reset-vocal-experience\/","title":{"rendered":"RESET VOCAL EXPERIENCE"},"content":{"rendered":"\n<div id=\"reset-vocal-experience\" class=\"rv-wrap\">\n  <div class=\"rv-screen rv-active\" data-step=\"1\">\n    <div class=\"rv-card\">\n      <div class=\"rv-progress\"><span style=\"width:10%\"><\/span><\/div>\n      <h2>\u00bfQu\u00e9 est\u00e1 bloqueando tu voz?<\/h2>\n      <p>Responde a estas preguntas y te ayudar\u00e9 a entender qu\u00e9 est\u00e1 pasando realmente en tu voz.<\/p>\n      <button class=\"rv-btn rv-next\">EMPEZAR<\/button>\n    <\/div>\n  <\/div>\n\n  <div class=\"rv-screen\" data-step=\"2\">\n    <div class=\"rv-card\">\n      <div class=\"rv-progress\"><span style=\"width:20%\"><\/span><\/div>\n      <h2>Cuando cantas, lo m\u00e1s habitual es que\u2026<\/h2>\n\n<div class=\"rv-options\">\n<button class=\"rv-option\">Sienta que mi voz se cansa antes de lo que deber\u00eda<\/button>\n<button class=\"rv-option\">No consiga controlar el sonido como me gustar\u00eda<\/button>\n<button class=\"rv-option\">No note una evoluci\u00f3n clara aunque practique<\/button>\n<button class=\"rv-option\">Dude de mi voz o no conf\u00ede en ella<\/button>\n<button class=\"rv-option\">Mi voz funciona, pero siento que podr\u00eda dar m\u00e1s<\/button>\n<\/div>\n    <\/div>\n  <\/div>\n\n  <div class=\"rv-screen\" data-step=\"3\">\n    <div class=\"rv-card\">\n      <div class=\"rv-progress\"><span style=\"width:30%\"><\/span><\/div>\n      <h2>Esto es mucho m\u00e1s com\u00fan de lo que imaginas.<\/h2>\n      <p>La mayor\u00eda de los cantantes no tienen un problema de voz.<\/p>\n      <p><strong>Tienen un desajuste en c\u00f3mo la est\u00e1n trabajando.<\/strong><\/p>\n      <p>Y esto no solo ocurre cuando la voz falla.<\/p>\n      <p>Tambi\u00e9n ocurre cuando la voz funciona\u2026 pero no est\u00e1 en su m\u00e1ximo potencial.<\/p>\n      <button class=\"rv-btn rv-next\">CONTINUAR<\/button>\n    <\/div>\n  <\/div>\n\n  <div class=\"rv-screen\" data-step=\"4\">\n    <div class=\"rv-card\">\n      <div class=\"rv-progress\"><span style=\"width:40%\"><\/span><\/div>\n      <h2>Cuando algo no sale como esperas, lo m\u00e1s habitual es que\u2026<\/h2>\n      <div class=\"rv-options\">\n        <button class=\"rv-option\">Haga m\u00e1s esfuerzo para intentar sacarlo<\/button>\n        <button class=\"rv-option\">Pruebe diferentes cosas sin saber exactamente qu\u00e9 cambiar<\/button>\n        <button class=\"rv-option\">Repita una y otra vez esperando que mejore<\/button>\n        <button class=\"rv-option\">Me frustre o desconecte<\/button>\n      <\/div>\n    <\/div>\n  <\/div>\n\n  <div class=\"rv-screen\" data-step=\"5\">\n    <div class=\"rv-card\">\n      <div class=\"rv-progress\"><span style=\"width:50%\"><\/span><\/div>\n      <h2>Aqu\u00ed est\u00e1 una de las claves.<\/h2>\n      <p>Tu voz no responde solo a lo que haces\u2026<\/p>\n      <p><strong>Responde a c\u00f3mo lo haces.<\/strong><\/p>\n      <button class=\"rv-btn rv-next\">CONTINUAR<\/button>\n    <\/div>\n  <\/div>\n\n  <div class=\"rv-screen\" data-step=\"6\">\n    <div class=\"rv-card\">\n      <div class=\"rv-progress\"><span style=\"width:60%\"><\/span><\/div>\n      <h2>Si pudieras mejorar una sola cosa de tu voz ahora mismo, ser\u00eda\u2026<\/h2>\n\n<div class=\"rv-options\">\n<button class=\"rv-option\">Que no se cansara<\/button>\n<button class=\"rv-option\">Tener m\u00e1s control<\/button>\n<button class=\"rv-option\">Notar que realmente avanzo<\/button>\n<button class=\"rv-option\">Sentirme seguro\/a al cantar<\/button>\n<button class=\"rv-option\">Sacar todo el potencial que siento que tengo<\/button>\n<\/div>\n    <\/div>\n  <\/div>\n\n  <div class=\"rv-screen\" data-step=\"7\">\n    <div class=\"rv-card\">\n      <div class=\"rv-progress\"><span style=\"width:70%\"><\/span><\/div>\n      <h2>Lo que est\u00e1s experimentando tiene sentido.<\/h2>\n      <p>No es falta de talento.<\/p>\n      <p><strong>Es una cuesti\u00f3n de organizaci\u00f3n y entrenamiento.<\/strong><\/p>\n      <button class=\"rv-btn rv-next\">CONTINUAR<\/button>\n    <\/div>\n  <\/div>\n\n  <div class=\"rv-screen\" data-step=\"8\">\n    <div class=\"rv-card\">\n      <div class=\"rv-progress\"><span style=\"width:80%\"><\/span><\/div>\n      <h2>Tu voz no est\u00e1 fallando.<\/h2>\n\n<p>Pero tampoco est\u00e1 trabajando en su m\u00e1ximo nivel.<\/p>\n\n<p>Est\u00e1 funcionando con patrones que limitan lo que realmente podr\u00eda dar.<\/p>\n\n<p>Por eso puedes sentir:<\/p>\n\n<ul class=\"rv-list\">\n<li>cansancio<\/li>\n<li>falta de control<\/li>\n<li>estancamiento<\/li>\n<li>inseguridad<\/li>\n<\/ul>\n\n<p>o simplemente que podr\u00edas dar m\u00e1s de lo que est\u00e1s dando ahora.<\/p>\n\n<p><strong>La buena noticia es que esto se puede cambiar.<\/strong><\/p>\n\n<button class=\"rv-btn rv-next\">CONTINUAR<\/button>\n    <\/div>\n  <\/div>\n\n  <div class=\"rv-screen\" data-step=\"9\">\n    <div class=\"rv-card\">\n      <div class=\"rv-progress\"><span style=\"width:90%\"><\/span><\/div>\n      <h2>Y no necesitas hacer m\u00e1s.<\/h2>\n      <p class=\"rv-big\"><strong>Necesitas trabajar mejor.<\/strong><\/p>\n      <button class=\"rv-btn rv-next\">CONTINUAR<\/button>\n    <\/div>\n  <\/div>\n\n  <div class=\"rv-screen\" data-step=\"10\">\n    <div class=\"rv-card rv-offer\">\n      <div class=\"rv-progress\"><span style=\"width:100%\"><\/span><\/div>\n      <p class=\"rv-kicker\">Por eso he creado:<\/p>\n\n<h2>RESET VOCAL<\/h2>\n\n<h3>Recupera tu verdadera voz en 2 d\u00edas<\/h3>\n\n<p>Un espacio para reorganizar, afinar y poner a punto tu voz.<\/p>\n\n<p>No solo si sientes que algo falla\u2026<\/p>\n\n<p><strong>sino tambi\u00e9n si sabes que tu voz puede dar mucho m\u00e1s.<\/strong><\/p>\n\n<ul class=\"rv-list\">\n<li>reorganizar tu voz<\/li>\n<li>recuperar el control<\/li>\n<li>volver a conectar con ella<\/li>\n<\/ul>\n\n<p class=\"rv-date\">\ud83d\udcc5 8 y 9 de abril<br>\ud83c\udfa4 En directo<\/p>\n\n<a class=\"rv-btn rv-cta\" href=\"https:\/\/mailchi.mp\/voz4all\/reset-vocal\">QUIERO HACER MI RESET VOCAL<\/a>\n    <\/div>\n  <\/div>\n<\/div>\n\n<style>\n  #reset-vocal-experience.rv-wrap {\n    --rv-bg: #0f172a;\n    --rv-bg-2: #111827;\n    --rv-card: rgba(17, 24, 39, 0.88);\n    --rv-text: #f8fafc;\n    --rv-muted: #cbd5e1;\n    --rv-accent: #d4af37;\n    --rv-accent-2: #f4d67a;\n    --rv-border: rgba(212, 175, 55, 0.28);\n    --rv-shadow: 0 20px 60px rgba(0, 0, 0, 0.35);\n    font-family: inherit;\n    color: var(--rv-text);\n    background:\n      radial-gradient(circle at top, rgba(212,175,55,0.10), transparent 32%),\n      linear-gradient(180deg, var(--rv-bg), var(--rv-bg-2));\n    border-radius: 24px;\n    overflow: hidden;\n    position: relative;\n    min-height: 82vh;\n  }\n\n  #reset-vocal-experience .rv-screen {\n    display: none;\n    min-height: 82vh;\n    padding: 40px 20px;\n    align-items: center;\n    justify-content: center;\n    animation: rvFade .45s ease;\n  }\n\n  #reset-vocal-experience .rv-screen.rv-active {\n    display: flex;\n  }\n\n  #reset-vocal-experience .rv-card {\n    width: 100%;\n    max-width: 760px;\n    background: var(--rv-card);\n    border: 1px solid var(--rv-border);\n    border-radius: 24px;\n    box-shadow: var(--rv-shadow);\n    padding: 32px 24px;\n    backdrop-filter: blur(8px);\n    text-align: center;\n  }\n\n  #reset-vocal-experience .rv-progress {\n    width: 100%;\n    height: 8px;\n    background: rgba(255,255,255,0.08);\n    border-radius: 999px;\n    overflow: hidden;\n    margin-bottom: 28px;\n  }\n\n  #reset-vocal-experience .rv-progress span {\n    display: block;\n    height: 100%;\n    background: linear-gradient(90deg, var(--rv-accent), var(--rv-accent-2));\n    border-radius: 999px;\n  }\n\n  #reset-vocal-experience h2 {\n    font-size: clamp(28px, 4vw, 44px);\n    line-height: 1.1;\n    margin: 0 0 18px;\n    color: var(--rv-text);\n  }\n\n  #reset-vocal-experience h3 {\n    font-size: clamp(22px, 3vw, 30px);\n    line-height: 1.2;\n    margin: 0 0 18px;\n    color: var(--rv-accent-2);\n    font-weight: 600;\n  }\n\n  #reset-vocal-experience p,\n  #reset-vocal-experience li {\n    font-size: clamp(17px, 2vw, 21px);\n    line-height: 1.55;\n    color: var(--rv-muted);\n  }\n\n  #reset-vocal-experience .rv-big {\n    font-size: clamp(24px, 3vw, 34px);\n    color: var(--rv-text);\n    margin-top: 10px;\n  }\n\n  #reset-vocal-experience .rv-kicker {\n    text-transform: uppercase;\n    letter-spacing: 0.12em;\n    font-size: 13px;\n    color: var(--rv-accent-2);\n    margin-bottom: 8px;\n  }\n\n  #reset-vocal-experience .rv-options {\n    display: grid;\n    gap: 14px;\n    margin-top: 22px;\n  }\n\n  #reset-vocal-experience .rv-option,\n  #reset-vocal-experience .rv-btn {\n    appearance: none;\n    border: 1px solid var(--rv-border);\n    background: rgba(255,255,255,0.04);\n    color: var(--rv-text);\n    border-radius: 16px;\n    padding: 16px 18px;\n    font-size: 18px;\n    line-height: 1.35;\n    cursor: pointer;\n    transition: transform .18s ease, background .18s ease, border-color .18s ease, box-shadow .18s ease;\n    text-decoration: none;\n    display: inline-flex;\n    align-items: center;\n    justify-content: center;\n  }\n\n  #reset-vocal-experience .rv-option:hover,\n  #reset-vocal-experience .rv-option:focus,\n  #reset-vocal-experience .rv-btn:hover,\n  #reset-vocal-experience .rv-btn:focus {\n    transform: translateY(-1px);\n    background: rgba(212,175,55,0.12);\n    border-color: rgba(212,175,55,0.55);\n    box-shadow: 0 10px 24px rgba(0,0,0,0.18);\n    outline: none;\n  }\n\n  #reset-vocal-experience .rv-btn {\n    margin-top: 18px;\n    min-width: 220px;\n    font-weight: 700;\n  }\n\n  #reset-vocal-experience .rv-cta {\n    background: linear-gradient(90deg, var(--rv-accent), var(--rv-accent-2));\n    color: #111827;\n    border: none;\n    font-weight: 800;\n  }\n\n  #reset-vocal-experience .rv-list {\n    list-style: none;\n    padding: 0;\n    margin: 18px 0;\n  }\n\n  #reset-vocal-experience .rv-list li {\n    margin: 8px 0;\n  }\n\n  #reset-vocal-experience .rv-date {\n    margin: 18px 0 8px;\n    color: var(--rv-text);\n    font-weight: 800;\n  }\n\n  @keyframes rvFade {\n    from { opacity: 0; transform: translateY(8px); }\n    to { opacity: 1; transform: translateY(0); }\n  }\n\n  @media (max-width: 767px) {\n    #reset-vocal-experience.rv-wrap,\n    #reset-vocal-experience .rv-screen {\n      min-height: 76vh;\n    }\n\n    #reset-vocal-experience .rv-card {\n      padding: 24px 18px;\n      border-radius: 20px;\n    }\n\n    #reset-vocal-experience .rv-option,\n    #reset-vocal-experience .rv-btn {\n      font-size: 17px;\n      padding: 15px 14px;\n    }\n  }\n<\/style>\n\n<script>\n  (function () {\n    const wrap = document.getElementById('reset-vocal-experience');\n    if (!wrap) return;\n\n    const screens = Array.from(wrap.querySelectorAll('.rv-screen'));\n    let current = 0;\n\n    function showScreen(index) {\n      screens.forEach((screen, i) => {\n        screen.classList.toggle('rv-active', i === index);\n      });\n      current = index;\n      wrap.scrollIntoView({ behavior: 'smooth', block: 'start' });\n    }\n\n    wrap.querySelectorAll('.rv-next').forEach(btn => {\n      btn.addEventListener('click', function () {\n        if (current < screens.length - 1) {\n          showScreen(current + 1);\n        }\n      });\n    });\n\n    wrap.querySelectorAll('.rv-option').forEach(btn => {\n      btn.addEventListener('click', function () {\n        btn.classList.add('rv-selected');\n        setTimeout(() => {\n          if (current < screens.length - 1) {\n            showScreen(current + 1);\n          }\n        }, 180);\n      });\n    });\n  })();\n<\/script>\n","protected":false},"excerpt":{"rendered":"<p>\u00bfQu\u00e9 est\u00e1 bloqueando tu voz? Responde a estas preguntas y te ayudar\u00e9 a entender qu\u00e9 est\u00e1 pasando realmente en tu voz. EMPEZAR Cuando cantas, lo m\u00e1s habitual es que\u2026 Sienta que mi voz se cansa antes de lo que deber\u00eda No consiga controlar el sonido como me gustar\u00eda No note una evoluci\u00f3n clara aunque practique [&hellip;]<\/p>\n","protected":false},"author":1,"featured_media":8433,"parent":0,"menu_order":0,"comment_status":"closed","ping_status":"closed","template":"","meta":{"site-sidebar-layout":"default","site-content-layout":"","ast-site-content-layout":"default","site-content-style":"default","site-sidebar-style":"default","ast-global-header-display":"","ast-banner-title-visibility":"","ast-main-header-display":"","ast-hfb-above-header-display":"","ast-hfb-below-header-display":"","ast-hfb-mobile-header-display":"","site-post-title":"","ast-breadcrumbs-content":"","ast-featured-img":"","footer-sml-layout":"","ast-disable-related-posts":"","theme-transparent-header-meta":"","adv-header-id-meta":"","stick-header-meta":"","header-above-stick-meta":"","header-main-stick-meta":"","header-below-stick-meta":"","astra-migrate-meta-layouts":"set","ast-page-background-enabled":"default","ast-page-background-meta":{"desktop":{"background-color":"","background-image":"","background-repeat":"repeat","background-position":"center center","background-size":"auto","background-attachment":"scroll","background-type":"","background-media":"","overlay-type":"","overlay-color":"","overlay-opacity":"","overlay-gradient":""},"tablet":{"background-color":"","background-image":"","background-repeat":"repeat","background-position":"center center","background-size":"auto","background-attachment":"scroll","background-type":"","background-media":"","overlay-type":"","overlay-color":"","overlay-opacity":"","overlay-gradient":""},"mobile":{"background-color":"","background-image":"","background-repeat":"repeat","background-position":"center center","background-size":"auto","background-attachment":"scroll","background-type":"","background-media":"","overlay-type":"","overlay-color":"","overlay-opacity":"","overlay-gradient":""}},"ast-content-background-meta":{"desktop":{"background-color":"var(--ast-global-color-5)","background-image":"","background-repeat":"repeat","background-position":"center center","background-size":"auto","background-attachment":"scroll","background-type":"","background-media":"","overlay-type":"","overlay-color":"","overlay-opacity":"","overlay-gradient":""},"tablet":{"background-color":"var(--ast-global-color-5)","background-image":"","background-repeat":"repeat","background-position":"center center","background-size":"auto","background-attachment":"scroll","background-type":"","background-media":"","overlay-type":"","overlay-color":"","overlay-opacity":"","overlay-gradient":""},"mobile":{"background-color":"var(--ast-global-color-5)","background-image":"","background-repeat":"repeat","background-position":"center center","background-size":"auto","background-attachment":"scroll","background-type":"","background-media":"","overlay-type":"","overlay-color":"","overlay-opacity":"","overlay-gradient":""}},"footnotes":""},"class_list":["post-8431","page","type-page","status-publish","has-post-thumbnail","hentry"],"yoast_head":"<!-- This site is optimized with the Yoast SEO plugin v27.3 - https:\/\/yoast.com\/product\/yoast-seo-wordpress\/ -->\n<title>RESET VOCAL EXPERIENCE - Academia Europea del Arte Vocal<\/title>\n<meta name=\"robots\" content=\"index, follow, max-snippet:-1, max-image-preview:large, max-video-preview:-1\" \/>\n<link rel=\"canonical\" href=\"https:\/\/voz4all.com\/index.php\/reset-vocal-experience\/\" \/>\n<meta property=\"og:locale\" content=\"es_ES\" \/>\n<meta property=\"og:type\" content=\"article\" \/>\n<meta property=\"og:title\" content=\"RESET VOCAL EXPERIENCE - Academia Europea del Arte Vocal\" \/>\n<meta property=\"og:description\" content=\"\u00bfQu\u00e9 est\u00e1 bloqueando tu voz? Responde a estas preguntas y te ayudar\u00e9 a entender qu\u00e9 est\u00e1 pasando realmente en tu voz. EMPEZAR Cuando cantas, lo m\u00e1s habitual es que\u2026 Sienta que mi voz se cansa antes de lo que deber\u00eda No consiga controlar el sonido como me gustar\u00eda No note una evoluci\u00f3n clara aunque practique [&hellip;]\" \/>\n<meta property=\"og:url\" content=\"https:\/\/voz4all.com\/index.php\/reset-vocal-experience\/\" \/>\n<meta property=\"og:site_name\" content=\"Academia Europea del Arte Vocal\" \/>\n<meta property=\"article:modified_time\" content=\"2026-03-31T19:27:29+00:00\" \/>\n<meta property=\"og:image\" content=\"https:\/\/voz4all.com\/wp-content\/uploads\/2026\/03\/Portada-RESET-VOCAL-EXPERIENCE.001.jpeg\" \/>\n\t<meta property=\"og:image:width\" content=\"800\" \/>\n\t<meta property=\"og:image:height\" content=\"800\" \/>\n\t<meta property=\"og:image:type\" content=\"image\/jpeg\" \/>\n<meta name=\"twitter:card\" content=\"summary_large_image\" \/>\n<meta name=\"twitter:label1\" content=\"Tiempo de lectura\" \/>\n\t<meta name=\"twitter:data1\" content=\"2 minutos\" \/>\n<script type=\"application\/ld+json\" class=\"yoast-schema-graph\">{\"@context\":\"https:\\\/\\\/schema.org\",\"@graph\":[{\"@type\":\"WebPage\",\"@id\":\"https:\\\/\\\/voz4all.com\\\/index.php\\\/reset-vocal-experience\\\/\",\"url\":\"https:\\\/\\\/voz4all.com\\\/index.php\\\/reset-vocal-experience\\\/\",\"name\":\"RESET VOCAL EXPERIENCE - Academia Europea del Arte Vocal\",\"isPartOf\":{\"@id\":\"https:\\\/\\\/voz4all.com\\\/#website\"},\"primaryImageOfPage\":{\"@id\":\"https:\\\/\\\/voz4all.com\\\/index.php\\\/reset-vocal-experience\\\/#primaryimage\"},\"image\":{\"@id\":\"https:\\\/\\\/voz4all.com\\\/index.php\\\/reset-vocal-experience\\\/#primaryimage\"},\"thumbnailUrl\":\"https:\\\/\\\/voz4all.com\\\/wp-content\\\/uploads\\\/2026\\\/03\\\/Portada-RESET-VOCAL-EXPERIENCE.001.jpeg\",\"datePublished\":\"2026-03-25T17:04:06+00:00\",\"dateModified\":\"2026-03-31T19:27:29+00:00\",\"breadcrumb\":{\"@id\":\"https:\\\/\\\/voz4all.com\\\/index.php\\\/reset-vocal-experience\\\/#breadcrumb\"},\"inLanguage\":\"es\",\"potentialAction\":[{\"@type\":\"ReadAction\",\"target\":[\"https:\\\/\\\/voz4all.com\\\/index.php\\\/reset-vocal-experience\\\/\"]}]},{\"@type\":\"ImageObject\",\"inLanguage\":\"es\",\"@id\":\"https:\\\/\\\/voz4all.com\\\/index.php\\\/reset-vocal-experience\\\/#primaryimage\",\"url\":\"https:\\\/\\\/voz4all.com\\\/wp-content\\\/uploads\\\/2026\\\/03\\\/Portada-RESET-VOCAL-EXPERIENCE.001.jpeg\",\"contentUrl\":\"https:\\\/\\\/voz4all.com\\\/wp-content\\\/uploads\\\/2026\\\/03\\\/Portada-RESET-VOCAL-EXPERIENCE.001.jpeg\",\"width\":800,\"height\":800},{\"@type\":\"BreadcrumbList\",\"@id\":\"https:\\\/\\\/voz4all.com\\\/index.php\\\/reset-vocal-experience\\\/#breadcrumb\",\"itemListElement\":[{\"@type\":\"ListItem\",\"position\":1,\"name\":\"Portada\",\"item\":\"https:\\\/\\\/voz4all.com\\\/\"},{\"@type\":\"ListItem\",\"position\":2,\"name\":\"RESET VOCAL EXPERIENCE\"}]},{\"@type\":\"WebSite\",\"@id\":\"https:\\\/\\\/voz4all.com\\\/#website\",\"url\":\"https:\\\/\\\/voz4all.com\\\/\",\"name\":\"Academia Europea del Arte Vocal\",\"description\":\"Academia de Alto Rendimiento para la Voz y sus profesionales\",\"publisher\":{\"@id\":\"https:\\\/\\\/voz4all.com\\\/#organization\"},\"potentialAction\":[{\"@type\":\"SearchAction\",\"target\":{\"@type\":\"EntryPoint\",\"urlTemplate\":\"https:\\\/\\\/voz4all.com\\\/?s={search_term_string}\"},\"query-input\":{\"@type\":\"PropertyValueSpecification\",\"valueRequired\":true,\"valueName\":\"search_term_string\"}}],\"inLanguage\":\"es\"},{\"@type\":\"Organization\",\"@id\":\"https:\\\/\\\/voz4all.com\\\/#organization\",\"name\":\"Academia Europea del Arte Vocal\",\"url\":\"https:\\\/\\\/voz4all.com\\\/\",\"logo\":{\"@type\":\"ImageObject\",\"inLanguage\":\"es\",\"@id\":\"https:\\\/\\\/voz4all.com\\\/#\\\/schema\\\/logo\\\/image\\\/\",\"url\":\"https:\\\/\\\/voz4all.com\\\/wp-content\\\/uploads\\\/2021\\\/08\\\/cropped-AEAV-LOGO-OK-2021-08-15-a-las-1.31.50.png\",\"contentUrl\":\"https:\\\/\\\/voz4all.com\\\/wp-content\\\/uploads\\\/2021\\\/08\\\/cropped-AEAV-LOGO-OK-2021-08-15-a-las-1.31.50.png\",\"width\":942,\"height\":846,\"caption\":\"Academia Europea del Arte Vocal\"},\"image\":{\"@id\":\"https:\\\/\\\/voz4all.com\\\/#\\\/schema\\\/logo\\\/image\\\/\"}}]}<\/script>\n<!-- \/ Yoast SEO plugin. -->","yoast_head_json":{"title":"RESET VOCAL EXPERIENCE - Academia Europea del Arte Vocal","robots":{"index":"index","follow":"follow","max-snippet":"max-snippet:-1","max-image-preview":"max-image-preview:large","max-video-preview":"max-video-preview:-1"},"canonical":"https:\/\/voz4all.com\/index.php\/reset-vocal-experience\/","og_locale":"es_ES","og_type":"article","og_title":"RESET VOCAL EXPERIENCE - Academia Europea del Arte Vocal","og_description":"\u00bfQu\u00e9 est\u00e1 bloqueando tu voz? Responde a estas preguntas y te ayudar\u00e9 a entender qu\u00e9 est\u00e1 pasando realmente en tu voz. EMPEZAR Cuando cantas, lo m\u00e1s habitual es que\u2026 Sienta que mi voz se cansa antes de lo que deber\u00eda No consiga controlar el sonido como me gustar\u00eda No note una evoluci\u00f3n clara aunque practique [&hellip;]","og_url":"https:\/\/voz4all.com\/index.php\/reset-vocal-experience\/","og_site_name":"Academia Europea del Arte Vocal","article_modified_time":"2026-03-31T19:27:29+00:00","og_image":[{"width":800,"height":800,"url":"https:\/\/voz4all.com\/wp-content\/uploads\/2026\/03\/Portada-RESET-VOCAL-EXPERIENCE.001.jpeg","type":"image\/jpeg"}],"twitter_card":"summary_large_image","twitter_misc":{"Tiempo de lectura":"2 minutos"},"schema":{"@context":"https:\/\/schema.org","@graph":[{"@type":"WebPage","@id":"https:\/\/voz4all.com\/index.php\/reset-vocal-experience\/","url":"https:\/\/voz4all.com\/index.php\/reset-vocal-experience\/","name":"RESET VOCAL EXPERIENCE - Academia Europea del Arte Vocal","isPartOf":{"@id":"https:\/\/voz4all.com\/#website"},"primaryImageOfPage":{"@id":"https:\/\/voz4all.com\/index.php\/reset-vocal-experience\/#primaryimage"},"image":{"@id":"https:\/\/voz4all.com\/index.php\/reset-vocal-experience\/#primaryimage"},"thumbnailUrl":"https:\/\/voz4all.com\/wp-content\/uploads\/2026\/03\/Portada-RESET-VOCAL-EXPERIENCE.001.jpeg","datePublished":"2026-03-25T17:04:06+00:00","dateModified":"2026-03-31T19:27:29+00:00","breadcrumb":{"@id":"https:\/\/voz4all.com\/index.php\/reset-vocal-experience\/#breadcrumb"},"inLanguage":"es","potentialAction":[{"@type":"ReadAction","target":["https:\/\/voz4all.com\/index.php\/reset-vocal-experience\/"]}]},{"@type":"ImageObject","inLanguage":"es","@id":"https:\/\/voz4all.com\/index.php\/reset-vocal-experience\/#primaryimage","url":"https:\/\/voz4all.com\/wp-content\/uploads\/2026\/03\/Portada-RESET-VOCAL-EXPERIENCE.001.jpeg","contentUrl":"https:\/\/voz4all.com\/wp-content\/uploads\/2026\/03\/Portada-RESET-VOCAL-EXPERIENCE.001.jpeg","width":800,"height":800},{"@type":"BreadcrumbList","@id":"https:\/\/voz4all.com\/index.php\/reset-vocal-experience\/#breadcrumb","itemListElement":[{"@type":"ListItem","position":1,"name":"Portada","item":"https:\/\/voz4all.com\/"},{"@type":"ListItem","position":2,"name":"RESET VOCAL EXPERIENCE"}]},{"@type":"WebSite","@id":"https:\/\/voz4all.com\/#website","url":"https:\/\/voz4all.com\/","name":"Academia Europea del Arte Vocal","description":"Academia de Alto Rendimiento para la Voz y sus profesionales","publisher":{"@id":"https:\/\/voz4all.com\/#organization"},"potentialAction":[{"@type":"SearchAction","target":{"@type":"EntryPoint","urlTemplate":"https:\/\/voz4all.com\/?s={search_term_string}"},"query-input":{"@type":"PropertyValueSpecification","valueRequired":true,"valueName":"search_term_string"}}],"inLanguage":"es"},{"@type":"Organization","@id":"https:\/\/voz4all.com\/#organization","name":"Academia Europea del Arte Vocal","url":"https:\/\/voz4all.com\/","logo":{"@type":"ImageObject","inLanguage":"es","@id":"https:\/\/voz4all.com\/#\/schema\/logo\/image\/","url":"https:\/\/voz4all.com\/wp-content\/uploads\/2021\/08\/cropped-AEAV-LOGO-OK-2021-08-15-a-las-1.31.50.png","contentUrl":"https:\/\/voz4all.com\/wp-content\/uploads\/2021\/08\/cropped-AEAV-LOGO-OK-2021-08-15-a-las-1.31.50.png","width":942,"height":846,"caption":"Academia Europea del Arte Vocal"},"image":{"@id":"https:\/\/voz4all.com\/#\/schema\/logo\/image\/"}}]}},"_links":{"self":[{"href":"https:\/\/voz4all.com\/index.php\/wp-json\/wp\/v2\/pages\/8431","targetHints":{"allow":["GET"]}}],"collection":[{"href":"https:\/\/voz4all.com\/index.php\/wp-json\/wp\/v2\/pages"}],"about":[{"href":"https:\/\/voz4all.com\/index.php\/wp-json\/wp\/v2\/types\/page"}],"author":[{"embeddable":true,"href":"https:\/\/voz4all.com\/index.php\/wp-json\/wp\/v2\/users\/1"}],"replies":[{"embeddable":true,"href":"https:\/\/voz4all.com\/index.php\/wp-json\/wp\/v2\/comments?post=8431"}],"version-history":[{"count":7,"href":"https:\/\/voz4all.com\/index.php\/wp-json\/wp\/v2\/pages\/8431\/revisions"}],"predecessor-version":[{"id":8447,"href":"https:\/\/voz4all.com\/index.php\/wp-json\/wp\/v2\/pages\/8431\/revisions\/8447"}],"wp:featuredmedia":[{"embeddable":true,"href":"https:\/\/voz4all.com\/index.php\/wp-json\/wp\/v2\/media\/8433"}],"wp:attachment":[{"href":"https:\/\/voz4all.com\/index.php\/wp-json\/wp\/v2\/media?parent=8431"}],"curies":[{"name":"wp","href":"https:\/\/api.w.org\/{rel}","templated":true}]}}