{"id":8475,"date":"2026-04-23T16:37:24","date_gmt":"2026-04-23T15:37:24","guid":{"rendered":"https:\/\/voz4all.com\/?page_id=8475"},"modified":"2026-04-23T16:38:24","modified_gmt":"2026-04-23T15:38:24","slug":"reset-vocal","status":"publish","type":"page","link":"https:\/\/voz4all.com\/index.php\/reset-vocal\/","title":{"rendered":"RESET VOCAL"},"content":{"rendered":"\n<!DOCTYPE html>\n<html lang=\"es\">\n<head>\n  <meta charset=\"UTF-8\" \/>\n  <meta name=\"viewport\" content=\"width=device-width, initial-scale=1.0\" \/>\n  <title>RESET VOCAL \u2014 Material de la Masterclass<\/title>\n  <style>\n    :root {\n      --bg: #0b0f1a;\n      --bg-soft: #12182a;\n      --gold: #d4af37;\n      --gold-soft: #f0d67a;\n      --text: #f5f1e8;\n      --muted: #cfc7b7;\n      --accent: #1f2d4d;\n    }\n\n    * {\n      box-sizing: border-box;\n    }\n\n    body {\n      margin: 0;\n      font-family: Georgia, \"Times New Roman\", serif;\n      background: radial-gradient(circle at top, #16203a 0%, var(--bg) 55%);\n      color: var(--text);\n      line-height: 1.6;\n    }\n\n    .wrapper {\n      min-height: 100vh;\n      display: flex;\n      align-items: center;\n      justify-content: center;\n      padding: 40px 20px;\n    }\n\n    .card {\n      width: 100%;\n      max-width: 820px;\n      background: rgba(18, 24, 42, 0.92);\n      border: 1px solid rgba(212, 175, 55, 0.35);\n      border-radius: 24px;\n      padding: 48px 40px;\n      box-shadow: 0 20px 60px rgba(0, 0, 0, 0.35);\n      text-align: center;\n    }\n\n    .tag {\n      display: inline-block;\n      padding: 8px 16px;\n      border: 1px solid rgba(212, 175, 55, 0.4);\n      border-radius: 999px;\n      color: var(--gold-soft);\n      font-size: 0.92rem;\n      letter-spacing: 0.08em;\n      text-transform: uppercase;\n      margin-bottom: 24px;\n    }\n\n    h1 {\n      margin: 0 0 16px;\n      font-size: clamp(2rem, 5vw, 3.4rem);\n      line-height: 1.1;\n      color: var(--gold);\n      letter-spacing: 0.02em;\n    }\n\n    .subtitle {\n      font-size: 1.18rem;\n      color: var(--text);\n      max-width: 680px;\n      margin: 0 auto 28px;\n    }\n\n    .lead {\n      color: var(--muted);\n      max-width: 690px;\n      margin: 0 auto 34px;\n      font-size: 1.04rem;\n    }\n\n    .points {\n      text-align: left;\n      max-width: 620px;\n      margin: 0 auto 34px;\n      padding: 24px;\n      background: rgba(255, 255, 255, 0.03);\n      border: 1px solid rgba(212, 175, 55, 0.18);\n      border-radius: 18px;\n    }\n\n    .points h2 {\n      margin-top: 0;\n      margin-bottom: 16px;\n      font-size: 1.2rem;\n      color: var(--gold-soft);\n    }\n\n    .points ul {\n      margin: 0;\n      padding-left: 22px;\n    }\n\n    .points li {\n      margin-bottom: 10px;\n      color: var(--text);\n    }\n\n    .buttons {\n      display: flex;\n      flex-wrap: wrap;\n      gap: 16px;\n      justify-content: center;\n      margin-top: 30px;\n    }\n\n    .btn {\n      display: inline-block;\n      padding: 16px 28px;\n      border-radius: 999px;\n      text-decoration: none;\n      font-weight: bold;\n      letter-spacing: 0.02em;\n      transition: transform 0.2s ease, box-shadow 0.2s ease, background 0.2s ease;\n    }\n\n    .btn-primary {\n      background: linear-gradient(135deg, #d4af37, #f0d67a);\n      color: #101522;\n      box-shadow: 0 10px 25px rgba(212, 175, 55, 0.25);\n    }\n\n    .btn-secondary {\n      background: transparent;\n      color: var(--text);\n      border: 1px solid rgba(212, 175, 55, 0.45);\n    }\n\n    .btn:hover {\n      transform: translateY(-2px);\n    }\n\n    .note {\n      margin-top: 24px;\n      color: var(--muted);\n      font-size: 0.95rem;\n    }\n\n    .footer {\n      margin-top: 38px;\n      color: #a8a099;\n      font-size: 0.92rem;\n    }\n\n    @media (max-width: 640px) {\n      .card {\n        padding: 34px 22px;\n      }\n\n      .points {\n        padding: 18px;\n      }\n\n      .buttons {\n        flex-direction: column;\n      }\n\n      .btn {\n        width: 100%;\n      }\n    }\n  <\/style>\n<\/head>\n<body>\n  <div class=\"wrapper\">\n    <main class=\"card\">\n      <div class=\"tag\">MASTERCLASS \u00b7 RESET VOCAL<\/div>\n\n      <h1>Reinicia tu voz desde dentro<\/h1>\n\n      <p class=\"subtitle\">\n        Aqu\u00ed tienes el material de apoyo de la primera Masterclass para integrar lo trabajado y preparar mejor la siguiente sesi\u00f3n.\n      <\/p>\n\n      <p class=\"lead\">\n        RESET VOCAL no es una suma de ejercicios aislados. Es un proceso de reorganizaci\u00f3n del sistema vocal para recuperar conexi\u00f3n, libertad y control.\n      <\/p>\n\n      <section class=\"points\">\n        <h2>En este material encontrar\u00e1s:<\/h2>\n        <ul>\n          <li>Qu\u00e9 es realmente RESET VOCAL<\/li>\n          <li>Por qu\u00e9 la voz pierde coordinaci\u00f3n y control<\/li>\n          <li>Qu\u00e9 elementos necesitan reorganizarse<\/li>\n          <li>La base sobre la que seguiremos trabajando en el siguiente directo<\/li>\n        <\/ul>\n      <\/section>\n\n      <div class=\"buttons\">\n        <a class=\"btn btn-primary\" href=\"https:\/\/voz4all.com\/wp-content\/uploads\/2026\/04\/RESET-VOCAL-resumen-Dia-1.pdf\" target=\"_blank\" rel=\"noopener noreferrer\">DESCARGAR PDF<\/a>\n        <a class=\"btn btn-secondary\" href=\"https:\/\/youtube.com\/live\/VxOThrgWh2U?feature=share\" target=\"_blank\" rel=\"noopener noreferrer\">ACCEDER AL DIRECTO<\/a>\n      <\/div>\n\n     \n\n      <div class=\"footer\">\n        Pilar Jurado \u00b7 RESET VOCAL . Academia Europea del Arte Vocal\n      <\/div>\n    <\/main>\n  <\/div>\n<\/body>\n<\/html>\n\n","protected":false},"excerpt":{"rendered":"<p>RESET VOCAL \u2014 Material de la Masterclass MASTERCLASS \u00b7 RESET VOCAL Reinicia tu voz desde dentro Aqu\u00ed tienes el material de apoyo de la primera Masterclass para integrar lo trabajado y preparar mejor la siguiente sesi\u00f3n. RESET VOCAL no es una suma de ejercicios aislados. Es un proceso de reorganizaci\u00f3n del sistema vocal para recuperar [&hellip;]<\/p>\n","protected":false},"author":1,"featured_media":0,"parent":0,"menu_order":0,"comment_status":"closed","ping_status":"closed","template":"","meta":{"site-sidebar-layout":"default","site-content-layout":"","ast-site-content-layout":"default","site-content-style":"default","site-sidebar-style":"default","ast-global-header-display":"","ast-banner-title-visibility":"","ast-main-header-display":"","ast-hfb-above-header-display":"","ast-hfb-below-header-display":"","ast-hfb-mobile-header-display":"","site-post-title":"disabled","ast-breadcrumbs-content":"","ast-featured-img":"","footer-sml-layout":"","ast-disable-related-posts":"","theme-transparent-header-meta":"","adv-header-id-meta":"","stick-header-meta":"","header-above-stick-meta":"","header-main-stick-meta":"","header-below-stick-meta":"","astra-migrate-meta-layouts":"set","ast-page-background-enabled":"default","ast-page-background-meta":{"desktop":{"background-color":"","background-image":"","background-repeat":"repeat","background-position":"center center","background-size":"auto","background-attachment":"scroll","background-type":"","background-media":"","overlay-type":"","overlay-color":"","overlay-opacity":"","overlay-gradient":""},"tablet":{"background-color":"","background-image":"","background-repeat":"repeat","background-position":"center center","background-size":"auto","background-attachment":"scroll","background-type":"","background-media":"","overlay-type":"","overlay-color":"","overlay-opacity":"","overlay-gradient":""},"mobile":{"background-color":"","background-image":"","background-repeat":"repeat","background-position":"center center","background-size":"auto","background-attachment":"scroll","background-type":"","background-media":"","overlay-type":"","overlay-color":"","overlay-opacity":"","overlay-gradient":""}},"ast-content-background-meta":{"desktop":{"background-color":"var(--ast-global-color-5)","background-image":"","background-repeat":"repeat","background-position":"center center","background-size":"auto","background-attachment":"scroll","background-type":"","background-media":"","overlay-type":"","overlay-color":"","overlay-opacity":"","overlay-gradient":""},"tablet":{"background-color":"var(--ast-global-color-5)","background-image":"","background-repeat":"repeat","background-position":"center center","background-size":"auto","background-attachment":"scroll","background-type":"","background-media":"","overlay-type":"","overlay-color":"","overlay-opacity":"","overlay-gradient":""},"mobile":{"background-color":"var(--ast-global-color-5)","background-image":"","background-repeat":"repeat","background-position":"center center","background-size":"auto","background-attachment":"scroll","background-type":"","background-media":"","overlay-type":"","overlay-color":"","overlay-opacity":"","overlay-gradient":""}},"footnotes":""},"class_list":["post-8475","page","type-page","status-publish","hentry"],"yoast_head":"<!-- This site is optimized with the Yoast SEO plugin v27.4 - https:\/\/yoast.com\/product\/yoast-seo-wordpress\/ -->\n<title>RESET VOCAL - Academia Europea del Arte Vocal<\/title>\n<meta name=\"robots\" content=\"index, follow, max-snippet:-1, max-image-preview:large, max-video-preview:-1\" \/>\n<link rel=\"canonical\" href=\"https:\/\/voz4all.com\/index.php\/reset-vocal\/\" \/>\n<meta property=\"og:locale\" content=\"es_ES\" \/>\n<meta property=\"og:type\" content=\"article\" \/>\n<meta property=\"og:title\" content=\"RESET VOCAL - Academia Europea del Arte Vocal\" \/>\n<meta property=\"og:description\" content=\"RESET VOCAL \u2014 Material de la Masterclass MASTERCLASS \u00b7 RESET VOCAL Reinicia tu voz desde dentro Aqu\u00ed tienes el material de apoyo de la primera Masterclass para integrar lo trabajado y preparar mejor la siguiente sesi\u00f3n. RESET VOCAL no es una suma de ejercicios aislados. Es un proceso de reorganizaci\u00f3n del sistema vocal para recuperar [&hellip;]\" \/>\n<meta property=\"og:url\" content=\"https:\/\/voz4all.com\/index.php\/reset-vocal\/\" \/>\n<meta property=\"og:site_name\" content=\"Academia Europea del Arte Vocal\" \/>\n<meta property=\"article:modified_time\" content=\"2026-04-23T15:38:24+00:00\" \/>\n<meta name=\"twitter:card\" content=\"summary_large_image\" \/>\n<meta name=\"twitter:label1\" content=\"Tiempo de lectura\" \/>\n\t<meta name=\"twitter:data1\" content=\"1 minuto\" \/>\n<script type=\"application\/ld+json\" class=\"yoast-schema-graph\">{\"@context\":\"https:\\\/\\\/schema.org\",\"@graph\":[{\"@type\":\"WebPage\",\"@id\":\"https:\\\/\\\/voz4all.com\\\/index.php\\\/reset-vocal\\\/\",\"url\":\"https:\\\/\\\/voz4all.com\\\/index.php\\\/reset-vocal\\\/\",\"name\":\"RESET VOCAL - Academia Europea del Arte Vocal\",\"isPartOf\":{\"@id\":\"https:\\\/\\\/voz4all.com\\\/#website\"},\"datePublished\":\"2026-04-23T15:37:24+00:00\",\"dateModified\":\"2026-04-23T15:38:24+00:00\",\"breadcrumb\":{\"@id\":\"https:\\\/\\\/voz4all.com\\\/index.php\\\/reset-vocal\\\/#breadcrumb\"},\"inLanguage\":\"es\",\"potentialAction\":[{\"@type\":\"ReadAction\",\"target\":[\"https:\\\/\\\/voz4all.com\\\/index.php\\\/reset-vocal\\\/\"]}]},{\"@type\":\"BreadcrumbList\",\"@id\":\"https:\\\/\\\/voz4all.com\\\/index.php\\\/reset-vocal\\\/#breadcrumb\",\"itemListElement\":[{\"@type\":\"ListItem\",\"position\":1,\"name\":\"Portada\",\"item\":\"https:\\\/\\\/voz4all.com\\\/\"},{\"@type\":\"ListItem\",\"position\":2,\"name\":\"RESET VOCAL\"}]},{\"@type\":\"WebSite\",\"@id\":\"https:\\\/\\\/voz4all.com\\\/#website\",\"url\":\"https:\\\/\\\/voz4all.com\\\/\",\"name\":\"Academia Europea del Arte Vocal\",\"description\":\"Academia de Alto Rendimiento para la Voz y sus profesionales\",\"publisher\":{\"@id\":\"https:\\\/\\\/voz4all.com\\\/#organization\"},\"potentialAction\":[{\"@type\":\"SearchAction\",\"target\":{\"@type\":\"EntryPoint\",\"urlTemplate\":\"https:\\\/\\\/voz4all.com\\\/?s={search_term_string}\"},\"query-input\":{\"@type\":\"PropertyValueSpecification\",\"valueRequired\":true,\"valueName\":\"search_term_string\"}}],\"inLanguage\":\"es\"},{\"@type\":\"Organization\",\"@id\":\"https:\\\/\\\/voz4all.com\\\/#organization\",\"name\":\"Academia Europea del Arte Vocal\",\"url\":\"https:\\\/\\\/voz4all.com\\\/\",\"logo\":{\"@type\":\"ImageObject\",\"inLanguage\":\"es\",\"@id\":\"https:\\\/\\\/voz4all.com\\\/#\\\/schema\\\/logo\\\/image\\\/\",\"url\":\"https:\\\/\\\/voz4all.com\\\/wp-content\\\/uploads\\\/2021\\\/08\\\/cropped-AEAV-LOGO-OK-2021-08-15-a-las-1.31.50.png\",\"contentUrl\":\"https:\\\/\\\/voz4all.com\\\/wp-content\\\/uploads\\\/2021\\\/08\\\/cropped-AEAV-LOGO-OK-2021-08-15-a-las-1.31.50.png\",\"width\":942,\"height\":846,\"caption\":\"Academia Europea del Arte Vocal\"},\"image\":{\"@id\":\"https:\\\/\\\/voz4all.com\\\/#\\\/schema\\\/logo\\\/image\\\/\"}}]}<\/script>\n<!-- \/ Yoast SEO plugin. -->","yoast_head_json":{"title":"RESET VOCAL - Academia Europea del Arte Vocal","robots":{"index":"index","follow":"follow","max-snippet":"max-snippet:-1","max-image-preview":"max-image-preview:large","max-video-preview":"max-video-preview:-1"},"canonical":"https:\/\/voz4all.com\/index.php\/reset-vocal\/","og_locale":"es_ES","og_type":"article","og_title":"RESET VOCAL - Academia Europea del Arte Vocal","og_description":"RESET VOCAL \u2014 Material de la Masterclass MASTERCLASS \u00b7 RESET VOCAL Reinicia tu voz desde dentro Aqu\u00ed tienes el material de apoyo de la primera Masterclass para integrar lo trabajado y preparar mejor la siguiente sesi\u00f3n. RESET VOCAL no es una suma de ejercicios aislados. Es un proceso de reorganizaci\u00f3n del sistema vocal para recuperar [&hellip;]","og_url":"https:\/\/voz4all.com\/index.php\/reset-vocal\/","og_site_name":"Academia Europea del Arte Vocal","article_modified_time":"2026-04-23T15:38:24+00:00","twitter_card":"summary_large_image","twitter_misc":{"Tiempo de lectura":"1 minuto"},"schema":{"@context":"https:\/\/schema.org","@graph":[{"@type":"WebPage","@id":"https:\/\/voz4all.com\/index.php\/reset-vocal\/","url":"https:\/\/voz4all.com\/index.php\/reset-vocal\/","name":"RESET VOCAL - Academia Europea del Arte Vocal","isPartOf":{"@id":"https:\/\/voz4all.com\/#website"},"datePublished":"2026-04-23T15:37:24+00:00","dateModified":"2026-04-23T15:38:24+00:00","breadcrumb":{"@id":"https:\/\/voz4all.com\/index.php\/reset-vocal\/#breadcrumb"},"inLanguage":"es","potentialAction":[{"@type":"ReadAction","target":["https:\/\/voz4all.com\/index.php\/reset-vocal\/"]}]},{"@type":"BreadcrumbList","@id":"https:\/\/voz4all.com\/index.php\/reset-vocal\/#breadcrumb","itemListElement":[{"@type":"ListItem","position":1,"name":"Portada","item":"https:\/\/voz4all.com\/"},{"@type":"ListItem","position":2,"name":"RESET VOCAL"}]},{"@type":"WebSite","@id":"https:\/\/voz4all.com\/#website","url":"https:\/\/voz4all.com\/","name":"Academia Europea del Arte Vocal","description":"Academia de Alto Rendimiento para la Voz y sus profesionales","publisher":{"@id":"https:\/\/voz4all.com\/#organization"},"potentialAction":[{"@type":"SearchAction","target":{"@type":"EntryPoint","urlTemplate":"https:\/\/voz4all.com\/?s={search_term_string}"},"query-input":{"@type":"PropertyValueSpecification","valueRequired":true,"valueName":"search_term_string"}}],"inLanguage":"es"},{"@type":"Organization","@id":"https:\/\/voz4all.com\/#organization","name":"Academia Europea del Arte Vocal","url":"https:\/\/voz4all.com\/","logo":{"@type":"ImageObject","inLanguage":"es","@id":"https:\/\/voz4all.com\/#\/schema\/logo\/image\/","url":"https:\/\/voz4all.com\/wp-content\/uploads\/2021\/08\/cropped-AEAV-LOGO-OK-2021-08-15-a-las-1.31.50.png","contentUrl":"https:\/\/voz4all.com\/wp-content\/uploads\/2021\/08\/cropped-AEAV-LOGO-OK-2021-08-15-a-las-1.31.50.png","width":942,"height":846,"caption":"Academia Europea del Arte Vocal"},"image":{"@id":"https:\/\/voz4all.com\/#\/schema\/logo\/image\/"}}]}},"_links":{"self":[{"href":"https:\/\/voz4all.com\/index.php\/wp-json\/wp\/v2\/pages\/8475","targetHints":{"allow":["GET"]}}],"collection":[{"href":"https:\/\/voz4all.com\/index.php\/wp-json\/wp\/v2\/pages"}],"about":[{"href":"https:\/\/voz4all.com\/index.php\/wp-json\/wp\/v2\/types\/page"}],"author":[{"embeddable":true,"href":"https:\/\/voz4all.com\/index.php\/wp-json\/wp\/v2\/users\/1"}],"replies":[{"embeddable":true,"href":"https:\/\/voz4all.com\/index.php\/wp-json\/wp\/v2\/comments?post=8475"}],"version-history":[{"count":2,"href":"https:\/\/voz4all.com\/index.php\/wp-json\/wp\/v2\/pages\/8475\/revisions"}],"predecessor-version":[{"id":8479,"href":"https:\/\/voz4all.com\/index.php\/wp-json\/wp\/v2\/pages\/8475\/revisions\/8479"}],"wp:attachment":[{"href":"https:\/\/voz4all.com\/index.php\/wp-json\/wp\/v2\/media?parent=8475"}],"curies":[{"name":"wp","href":"https:\/\/api.w.org\/{rel}","templated":true}]}}