{"id":2341,"date":"2022-09-05T11:18:39","date_gmt":"2022-09-05T11:18:39","guid":{"rendered":"https:\/\/voz4all.com\/?post_type=product&#038;p=2341"},"modified":"2025-02-26T00:03:37","modified_gmt":"2025-02-26T00:03:37","slug":"rutina-1-tu-vocal-coach-diario","status":"publish","type":"product","link":"https:\/\/voz4all.com\/index.php\/producto\/rutina-1-tu-vocal-coach-diario\/","title":{"rendered":"RUTINA 1 \/ Tu Vocal Coach diario"},"content":{"rendered":"<p><iframe title=\"YouTube video player\" src=\"https:\/\/www.youtube.com\/embed\/aQEYyD40DnE\" width=\"560\" height=\"315\" frameborder=\"0\" allowfullscreen=\"allowfullscreen\"><\/iframe><\/p>\n<p>Profesora:\u00a0<strong>Pilar Jurado<\/strong><\/p>\n<p>Estos v\u00eddeos ser\u00e1n tu <strong>Vocal Coach<\/strong> particular, podr\u00e1s entrenarte con ellos cada d\u00eda y seguir cada una de las instrucciones de una gran Maestra de la Voz, <strong>Pilar Jurado<\/strong>, con una gran capacidad de comunicaci\u00f3n y creadora de la T\u00e9cnica Vocal Perfecta, el mejor m\u00e9todo para el \u00f3ptimo desarrollo de la voz de un cantante.<\/p>\n<p>Incluye un\u00a0<strong>Tutorial de 20 minutos<\/strong>\u00a0de ejercicios para entrenarte diariamente como un cantante profesional, que te ayudar\u00e1 a automatizar toda una serie de acciones necesarias para mejorar tu voz. Adem\u00e1s podr\u00e1s descargarte\u00a0\u00a0<strong>fichas de seguimiento<\/strong>\u00a0y\u00a0<strong>12<\/strong>\u00a0<strong>v\u00eddeos con explicaciones<\/strong>\u00a0de cada uno de los ejercicios para que puedas ejecutarlos de forma \u00f3ptima.<\/p>\n","protected":false},"excerpt":{"rendered":"<p>Estos v\u00eddeos ser\u00e1n tu <strong>Vocal Coach<\/strong> particular para entrenarte con ellos cada d\u00eda.<\/p>\n<blockquote><p><span style=\"color: #bda02b;\">El mejor entrenamiento diario para comenzar a poner en forma tu voz.<\/span><\/p><\/blockquote>\n<p>&nbsp;<\/p>\n","protected":false},"featured_media":3169,"comment_status":"open","ping_status":"closed","template":"","meta":{"site-sidebar-layout":"default","site-content-layout":"default","ast-site-content-layout":"default","site-content-style":"default","site-sidebar-style":"default","ast-global-header-display":"","ast-banner-title-visibility":"","ast-main-header-display":"","ast-hfb-above-header-display":"","ast-hfb-below-header-display":"","ast-hfb-mobile-header-display":"","site-post-title":"","ast-breadcrumbs-content":"","ast-featured-img":"","footer-sml-layout":"","ast-disable-related-posts":"","theme-transparent-header-meta":"default","adv-header-id-meta":"","stick-header-meta":"","header-above-stick-meta":"","header-main-stick-meta":"","header-below-stick-meta":"","astra-migrate-meta-layouts":"set","ast-page-background-enabled":"default","ast-page-background-meta":{"desktop":{"background-color":"","background-image":"","background-repeat":"repeat","background-position":"center center","background-size":"auto","background-attachment":"scroll","background-type":"","background-media":"","overlay-type":"","overlay-color":"","overlay-opacity":"","overlay-gradient":""},"tablet":{"background-color":"","background-image":"","background-repeat":"repeat","background-position":"center center","background-size":"auto","background-attachment":"scroll","background-type":"","background-media":"","overlay-type":"","overlay-color":"","overlay-opacity":"","overlay-gradient":""},"mobile":{"background-color":"","background-image":"","background-repeat":"repeat","background-position":"center center","background-size":"auto","background-attachment":"scroll","background-type":"","background-media":"","overlay-type":"","overlay-color":"","overlay-opacity":"","overlay-gradient":""}},"ast-content-background-meta":{"desktop":{"background-color":"var(--ast-global-color-5)","background-image":"","background-repeat":"repeat","background-position":"center center","background-size":"auto","background-attachment":"scroll","background-type":"","background-media":"","overlay-type":"","overlay-color":"","overlay-opacity":"","overlay-gradient":""},"tablet":{"background-color":"var(--ast-global-color-5)","background-image":"","background-repeat":"repeat","background-position":"center center","background-size":"auto","background-attachment":"scroll","background-type":"","background-media":"","overlay-type":"","overlay-color":"","overlay-opacity":"","overlay-gradient":""},"mobile":{"background-color":"var(--ast-global-color-5)","background-image":"","background-repeat":"repeat","background-position":"center center","background-size":"auto","background-attachment":"scroll","background-type":"","background-media":"","overlay-type":"","overlay-color":"","overlay-opacity":"","overlay-gradient":""}}},"product_brand":[],"product_cat":[36,41],"product_tag":[32,31,30,33],"class_list":{"0":"post-2341","1":"product","2":"type-product","3":"status-publish","4":"has-post-thumbnail","6":"product_cat-cursos","7":"product_cat-tecnica-vocal","8":"product_tag-entrenamiento-vocal","9":"product_tag-rutina-vocal","10":"product_tag-tecnica-vocal","11":"product_tag-tu-vocal-coach-virtual","12":"desktop-align-left","13":"tablet-align-left","14":"mobile-align-left","16":"first","17":"instock","18":"virtual","19":"purchasable","20":"product-type-simple"},"yoast_head":"<!-- This site is optimized with the Yoast SEO plugin v27.5 - https:\/\/yoast.com\/product\/yoast-seo-wordpress\/ -->\n<title>RUTINA 1 \/ Tu Vocal Coach diario - Academia Europea del Arte Vocal<\/title>\n<meta name=\"description\" content=\"\u00bfNecesitas un Vocal Coach que te ayude a entrenar correctamente tu voz? Ahora puedes tener un entrenamiento vocal de lujo \u00a1y en casa!\" \/>\n<meta name=\"robots\" content=\"index, follow, max-snippet:-1, max-image-preview:large, max-video-preview:-1\" \/>\n<link rel=\"canonical\" href=\"https:\/\/voz4all.com\/index.php\/producto\/rutina-1-tu-vocal-coach-diario\/\" \/>\n<meta property=\"og:locale\" content=\"es_ES\" \/>\n<meta property=\"og:type\" content=\"article\" \/>\n<meta property=\"og:title\" content=\"RUTINA 1 \/ Tu Vocal Coach diario - Academia Europea del Arte Vocal\" \/>\n<meta property=\"og:description\" content=\"\u00bfNecesitas un Vocal Coach que te ayude a entrenar correctamente tu voz? Ahora puedes tener un entrenamiento vocal de lujo \u00a1y en casa!\" \/>\n<meta property=\"og:url\" content=\"https:\/\/voz4all.com\/index.php\/producto\/rutina-1-tu-vocal-coach-diario\/\" \/>\n<meta property=\"og:site_name\" content=\"Academia Europea del Arte Vocal\" \/>\n<meta property=\"article:modified_time\" content=\"2025-02-26T00:03:37+00:00\" \/>\n<meta property=\"og:image\" content=\"https:\/\/voz4all.com\/wp-content\/uploads\/2022\/08\/RUTINA-1.png\" \/>\n\t<meta property=\"og:image:width\" content=\"400\" \/>\n\t<meta property=\"og:image:height\" content=\"400\" \/>\n\t<meta property=\"og:image:type\" content=\"image\/png\" \/>\n<meta name=\"twitter:card\" content=\"summary_large_image\" \/>\n<meta name=\"twitter:label1\" content=\"Tiempo de lectura\" \/>\n\t<meta name=\"twitter:data1\" content=\"1 minuto\" \/>\n<script type=\"application\/ld+json\" class=\"yoast-schema-graph\">{\"@context\":\"https:\\\/\\\/schema.org\",\"@graph\":[{\"@type\":\"WebPage\",\"@id\":\"https:\\\/\\\/voz4all.com\\\/index.php\\\/producto\\\/rutina-1-tu-vocal-coach-diario\\\/\",\"url\":\"https:\\\/\\\/voz4all.com\\\/index.php\\\/producto\\\/rutina-1-tu-vocal-coach-diario\\\/\",\"name\":\"RUTINA 1 \\\/ Tu Vocal Coach diario - Academia Europea del Arte Vocal\",\"isPartOf\":{\"@id\":\"https:\\\/\\\/voz4all.com\\\/#website\"},\"primaryImageOfPage\":{\"@id\":\"https:\\\/\\\/voz4all.com\\\/index.php\\\/producto\\\/rutina-1-tu-vocal-coach-diario\\\/#primaryimage\"},\"image\":{\"@id\":\"https:\\\/\\\/voz4all.com\\\/index.php\\\/producto\\\/rutina-1-tu-vocal-coach-diario\\\/#primaryimage\"},\"thumbnailUrl\":\"https:\\\/\\\/voz4all.com\\\/wp-content\\\/uploads\\\/2022\\\/08\\\/RUTINA-1.png\",\"datePublished\":\"2022-09-05T11:18:39+00:00\",\"dateModified\":\"2025-02-26T00:03:37+00:00\",\"description\":\"\u00bfNecesitas un Vocal Coach que te ayude a entrenar correctamente tu voz? Ahora puedes tener un entrenamiento vocal de lujo \u00a1y en casa!\",\"breadcrumb\":{\"@id\":\"https:\\\/\\\/voz4all.com\\\/index.php\\\/producto\\\/rutina-1-tu-vocal-coach-diario\\\/#breadcrumb\"},\"inLanguage\":\"es\",\"potentialAction\":[{\"@type\":\"ReadAction\",\"target\":[\"https:\\\/\\\/voz4all.com\\\/index.php\\\/producto\\\/rutina-1-tu-vocal-coach-diario\\\/\"]}]},{\"@type\":\"ImageObject\",\"inLanguage\":\"es\",\"@id\":\"https:\\\/\\\/voz4all.com\\\/index.php\\\/producto\\\/rutina-1-tu-vocal-coach-diario\\\/#primaryimage\",\"url\":\"https:\\\/\\\/voz4all.com\\\/wp-content\\\/uploads\\\/2022\\\/08\\\/RUTINA-1.png\",\"contentUrl\":\"https:\\\/\\\/voz4all.com\\\/wp-content\\\/uploads\\\/2022\\\/08\\\/RUTINA-1.png\",\"width\":400,\"height\":400},{\"@type\":\"BreadcrumbList\",\"@id\":\"https:\\\/\\\/voz4all.com\\\/index.php\\\/producto\\\/rutina-1-tu-vocal-coach-diario\\\/#breadcrumb\",\"itemListElement\":[{\"@type\":\"ListItem\",\"position\":1,\"name\":\"Portada\",\"item\":\"https:\\\/\\\/voz4all.com\\\/\"},{\"@type\":\"ListItem\",\"position\":2,\"name\":\"Tienda\",\"item\":\"https:\\\/\\\/voz4all.com\\\/index.php\\\/tienda\\\/\"},{\"@type\":\"ListItem\",\"position\":3,\"name\":\"RUTINA 1 \\\/ Tu Vocal Coach diario\"}]},{\"@type\":\"WebSite\",\"@id\":\"https:\\\/\\\/voz4all.com\\\/#website\",\"url\":\"https:\\\/\\\/voz4all.com\\\/\",\"name\":\"Academia Europea del Arte Vocal\",\"description\":\"Academia de Alto Rendimiento para la Voz y sus profesionales\",\"publisher\":{\"@id\":\"https:\\\/\\\/voz4all.com\\\/#organization\"},\"potentialAction\":[{\"@type\":\"SearchAction\",\"target\":{\"@type\":\"EntryPoint\",\"urlTemplate\":\"https:\\\/\\\/voz4all.com\\\/?s={search_term_string}\"},\"query-input\":{\"@type\":\"PropertyValueSpecification\",\"valueRequired\":true,\"valueName\":\"search_term_string\"}}],\"inLanguage\":\"es\"},{\"@type\":\"Organization\",\"@id\":\"https:\\\/\\\/voz4all.com\\\/#organization\",\"name\":\"Academia Europea del Arte Vocal\",\"url\":\"https:\\\/\\\/voz4all.com\\\/\",\"logo\":{\"@type\":\"ImageObject\",\"inLanguage\":\"es\",\"@id\":\"https:\\\/\\\/voz4all.com\\\/#\\\/schema\\\/logo\\\/image\\\/\",\"url\":\"https:\\\/\\\/voz4all.com\\\/wp-content\\\/uploads\\\/2021\\\/08\\\/cropped-AEAV-LOGO-OK-2021-08-15-a-las-1.31.50.png\",\"contentUrl\":\"https:\\\/\\\/voz4all.com\\\/wp-content\\\/uploads\\\/2021\\\/08\\\/cropped-AEAV-LOGO-OK-2021-08-15-a-las-1.31.50.png\",\"width\":942,\"height\":846,\"caption\":\"Academia Europea del Arte Vocal\"},\"image\":{\"@id\":\"https:\\\/\\\/voz4all.com\\\/#\\\/schema\\\/logo\\\/image\\\/\"}}]}<\/script>\n<!-- \/ Yoast SEO plugin. -->","yoast_head_json":{"title":"RUTINA 1 \/ Tu Vocal Coach diario - Academia Europea del Arte Vocal","description":"\u00bfNecesitas un Vocal Coach que te ayude a entrenar correctamente tu voz? Ahora puedes tener un entrenamiento vocal de lujo \u00a1y en casa!","robots":{"index":"index","follow":"follow","max-snippet":"max-snippet:-1","max-image-preview":"max-image-preview:large","max-video-preview":"max-video-preview:-1"},"canonical":"https:\/\/voz4all.com\/index.php\/producto\/rutina-1-tu-vocal-coach-diario\/","og_locale":"es_ES","og_type":"article","og_title":"RUTINA 1 \/ Tu Vocal Coach diario - Academia Europea del Arte Vocal","og_description":"\u00bfNecesitas un Vocal Coach que te ayude a entrenar correctamente tu voz? Ahora puedes tener un entrenamiento vocal de lujo \u00a1y en casa!","og_url":"https:\/\/voz4all.com\/index.php\/producto\/rutina-1-tu-vocal-coach-diario\/","og_site_name":"Academia Europea del Arte Vocal","article_modified_time":"2025-02-26T00:03:37+00:00","og_image":[{"width":400,"height":400,"url":"https:\/\/voz4all.com\/wp-content\/uploads\/2022\/08\/RUTINA-1.png","type":"image\/png"}],"twitter_card":"summary_large_image","twitter_misc":{"Tiempo de lectura":"1 minuto"},"schema":{"@context":"https:\/\/schema.org","@graph":[{"@type":"WebPage","@id":"https:\/\/voz4all.com\/index.php\/producto\/rutina-1-tu-vocal-coach-diario\/","url":"https:\/\/voz4all.com\/index.php\/producto\/rutina-1-tu-vocal-coach-diario\/","name":"RUTINA 1 \/ Tu Vocal Coach diario - Academia Europea del Arte Vocal","isPartOf":{"@id":"https:\/\/voz4all.com\/#website"},"primaryImageOfPage":{"@id":"https:\/\/voz4all.com\/index.php\/producto\/rutina-1-tu-vocal-coach-diario\/#primaryimage"},"image":{"@id":"https:\/\/voz4all.com\/index.php\/producto\/rutina-1-tu-vocal-coach-diario\/#primaryimage"},"thumbnailUrl":"https:\/\/voz4all.com\/wp-content\/uploads\/2022\/08\/RUTINA-1.png","datePublished":"2022-09-05T11:18:39+00:00","dateModified":"2025-02-26T00:03:37+00:00","description":"\u00bfNecesitas un Vocal Coach que te ayude a entrenar correctamente tu voz? Ahora puedes tener un entrenamiento vocal de lujo \u00a1y en casa!","breadcrumb":{"@id":"https:\/\/voz4all.com\/index.php\/producto\/rutina-1-tu-vocal-coach-diario\/#breadcrumb"},"inLanguage":"es","potentialAction":[{"@type":"ReadAction","target":["https:\/\/voz4all.com\/index.php\/producto\/rutina-1-tu-vocal-coach-diario\/"]}]},{"@type":"ImageObject","inLanguage":"es","@id":"https:\/\/voz4all.com\/index.php\/producto\/rutina-1-tu-vocal-coach-diario\/#primaryimage","url":"https:\/\/voz4all.com\/wp-content\/uploads\/2022\/08\/RUTINA-1.png","contentUrl":"https:\/\/voz4all.com\/wp-content\/uploads\/2022\/08\/RUTINA-1.png","width":400,"height":400},{"@type":"BreadcrumbList","@id":"https:\/\/voz4all.com\/index.php\/producto\/rutina-1-tu-vocal-coach-diario\/#breadcrumb","itemListElement":[{"@type":"ListItem","position":1,"name":"Portada","item":"https:\/\/voz4all.com\/"},{"@type":"ListItem","position":2,"name":"Tienda","item":"https:\/\/voz4all.com\/index.php\/tienda\/"},{"@type":"ListItem","position":3,"name":"RUTINA 1 \/ Tu Vocal Coach diario"}]},{"@type":"WebSite","@id":"https:\/\/voz4all.com\/#website","url":"https:\/\/voz4all.com\/","name":"Academia Europea del Arte Vocal","description":"Academia de Alto Rendimiento para la Voz y sus profesionales","publisher":{"@id":"https:\/\/voz4all.com\/#organization"},"potentialAction":[{"@type":"SearchAction","target":{"@type":"EntryPoint","urlTemplate":"https:\/\/voz4all.com\/?s={search_term_string}"},"query-input":{"@type":"PropertyValueSpecification","valueRequired":true,"valueName":"search_term_string"}}],"inLanguage":"es"},{"@type":"Organization","@id":"https:\/\/voz4all.com\/#organization","name":"Academia Europea del Arte Vocal","url":"https:\/\/voz4all.com\/","logo":{"@type":"ImageObject","inLanguage":"es","@id":"https:\/\/voz4all.com\/#\/schema\/logo\/image\/","url":"https:\/\/voz4all.com\/wp-content\/uploads\/2021\/08\/cropped-AEAV-LOGO-OK-2021-08-15-a-las-1.31.50.png","contentUrl":"https:\/\/voz4all.com\/wp-content\/uploads\/2021\/08\/cropped-AEAV-LOGO-OK-2021-08-15-a-las-1.31.50.png","width":942,"height":846,"caption":"Academia Europea del Arte Vocal"},"image":{"@id":"https:\/\/voz4all.com\/#\/schema\/logo\/image\/"}}]}},"_links":{"self":[{"href":"https:\/\/voz4all.com\/index.php\/wp-json\/wp\/v2\/product\/2341","targetHints":{"allow":["GET"]}}],"collection":[{"href":"https:\/\/voz4all.com\/index.php\/wp-json\/wp\/v2\/product"}],"about":[{"href":"https:\/\/voz4all.com\/index.php\/wp-json\/wp\/v2\/types\/product"}],"replies":[{"embeddable":true,"href":"https:\/\/voz4all.com\/index.php\/wp-json\/wp\/v2\/comments?post=2341"}],"version-history":[{"count":7,"href":"https:\/\/voz4all.com\/index.php\/wp-json\/wp\/v2\/product\/2341\/revisions"}],"predecessor-version":[{"id":3981,"href":"https:\/\/voz4all.com\/index.php\/wp-json\/wp\/v2\/product\/2341\/revisions\/3981"}],"wp:featuredmedia":[{"embeddable":true,"href":"https:\/\/voz4all.com\/index.php\/wp-json\/wp\/v2\/media\/3169"}],"wp:attachment":[{"href":"https:\/\/voz4all.com\/index.php\/wp-json\/wp\/v2\/media?parent=2341"}],"wp:term":[{"taxonomy":"product_brand","embeddable":true,"href":"https:\/\/voz4all.com\/index.php\/wp-json\/wp\/v2\/product_brand?post=2341"},{"taxonomy":"product_cat","embeddable":true,"href":"https:\/\/voz4all.com\/index.php\/wp-json\/wp\/v2\/product_cat?post=2341"},{"taxonomy":"product_tag","embeddable":true,"href":"https:\/\/voz4all.com\/index.php\/wp-json\/wp\/v2\/product_tag?post=2341"}],"curies":[{"name":"wp","href":"https:\/\/api.w.org\/{rel}","templated":true}]}}