{"id":3188,"date":"2022-11-09T15:21:27","date_gmt":"2022-11-09T15:21:27","guid":{"rendered":"https:\/\/voz4all.com\/?post_type=product&#038;p=3188"},"modified":"2022-11-29T17:05:47","modified_gmt":"2022-11-29T17:05:47","slug":"pon-tu-voz-en-forma","status":"publish","type":"product","link":"https:\/\/voz4all.com\/index.php\/producto\/pon-tu-voz-en-forma\/","title":{"rendered":"Pon tu voz en forma"},"content":{"rendered":"\r\n<p class=\"has-ast-global-color-3-color has-text-color\"><strong>PON TU VOZ EN FORMA<\/strong> es un <strong>compendio de v\u00eddeos tutoriales<\/strong> sobre cuestiones de la voz que te interesar\u00e1n, tanto como cantante como cualquiera que utilice su voz profesionalmente, ya que te dar\u00e1 claves sobre c\u00f3mo hacer buen uso de ella. El n\u00famero de los v\u00eddeos que lo componen ir\u00e1n aumentando con el tiempo, por lo que ser\u00e1 estupendo que te pases por este curso de vez en cuando, bien para volver a recordar temas que te interesen o para ver los nuevos tutoriales.<\/p>\r\n\r\n\r\n\r\n<p class=\"has-ast-global-color-3-color has-text-color\">Si ya eres alumno o alumna de la <strong>Academia Europea del Arte Vocal<\/strong>, \u00e9ste es un curso que ya estar\u00e1 en tu <strong>\u00c1rea Privada<\/strong>. Si no lo eres a\u00fan, podr\u00e1s acceder a \u00e9l registr\u00e1ndote <a href=\"https:\/\/voz4all.com\/index.php\/courses\/pon-tu-voz-en-forma\/\">AQU\u00cd<\/a><\/p>\r\n","protected":false},"excerpt":{"rendered":"<p><strong>Curso gratuito<\/strong> de v\u00eddeos tutoriales sobre diferentes cuestiones importantes de la voz que te interesar\u00e1n.<br \/>Podr\u00e1s acceder a \u00e9l registr\u00e1ndote\u00a0 \u00a0\ud83d\udc49\ud83c\udffb <a href=\"https:\/\/voz4all.com\/index.php\/courses\/pon-tu-voz-en-forma\/\">PULSA AQU\u00cd<\/a><\/p>\n<p>&nbsp;<\/p>\n","protected":false},"featured_media":3157,"comment_status":"open","ping_status":"closed","template":"","meta":{"site-sidebar-layout":"default","site-content-layout":"default","ast-site-content-layout":"default","site-content-style":"default","site-sidebar-style":"default","ast-global-header-display":"","ast-banner-title-visibility":"","ast-main-header-display":"","ast-hfb-above-header-display":"","ast-hfb-below-header-display":"","ast-hfb-mobile-header-display":"","site-post-title":"","ast-breadcrumbs-content":"","ast-featured-img":"","footer-sml-layout":"","ast-disable-related-posts":"","theme-transparent-header-meta":"default","adv-header-id-meta":"","stick-header-meta":"","header-above-stick-meta":"","header-main-stick-meta":"","header-below-stick-meta":"","astra-migrate-meta-layouts":"default","ast-page-background-enabled":"default","ast-page-background-meta":{"desktop":{"background-color":"","background-image":"","background-repeat":"repeat","background-position":"center center","background-size":"auto","background-attachment":"scroll","background-type":"","background-media":"","overlay-type":"","overlay-color":"","overlay-opacity":"","overlay-gradient":""},"tablet":{"background-color":"","background-image":"","background-repeat":"repeat","background-position":"center center","background-size":"auto","background-attachment":"scroll","background-type":"","background-media":"","overlay-type":"","overlay-color":"","overlay-opacity":"","overlay-gradient":""},"mobile":{"background-color":"","background-image":"","background-repeat":"repeat","background-position":"center center","background-size":"auto","background-attachment":"scroll","background-type":"","background-media":"","overlay-type":"","overlay-color":"","overlay-opacity":"","overlay-gradient":""}},"ast-content-background-meta":{"desktop":{"background-color":"var(--ast-global-color-5)","background-image":"","background-repeat":"repeat","background-position":"center center","background-size":"auto","background-attachment":"scroll","background-type":"","background-media":"","overlay-type":"","overlay-color":"","overlay-opacity":"","overlay-gradient":""},"tablet":{"background-color":"var(--ast-global-color-5)","background-image":"","background-repeat":"repeat","background-position":"center center","background-size":"auto","background-attachment":"scroll","background-type":"","background-media":"","overlay-type":"","overlay-color":"","overlay-opacity":"","overlay-gradient":""},"mobile":{"background-color":"var(--ast-global-color-5)","background-image":"","background-repeat":"repeat","background-position":"center center","background-size":"auto","background-attachment":"scroll","background-type":"","background-media":"","overlay-type":"","overlay-color":"","overlay-opacity":"","overlay-gradient":""}}},"product_brand":[],"product_cat":[41],"product_tag":[],"class_list":{"0":"post-3188","1":"product","2":"type-product","3":"status-publish","4":"has-post-thumbnail","6":"product_cat-tecnica-vocal","7":"desktop-align-left","8":"tablet-align-left","9":"mobile-align-left","11":"first","12":"instock","13":"virtual","14":"product-type-simple"},"yoast_head":"<!-- This site is optimized with the Yoast SEO plugin v27.5 - https:\/\/yoast.com\/product\/yoast-seo-wordpress\/ -->\n<title>Pon tu voz en forma - Academia Europea del Arte Vocal<\/title>\n<meta name=\"description\" content=\"PON TU VOZ EN FORMA es un CURSO GRATUITO, compendio de v\u00eddeos tutoriales sobre cuestiones importantes de la voz. \u00bfA qu\u00e9 esperas? \u00a1REG\u00cdSTRATE YA!\" \/>\n<meta name=\"robots\" content=\"index, follow, max-snippet:-1, max-image-preview:large, max-video-preview:-1\" \/>\n<link rel=\"canonical\" href=\"https:\/\/voz4all.com\/index.php\/producto\/pon-tu-voz-en-forma\/\" \/>\n<meta property=\"og:locale\" content=\"es_ES\" \/>\n<meta property=\"og:type\" content=\"article\" \/>\n<meta property=\"og:title\" content=\"Pon tu voz en forma - Academia Europea del Arte Vocal\" \/>\n<meta property=\"og:description\" content=\"PON TU VOZ EN FORMA es un CURSO GRATUITO, compendio de v\u00eddeos tutoriales sobre cuestiones importantes de la voz. \u00bfA qu\u00e9 esperas? \u00a1REG\u00cdSTRATE YA!\" \/>\n<meta property=\"og:url\" content=\"https:\/\/voz4all.com\/index.php\/producto\/pon-tu-voz-en-forma\/\" \/>\n<meta property=\"og:site_name\" content=\"Academia Europea del Arte Vocal\" \/>\n<meta property=\"article:modified_time\" content=\"2022-11-29T17:05:47+00:00\" \/>\n<meta property=\"og:image\" content=\"https:\/\/voz4all.com\/wp-content\/uploads\/2022\/11\/3d-box-5.png\" \/>\n\t<meta property=\"og:image:width\" content=\"400\" \/>\n\t<meta property=\"og:image:height\" content=\"400\" \/>\n\t<meta property=\"og:image:type\" content=\"image\/png\" \/>\n<meta name=\"twitter:card\" content=\"summary_large_image\" \/>\n<meta name=\"twitter:label1\" content=\"Tiempo de lectura\" \/>\n\t<meta name=\"twitter:data1\" content=\"1 minuto\" \/>\n<script type=\"application\/ld+json\" class=\"yoast-schema-graph\">{\"@context\":\"https:\\\/\\\/schema.org\",\"@graph\":[{\"@type\":\"WebPage\",\"@id\":\"https:\\\/\\\/voz4all.com\\\/index.php\\\/producto\\\/pon-tu-voz-en-forma\\\/\",\"url\":\"https:\\\/\\\/voz4all.com\\\/index.php\\\/producto\\\/pon-tu-voz-en-forma\\\/\",\"name\":\"Pon tu voz en forma - Academia Europea del Arte Vocal\",\"isPartOf\":{\"@id\":\"https:\\\/\\\/voz4all.com\\\/#website\"},\"primaryImageOfPage\":{\"@id\":\"https:\\\/\\\/voz4all.com\\\/index.php\\\/producto\\\/pon-tu-voz-en-forma\\\/#primaryimage\"},\"image\":{\"@id\":\"https:\\\/\\\/voz4all.com\\\/index.php\\\/producto\\\/pon-tu-voz-en-forma\\\/#primaryimage\"},\"thumbnailUrl\":\"https:\\\/\\\/voz4all.com\\\/wp-content\\\/uploads\\\/2022\\\/11\\\/3d-box-5.png\",\"datePublished\":\"2022-11-09T15:21:27+00:00\",\"dateModified\":\"2022-11-29T17:05:47+00:00\",\"description\":\"PON TU VOZ EN FORMA es un CURSO GRATUITO, compendio de v\u00eddeos tutoriales sobre cuestiones importantes de la voz. \u00bfA qu\u00e9 esperas? \u00a1REG\u00cdSTRATE YA!\",\"breadcrumb\":{\"@id\":\"https:\\\/\\\/voz4all.com\\\/index.php\\\/producto\\\/pon-tu-voz-en-forma\\\/#breadcrumb\"},\"inLanguage\":\"es\",\"potentialAction\":[{\"@type\":\"ReadAction\",\"target\":[\"https:\\\/\\\/voz4all.com\\\/index.php\\\/producto\\\/pon-tu-voz-en-forma\\\/\"]}]},{\"@type\":\"ImageObject\",\"inLanguage\":\"es\",\"@id\":\"https:\\\/\\\/voz4all.com\\\/index.php\\\/producto\\\/pon-tu-voz-en-forma\\\/#primaryimage\",\"url\":\"https:\\\/\\\/voz4all.com\\\/wp-content\\\/uploads\\\/2022\\\/11\\\/3d-box-5.png\",\"contentUrl\":\"https:\\\/\\\/voz4all.com\\\/wp-content\\\/uploads\\\/2022\\\/11\\\/3d-box-5.png\",\"width\":400,\"height\":400},{\"@type\":\"BreadcrumbList\",\"@id\":\"https:\\\/\\\/voz4all.com\\\/index.php\\\/producto\\\/pon-tu-voz-en-forma\\\/#breadcrumb\",\"itemListElement\":[{\"@type\":\"ListItem\",\"position\":1,\"name\":\"Portada\",\"item\":\"https:\\\/\\\/voz4all.com\\\/\"},{\"@type\":\"ListItem\",\"position\":2,\"name\":\"Tienda\",\"item\":\"https:\\\/\\\/voz4all.com\\\/index.php\\\/tienda\\\/\"},{\"@type\":\"ListItem\",\"position\":3,\"name\":\"Pon tu voz en forma\"}]},{\"@type\":\"WebSite\",\"@id\":\"https:\\\/\\\/voz4all.com\\\/#website\",\"url\":\"https:\\\/\\\/voz4all.com\\\/\",\"name\":\"Academia Europea del Arte Vocal\",\"description\":\"Academia de Alto Rendimiento para la Voz y sus profesionales\",\"publisher\":{\"@id\":\"https:\\\/\\\/voz4all.com\\\/#organization\"},\"potentialAction\":[{\"@type\":\"SearchAction\",\"target\":{\"@type\":\"EntryPoint\",\"urlTemplate\":\"https:\\\/\\\/voz4all.com\\\/?s={search_term_string}\"},\"query-input\":{\"@type\":\"PropertyValueSpecification\",\"valueRequired\":true,\"valueName\":\"search_term_string\"}}],\"inLanguage\":\"es\"},{\"@type\":\"Organization\",\"@id\":\"https:\\\/\\\/voz4all.com\\\/#organization\",\"name\":\"Academia Europea del Arte Vocal\",\"url\":\"https:\\\/\\\/voz4all.com\\\/\",\"logo\":{\"@type\":\"ImageObject\",\"inLanguage\":\"es\",\"@id\":\"https:\\\/\\\/voz4all.com\\\/#\\\/schema\\\/logo\\\/image\\\/\",\"url\":\"https:\\\/\\\/voz4all.com\\\/wp-content\\\/uploads\\\/2021\\\/08\\\/cropped-AEAV-LOGO-OK-2021-08-15-a-las-1.31.50.png\",\"contentUrl\":\"https:\\\/\\\/voz4all.com\\\/wp-content\\\/uploads\\\/2021\\\/08\\\/cropped-AEAV-LOGO-OK-2021-08-15-a-las-1.31.50.png\",\"width\":942,\"height\":846,\"caption\":\"Academia Europea del Arte Vocal\"},\"image\":{\"@id\":\"https:\\\/\\\/voz4all.com\\\/#\\\/schema\\\/logo\\\/image\\\/\"}}]}<\/script>\n<!-- \/ Yoast SEO plugin. -->","yoast_head_json":{"title":"Pon tu voz en forma - Academia Europea del Arte Vocal","description":"PON TU VOZ EN FORMA es un CURSO GRATUITO, compendio de v\u00eddeos tutoriales sobre cuestiones importantes de la voz. \u00bfA qu\u00e9 esperas? \u00a1REG\u00cdSTRATE YA!","robots":{"index":"index","follow":"follow","max-snippet":"max-snippet:-1","max-image-preview":"max-image-preview:large","max-video-preview":"max-video-preview:-1"},"canonical":"https:\/\/voz4all.com\/index.php\/producto\/pon-tu-voz-en-forma\/","og_locale":"es_ES","og_type":"article","og_title":"Pon tu voz en forma - Academia Europea del Arte Vocal","og_description":"PON TU VOZ EN FORMA es un CURSO GRATUITO, compendio de v\u00eddeos tutoriales sobre cuestiones importantes de la voz. \u00bfA qu\u00e9 esperas? \u00a1REG\u00cdSTRATE YA!","og_url":"https:\/\/voz4all.com\/index.php\/producto\/pon-tu-voz-en-forma\/","og_site_name":"Academia Europea del Arte Vocal","article_modified_time":"2022-11-29T17:05:47+00:00","og_image":[{"width":400,"height":400,"url":"https:\/\/voz4all.com\/wp-content\/uploads\/2022\/11\/3d-box-5.png","type":"image\/png"}],"twitter_card":"summary_large_image","twitter_misc":{"Tiempo de lectura":"1 minuto"},"schema":{"@context":"https:\/\/schema.org","@graph":[{"@type":"WebPage","@id":"https:\/\/voz4all.com\/index.php\/producto\/pon-tu-voz-en-forma\/","url":"https:\/\/voz4all.com\/index.php\/producto\/pon-tu-voz-en-forma\/","name":"Pon tu voz en forma - Academia Europea del Arte Vocal","isPartOf":{"@id":"https:\/\/voz4all.com\/#website"},"primaryImageOfPage":{"@id":"https:\/\/voz4all.com\/index.php\/producto\/pon-tu-voz-en-forma\/#primaryimage"},"image":{"@id":"https:\/\/voz4all.com\/index.php\/producto\/pon-tu-voz-en-forma\/#primaryimage"},"thumbnailUrl":"https:\/\/voz4all.com\/wp-content\/uploads\/2022\/11\/3d-box-5.png","datePublished":"2022-11-09T15:21:27+00:00","dateModified":"2022-11-29T17:05:47+00:00","description":"PON TU VOZ EN FORMA es un CURSO GRATUITO, compendio de v\u00eddeos tutoriales sobre cuestiones importantes de la voz. \u00bfA qu\u00e9 esperas? \u00a1REG\u00cdSTRATE YA!","breadcrumb":{"@id":"https:\/\/voz4all.com\/index.php\/producto\/pon-tu-voz-en-forma\/#breadcrumb"},"inLanguage":"es","potentialAction":[{"@type":"ReadAction","target":["https:\/\/voz4all.com\/index.php\/producto\/pon-tu-voz-en-forma\/"]}]},{"@type":"ImageObject","inLanguage":"es","@id":"https:\/\/voz4all.com\/index.php\/producto\/pon-tu-voz-en-forma\/#primaryimage","url":"https:\/\/voz4all.com\/wp-content\/uploads\/2022\/11\/3d-box-5.png","contentUrl":"https:\/\/voz4all.com\/wp-content\/uploads\/2022\/11\/3d-box-5.png","width":400,"height":400},{"@type":"BreadcrumbList","@id":"https:\/\/voz4all.com\/index.php\/producto\/pon-tu-voz-en-forma\/#breadcrumb","itemListElement":[{"@type":"ListItem","position":1,"name":"Portada","item":"https:\/\/voz4all.com\/"},{"@type":"ListItem","position":2,"name":"Tienda","item":"https:\/\/voz4all.com\/index.php\/tienda\/"},{"@type":"ListItem","position":3,"name":"Pon tu voz en forma"}]},{"@type":"WebSite","@id":"https:\/\/voz4all.com\/#website","url":"https:\/\/voz4all.com\/","name":"Academia Europea del Arte Vocal","description":"Academia de Alto Rendimiento para la Voz y sus profesionales","publisher":{"@id":"https:\/\/voz4all.com\/#organization"},"potentialAction":[{"@type":"SearchAction","target":{"@type":"EntryPoint","urlTemplate":"https:\/\/voz4all.com\/?s={search_term_string}"},"query-input":{"@type":"PropertyValueSpecification","valueRequired":true,"valueName":"search_term_string"}}],"inLanguage":"es"},{"@type":"Organization","@id":"https:\/\/voz4all.com\/#organization","name":"Academia Europea del Arte Vocal","url":"https:\/\/voz4all.com\/","logo":{"@type":"ImageObject","inLanguage":"es","@id":"https:\/\/voz4all.com\/#\/schema\/logo\/image\/","url":"https:\/\/voz4all.com\/wp-content\/uploads\/2021\/08\/cropped-AEAV-LOGO-OK-2021-08-15-a-las-1.31.50.png","contentUrl":"https:\/\/voz4all.com\/wp-content\/uploads\/2021\/08\/cropped-AEAV-LOGO-OK-2021-08-15-a-las-1.31.50.png","width":942,"height":846,"caption":"Academia Europea del Arte Vocal"},"image":{"@id":"https:\/\/voz4all.com\/#\/schema\/logo\/image\/"}}]}},"_links":{"self":[{"href":"https:\/\/voz4all.com\/index.php\/wp-json\/wp\/v2\/product\/3188","targetHints":{"allow":["GET"]}}],"collection":[{"href":"https:\/\/voz4all.com\/index.php\/wp-json\/wp\/v2\/product"}],"about":[{"href":"https:\/\/voz4all.com\/index.php\/wp-json\/wp\/v2\/types\/product"}],"replies":[{"embeddable":true,"href":"https:\/\/voz4all.com\/index.php\/wp-json\/wp\/v2\/comments?post=3188"}],"version-history":[{"count":2,"href":"https:\/\/voz4all.com\/index.php\/wp-json\/wp\/v2\/product\/3188\/revisions"}],"predecessor-version":[{"id":3435,"href":"https:\/\/voz4all.com\/index.php\/wp-json\/wp\/v2\/product\/3188\/revisions\/3435"}],"wp:featuredmedia":[{"embeddable":true,"href":"https:\/\/voz4all.com\/index.php\/wp-json\/wp\/v2\/media\/3157"}],"wp:attachment":[{"href":"https:\/\/voz4all.com\/index.php\/wp-json\/wp\/v2\/media?parent=3188"}],"wp:term":[{"taxonomy":"product_brand","embeddable":true,"href":"https:\/\/voz4all.com\/index.php\/wp-json\/wp\/v2\/product_brand?post=3188"},{"taxonomy":"product_cat","embeddable":true,"href":"https:\/\/voz4all.com\/index.php\/wp-json\/wp\/v2\/product_cat?post=3188"},{"taxonomy":"product_tag","embeddable":true,"href":"https:\/\/voz4all.com\/index.php\/wp-json\/wp\/v2\/product_tag?post=3188"}],"curies":[{"name":"wp","href":"https:\/\/api.w.org\/{rel}","templated":true}]}}