{"id":3975,"date":"2023-02-12T18:39:31","date_gmt":"2023-02-12T18:39:31","guid":{"rendered":"https:\/\/voz4all.com\/?post_type=product&#038;p=3975"},"modified":"2025-02-26T00:03:37","modified_gmt":"2025-02-26T00:03:37","slug":"ejercicios-para-mejorar-tu-respiracion","status":"publish","type":"product","link":"https:\/\/voz4all.com\/index.php\/producto\/ejercicios-para-mejorar-tu-respiracion\/","title":{"rendered":"Ejercicios para mejorar tu Respiraci\u00f3n"},"content":{"rendered":"<p>Profesora: <strong>PILAR JURADO<\/strong><\/p>\n<p><strong>10 v\u00eddeos tutoriales e interactivos<\/strong>\u00a0que te ayudar\u00e1n a ampliar tu capacidad respiratoria y controlar tu\u00a0<em>fiato<\/em>\u00a0al cantar.<\/p>\n<p>Los ejercicios que se trabajan y con los que puedes construir <strong>tu rutina respiratoria diaria<\/strong>, est\u00e1n pensados para que se fortalezcan todos los m\u00fasculos implicados en las necesidades respiratorias de un cantante, pero tambi\u00e9n son de gran ayuda para quienes necesitan mejorar su forma de respirar para tener una vida m\u00e1s plena.<\/p>\n<p>Hay muchos profesionales que se benefician de una buena respiraci\u00f3n, como profesores, ponentes, locutores, actores&#8230;<\/p>\n<p>Aprende de una forma amena y practica estos ejercicios, notar\u00e1s como <strong>mejora tu respiraci\u00f3n<\/strong>.<\/p>\n","protected":false},"excerpt":{"rendered":"<p><span style=\"color: #000000;\">Profesora: <strong>PILAR JURADO<\/strong><\/span><\/p>\n<p><span style=\"color: #000000;\"><strong>10 v\u00eddeos tutoriales e interactivos<\/strong>\u00a0que te ayudar\u00e1n a ampliar tu capacidad respiratoria y controlar tu\u00a0<em>fiato<\/em>\u00a0al cantar.<\/span><\/p>\n","protected":false},"featured_media":3171,"comment_status":"open","ping_status":"closed","template":"","meta":{"site-sidebar-layout":"default","site-content-layout":"default","ast-site-content-layout":"default","site-content-style":"default","site-sidebar-style":"default","ast-global-header-display":"","ast-banner-title-visibility":"","ast-main-header-display":"","ast-hfb-above-header-display":"","ast-hfb-below-header-display":"","ast-hfb-mobile-header-display":"","site-post-title":"","ast-breadcrumbs-content":"","ast-featured-img":"","footer-sml-layout":"","ast-disable-related-posts":"","theme-transparent-header-meta":"default","adv-header-id-meta":"","stick-header-meta":"","header-above-stick-meta":"","header-main-stick-meta":"","header-below-stick-meta":"","astra-migrate-meta-layouts":"set","ast-page-background-enabled":"default","ast-page-background-meta":{"desktop":{"background-color":"","background-image":"","background-repeat":"repeat","background-position":"center center","background-size":"auto","background-attachment":"scroll","background-type":"","background-media":"","overlay-type":"","overlay-color":"","overlay-opacity":"","overlay-gradient":""},"tablet":{"background-color":"","background-image":"","background-repeat":"repeat","background-position":"center center","background-size":"auto","background-attachment":"scroll","background-type":"","background-media":"","overlay-type":"","overlay-color":"","overlay-opacity":"","overlay-gradient":""},"mobile":{"background-color":"","background-image":"","background-repeat":"repeat","background-position":"center center","background-size":"auto","background-attachment":"scroll","background-type":"","background-media":"","overlay-type":"","overlay-color":"","overlay-opacity":"","overlay-gradient":""}},"ast-content-background-meta":{"desktop":{"background-color":"var(--ast-global-color-5)","background-image":"","background-repeat":"repeat","background-position":"center center","background-size":"auto","background-attachment":"scroll","background-type":"","background-media":"","overlay-type":"","overlay-color":"","overlay-opacity":"","overlay-gradient":""},"tablet":{"background-color":"var(--ast-global-color-5)","background-image":"","background-repeat":"repeat","background-position":"center center","background-size":"auto","background-attachment":"scroll","background-type":"","background-media":"","overlay-type":"","overlay-color":"","overlay-opacity":"","overlay-gradient":""},"mobile":{"background-color":"var(--ast-global-color-5)","background-image":"","background-repeat":"repeat","background-position":"center center","background-size":"auto","background-attachment":"scroll","background-type":"","background-media":"","overlay-type":"","overlay-color":"","overlay-opacity":"","overlay-gradient":""}}},"product_brand":[],"product_cat":[36,41],"product_tag":[52,50,51,30],"class_list":{"0":"post-3975","1":"product","2":"type-product","3":"status-publish","4":"has-post-thumbnail","6":"product_cat-cursos","7":"product_cat-tecnica-vocal","8":"product_tag-aprende-a-respirar","9":"product_tag-ejercicios-de-respiracion","10":"product_tag-respirar-bien","11":"product_tag-tecnica-vocal","12":"desktop-align-left","13":"tablet-align-left","14":"mobile-align-left","16":"first","17":"instock","18":"purchasable","19":"product-type-simple"},"yoast_head":"<!-- This site is optimized with the Yoast SEO plugin v27.5 - https:\/\/yoast.com\/product\/yoast-seo-wordpress\/ -->\n<title>Ejercicios para mejorar tu Respiraci\u00f3n - Academia Europea del Arte Vocal<\/title>\n<meta name=\"robots\" content=\"index, follow, max-snippet:-1, max-image-preview:large, max-video-preview:-1\" \/>\n<link rel=\"canonical\" href=\"https:\/\/voz4all.com\/index.php\/producto\/ejercicios-para-mejorar-tu-respiracion\/\" \/>\n<meta property=\"og:locale\" content=\"es_ES\" \/>\n<meta property=\"og:type\" content=\"article\" \/>\n<meta property=\"og:title\" content=\"Ejercicios para mejorar tu Respiraci\u00f3n - Academia Europea del Arte Vocal\" \/>\n<meta property=\"og:description\" content=\"Profesora: PILAR JURADO  10 v\u00eddeos tutoriales e interactivos\u00a0que te ayudar\u00e1n a ampliar tu capacidad respiratoria y controlar tu\u00a0fiato\u00a0al cantar.\" \/>\n<meta property=\"og:url\" content=\"https:\/\/voz4all.com\/index.php\/producto\/ejercicios-para-mejorar-tu-respiracion\/\" \/>\n<meta property=\"og:site_name\" content=\"Academia Europea del Arte Vocal\" \/>\n<meta property=\"article:modified_time\" content=\"2025-02-26T00:03:37+00:00\" \/>\n<meta property=\"og:image\" content=\"https:\/\/voz4all.com\/wp-content\/uploads\/2021\/10\/3d-box-4.png\" \/>\n\t<meta property=\"og:image:width\" content=\"400\" \/>\n\t<meta property=\"og:image:height\" content=\"400\" \/>\n\t<meta property=\"og:image:type\" content=\"image\/png\" \/>\n<meta name=\"twitter:card\" content=\"summary_large_image\" \/>\n<meta name=\"twitter:label1\" content=\"Tiempo de lectura\" \/>\n\t<meta name=\"twitter:data1\" content=\"1 minuto\" \/>\n<script type=\"application\/ld+json\" class=\"yoast-schema-graph\">{\"@context\":\"https:\\\/\\\/schema.org\",\"@graph\":[{\"@type\":\"WebPage\",\"@id\":\"https:\\\/\\\/voz4all.com\\\/index.php\\\/producto\\\/ejercicios-para-mejorar-tu-respiracion\\\/\",\"url\":\"https:\\\/\\\/voz4all.com\\\/index.php\\\/producto\\\/ejercicios-para-mejorar-tu-respiracion\\\/\",\"name\":\"Ejercicios para mejorar tu Respiraci\u00f3n - Academia Europea del Arte Vocal\",\"isPartOf\":{\"@id\":\"https:\\\/\\\/voz4all.com\\\/#website\"},\"primaryImageOfPage\":{\"@id\":\"https:\\\/\\\/voz4all.com\\\/index.php\\\/producto\\\/ejercicios-para-mejorar-tu-respiracion\\\/#primaryimage\"},\"image\":{\"@id\":\"https:\\\/\\\/voz4all.com\\\/index.php\\\/producto\\\/ejercicios-para-mejorar-tu-respiracion\\\/#primaryimage\"},\"thumbnailUrl\":\"https:\\\/\\\/voz4all.com\\\/wp-content\\\/uploads\\\/2021\\\/10\\\/3d-box-4.png\",\"datePublished\":\"2023-02-12T18:39:31+00:00\",\"dateModified\":\"2025-02-26T00:03:37+00:00\",\"breadcrumb\":{\"@id\":\"https:\\\/\\\/voz4all.com\\\/index.php\\\/producto\\\/ejercicios-para-mejorar-tu-respiracion\\\/#breadcrumb\"},\"inLanguage\":\"es\",\"potentialAction\":[{\"@type\":\"ReadAction\",\"target\":[\"https:\\\/\\\/voz4all.com\\\/index.php\\\/producto\\\/ejercicios-para-mejorar-tu-respiracion\\\/\"]}]},{\"@type\":\"ImageObject\",\"inLanguage\":\"es\",\"@id\":\"https:\\\/\\\/voz4all.com\\\/index.php\\\/producto\\\/ejercicios-para-mejorar-tu-respiracion\\\/#primaryimage\",\"url\":\"https:\\\/\\\/voz4all.com\\\/wp-content\\\/uploads\\\/2021\\\/10\\\/3d-box-4.png\",\"contentUrl\":\"https:\\\/\\\/voz4all.com\\\/wp-content\\\/uploads\\\/2021\\\/10\\\/3d-box-4.png\",\"width\":400,\"height\":400},{\"@type\":\"BreadcrumbList\",\"@id\":\"https:\\\/\\\/voz4all.com\\\/index.php\\\/producto\\\/ejercicios-para-mejorar-tu-respiracion\\\/#breadcrumb\",\"itemListElement\":[{\"@type\":\"ListItem\",\"position\":1,\"name\":\"Portada\",\"item\":\"https:\\\/\\\/voz4all.com\\\/\"},{\"@type\":\"ListItem\",\"position\":2,\"name\":\"Tienda\",\"item\":\"https:\\\/\\\/voz4all.com\\\/index.php\\\/tienda\\\/\"},{\"@type\":\"ListItem\",\"position\":3,\"name\":\"Ejercicios para mejorar tu Respiraci\u00f3n\"}]},{\"@type\":\"WebSite\",\"@id\":\"https:\\\/\\\/voz4all.com\\\/#website\",\"url\":\"https:\\\/\\\/voz4all.com\\\/\",\"name\":\"Academia Europea del Arte Vocal\",\"description\":\"Academia de Alto Rendimiento para la Voz y sus profesionales\",\"publisher\":{\"@id\":\"https:\\\/\\\/voz4all.com\\\/#organization\"},\"potentialAction\":[{\"@type\":\"SearchAction\",\"target\":{\"@type\":\"EntryPoint\",\"urlTemplate\":\"https:\\\/\\\/voz4all.com\\\/?s={search_term_string}\"},\"query-input\":{\"@type\":\"PropertyValueSpecification\",\"valueRequired\":true,\"valueName\":\"search_term_string\"}}],\"inLanguage\":\"es\"},{\"@type\":\"Organization\",\"@id\":\"https:\\\/\\\/voz4all.com\\\/#organization\",\"name\":\"Academia Europea del Arte Vocal\",\"url\":\"https:\\\/\\\/voz4all.com\\\/\",\"logo\":{\"@type\":\"ImageObject\",\"inLanguage\":\"es\",\"@id\":\"https:\\\/\\\/voz4all.com\\\/#\\\/schema\\\/logo\\\/image\\\/\",\"url\":\"https:\\\/\\\/voz4all.com\\\/wp-content\\\/uploads\\\/2021\\\/08\\\/cropped-AEAV-LOGO-OK-2021-08-15-a-las-1.31.50.png\",\"contentUrl\":\"https:\\\/\\\/voz4all.com\\\/wp-content\\\/uploads\\\/2021\\\/08\\\/cropped-AEAV-LOGO-OK-2021-08-15-a-las-1.31.50.png\",\"width\":942,\"height\":846,\"caption\":\"Academia Europea del Arte Vocal\"},\"image\":{\"@id\":\"https:\\\/\\\/voz4all.com\\\/#\\\/schema\\\/logo\\\/image\\\/\"}}]}<\/script>\n<!-- \/ Yoast SEO plugin. -->","yoast_head_json":{"title":"Ejercicios para mejorar tu Respiraci\u00f3n - Academia Europea del Arte Vocal","robots":{"index":"index","follow":"follow","max-snippet":"max-snippet:-1","max-image-preview":"max-image-preview:large","max-video-preview":"max-video-preview:-1"},"canonical":"https:\/\/voz4all.com\/index.php\/producto\/ejercicios-para-mejorar-tu-respiracion\/","og_locale":"es_ES","og_type":"article","og_title":"Ejercicios para mejorar tu Respiraci\u00f3n - Academia Europea del Arte Vocal","og_description":"Profesora: PILAR JURADO  10 v\u00eddeos tutoriales e interactivos\u00a0que te ayudar\u00e1n a ampliar tu capacidad respiratoria y controlar tu\u00a0fiato\u00a0al cantar.","og_url":"https:\/\/voz4all.com\/index.php\/producto\/ejercicios-para-mejorar-tu-respiracion\/","og_site_name":"Academia Europea del Arte Vocal","article_modified_time":"2025-02-26T00:03:37+00:00","og_image":[{"width":400,"height":400,"url":"https:\/\/voz4all.com\/wp-content\/uploads\/2021\/10\/3d-box-4.png","type":"image\/png"}],"twitter_card":"summary_large_image","twitter_misc":{"Tiempo de lectura":"1 minuto"},"schema":{"@context":"https:\/\/schema.org","@graph":[{"@type":"WebPage","@id":"https:\/\/voz4all.com\/index.php\/producto\/ejercicios-para-mejorar-tu-respiracion\/","url":"https:\/\/voz4all.com\/index.php\/producto\/ejercicios-para-mejorar-tu-respiracion\/","name":"Ejercicios para mejorar tu Respiraci\u00f3n - Academia Europea del Arte Vocal","isPartOf":{"@id":"https:\/\/voz4all.com\/#website"},"primaryImageOfPage":{"@id":"https:\/\/voz4all.com\/index.php\/producto\/ejercicios-para-mejorar-tu-respiracion\/#primaryimage"},"image":{"@id":"https:\/\/voz4all.com\/index.php\/producto\/ejercicios-para-mejorar-tu-respiracion\/#primaryimage"},"thumbnailUrl":"https:\/\/voz4all.com\/wp-content\/uploads\/2021\/10\/3d-box-4.png","datePublished":"2023-02-12T18:39:31+00:00","dateModified":"2025-02-26T00:03:37+00:00","breadcrumb":{"@id":"https:\/\/voz4all.com\/index.php\/producto\/ejercicios-para-mejorar-tu-respiracion\/#breadcrumb"},"inLanguage":"es","potentialAction":[{"@type":"ReadAction","target":["https:\/\/voz4all.com\/index.php\/producto\/ejercicios-para-mejorar-tu-respiracion\/"]}]},{"@type":"ImageObject","inLanguage":"es","@id":"https:\/\/voz4all.com\/index.php\/producto\/ejercicios-para-mejorar-tu-respiracion\/#primaryimage","url":"https:\/\/voz4all.com\/wp-content\/uploads\/2021\/10\/3d-box-4.png","contentUrl":"https:\/\/voz4all.com\/wp-content\/uploads\/2021\/10\/3d-box-4.png","width":400,"height":400},{"@type":"BreadcrumbList","@id":"https:\/\/voz4all.com\/index.php\/producto\/ejercicios-para-mejorar-tu-respiracion\/#breadcrumb","itemListElement":[{"@type":"ListItem","position":1,"name":"Portada","item":"https:\/\/voz4all.com\/"},{"@type":"ListItem","position":2,"name":"Tienda","item":"https:\/\/voz4all.com\/index.php\/tienda\/"},{"@type":"ListItem","position":3,"name":"Ejercicios para mejorar tu Respiraci\u00f3n"}]},{"@type":"WebSite","@id":"https:\/\/voz4all.com\/#website","url":"https:\/\/voz4all.com\/","name":"Academia Europea del Arte Vocal","description":"Academia de Alto Rendimiento para la Voz y sus profesionales","publisher":{"@id":"https:\/\/voz4all.com\/#organization"},"potentialAction":[{"@type":"SearchAction","target":{"@type":"EntryPoint","urlTemplate":"https:\/\/voz4all.com\/?s={search_term_string}"},"query-input":{"@type":"PropertyValueSpecification","valueRequired":true,"valueName":"search_term_string"}}],"inLanguage":"es"},{"@type":"Organization","@id":"https:\/\/voz4all.com\/#organization","name":"Academia Europea del Arte Vocal","url":"https:\/\/voz4all.com\/","logo":{"@type":"ImageObject","inLanguage":"es","@id":"https:\/\/voz4all.com\/#\/schema\/logo\/image\/","url":"https:\/\/voz4all.com\/wp-content\/uploads\/2021\/08\/cropped-AEAV-LOGO-OK-2021-08-15-a-las-1.31.50.png","contentUrl":"https:\/\/voz4all.com\/wp-content\/uploads\/2021\/08\/cropped-AEAV-LOGO-OK-2021-08-15-a-las-1.31.50.png","width":942,"height":846,"caption":"Academia Europea del Arte Vocal"},"image":{"@id":"https:\/\/voz4all.com\/#\/schema\/logo\/image\/"}}]}},"_links":{"self":[{"href":"https:\/\/voz4all.com\/index.php\/wp-json\/wp\/v2\/product\/3975","targetHints":{"allow":["GET"]}}],"collection":[{"href":"https:\/\/voz4all.com\/index.php\/wp-json\/wp\/v2\/product"}],"about":[{"href":"https:\/\/voz4all.com\/index.php\/wp-json\/wp\/v2\/types\/product"}],"replies":[{"embeddable":true,"href":"https:\/\/voz4all.com\/index.php\/wp-json\/wp\/v2\/comments?post=3975"}],"version-history":[{"count":1,"href":"https:\/\/voz4all.com\/index.php\/wp-json\/wp\/v2\/product\/3975\/revisions"}],"predecessor-version":[{"id":3976,"href":"https:\/\/voz4all.com\/index.php\/wp-json\/wp\/v2\/product\/3975\/revisions\/3976"}],"wp:featuredmedia":[{"embeddable":true,"href":"https:\/\/voz4all.com\/index.php\/wp-json\/wp\/v2\/media\/3171"}],"wp:attachment":[{"href":"https:\/\/voz4all.com\/index.php\/wp-json\/wp\/v2\/media?parent=3975"}],"wp:term":[{"taxonomy":"product_brand","embeddable":true,"href":"https:\/\/voz4all.com\/index.php\/wp-json\/wp\/v2\/product_brand?post=3975"},{"taxonomy":"product_cat","embeddable":true,"href":"https:\/\/voz4all.com\/index.php\/wp-json\/wp\/v2\/product_cat?post=3975"},{"taxonomy":"product_tag","embeddable":true,"href":"https:\/\/voz4all.com\/index.php\/wp-json\/wp\/v2\/product_tag?post=3975"}],"curies":[{"name":"wp","href":"https:\/\/api.w.org\/{rel}","templated":true}]}}