{"id":3978,"date":"2023-02-12T18:50:24","date_gmt":"2023-02-12T18:50:24","guid":{"rendered":"https:\/\/voz4all.com\/?post_type=product&#038;p=3978"},"modified":"2025-02-26T00:03:37","modified_gmt":"2025-02-26T00:03:37","slug":"ejercicios-para-mejorar-tu-appoggio","status":"publish","type":"product","link":"https:\/\/voz4all.com\/index.php\/producto\/ejercicios-para-mejorar-tu-appoggio\/","title":{"rendered":"Ejercicios para mejorar tu Appoggio"},"content":{"rendered":"<p><iframe title=\"YouTube video player\" src=\"https:\/\/www.youtube.com\/embed\/xyAv1HaxW9w?start=41\" width=\"560\" height=\"315\" frameborder=\"0\" allowfullscreen=\"allowfullscreen\"><span data-mce-type=\"bookmark\" style=\"display: inline-block; width: 0px; overflow: hidden; line-height: 0;\" class=\"mce_SELRES_start\">\ufeff<\/span><\/iframe><\/p>\n<p>Este curso de EJERCICIOS PARA MEJORAR TU APPOGGIO es uno de los m\u00e1s demandados por los cantantes profesionales y quienes estudian para serlo.<\/p>\n<p>Prof. <strong>Pilar Jurado<\/strong><\/p>\n<p>&nbsp;<\/p>\n<p>El buen uso de nuestro diafragma es fundamental para sostener nuestro sonido y conseguir que nuestros resonadores puedan vibrar correctamente y as\u00ed obtener la mejor calidad de nuestra voz. Desafortunadamente hay mucha gente que ha oido hablar del &#8220;appoggio&#8221; pero no sabe ni qu\u00e9 es, ni c\u00f3mo se hace. Con estos ejercicios vas a entender qu\u00e9 es, c\u00f3mo hay que utilizarlo y de qu\u00e9 manera hacerlo funcionar mejor. Un entrenamiento diario con estos ejercicios te ayudar\u00e1 a consolidar tu voz y avanzar mucho m\u00e1s en la t\u00e9cnica vocal.<\/p>\n","protected":false},"excerpt":{"rendered":"<p>&nbsp;<\/p>\n<p>Prof. <strong>Pilar Jurado<\/strong><\/p>\n<blockquote>\n<h3><span style=\"color: #b09438;\"><strong>&#8220;Un curso imprescindible para conocer y aprender a utilizar una parte imprescindible del canto.&#8221;<\/strong><\/span><\/h3>\n<\/blockquote>\n<p>El buen uso de nuestro diafragma es fundamental para sostener nuestro sonido y conseguir que nuestros <em>resonadores<\/em> puedan vibrar correctamente y as\u00ed obtener la mejor calidad de nuestra voz. Desafortunadamente, hay mucha gente que ha o\u00eddo hablar del <em>&#8220;appoggio&#8221;<\/em> pero no sabe ni qu\u00e9 es, ni c\u00f3mo se hace. Con estos ejercicios vas a entender <strong>qu\u00e9 es, c\u00f3mo hay que utilizarlo y de qu\u00e9 manera hacerlo funcionar mejor<\/strong>.<\/p>\n<p style=\"text-align: right;\">* Puedes disfrutar de promociones especiales <strong>siempre<\/strong> si eres <strong>AMIGO de la ACADEMIA EUROPEA DEL ARTE VOCAL<\/strong><\/p>\n<p style=\"text-align: right;\">Si quieres tener m\u00e1s informaci\u00f3n <a href=\"https:\/\/voz4all.com\/index.php\/amigos-de-la-academia-europea-del-arte-vocal\/\"><span style=\"color: #ff6600;\"><strong>PULSA AQU\u00cd\u00a0<\/strong><\/span><\/a><\/p>\n<p>&nbsp;<\/p>\n","protected":false},"featured_media":3161,"comment_status":"open","ping_status":"closed","template":"","meta":{"site-sidebar-layout":"default","site-content-layout":"default","ast-site-content-layout":"default","site-content-style":"default","site-sidebar-style":"default","ast-global-header-display":"","ast-banner-title-visibility":"","ast-main-header-display":"","ast-hfb-above-header-display":"","ast-hfb-below-header-display":"","ast-hfb-mobile-header-display":"","site-post-title":"","ast-breadcrumbs-content":"","ast-featured-img":"","footer-sml-layout":"","ast-disable-related-posts":"","theme-transparent-header-meta":"default","adv-header-id-meta":"","stick-header-meta":"","header-above-stick-meta":"","header-main-stick-meta":"","header-below-stick-meta":"","astra-migrate-meta-layouts":"set","ast-page-background-enabled":"default","ast-page-background-meta":{"desktop":{"background-color":"","background-image":"","background-repeat":"repeat","background-position":"center center","background-size":"auto","background-attachment":"scroll","background-type":"","background-media":"","overlay-type":"","overlay-color":"","overlay-opacity":"","overlay-gradient":""},"tablet":{"background-color":"","background-image":"","background-repeat":"repeat","background-position":"center center","background-size":"auto","background-attachment":"scroll","background-type":"","background-media":"","overlay-type":"","overlay-color":"","overlay-opacity":"","overlay-gradient":""},"mobile":{"background-color":"","background-image":"","background-repeat":"repeat","background-position":"center center","background-size":"auto","background-attachment":"scroll","background-type":"","background-media":"","overlay-type":"","overlay-color":"","overlay-opacity":"","overlay-gradient":""}},"ast-content-background-meta":{"desktop":{"background-color":"var(--ast-global-color-5)","background-image":"","background-repeat":"repeat","background-position":"center center","background-size":"auto","background-attachment":"scroll","background-type":"","background-media":"","overlay-type":"","overlay-color":"","overlay-opacity":"","overlay-gradient":""},"tablet":{"background-color":"var(--ast-global-color-5)","background-image":"","background-repeat":"repeat","background-position":"center center","background-size":"auto","background-attachment":"scroll","background-type":"","background-media":"","overlay-type":"","overlay-color":"","overlay-opacity":"","overlay-gradient":""},"mobile":{"background-color":"var(--ast-global-color-5)","background-image":"","background-repeat":"repeat","background-position":"center center","background-size":"auto","background-attachment":"scroll","background-type":"","background-media":"","overlay-type":"","overlay-color":"","overlay-opacity":"","overlay-gradient":""}}},"product_brand":[],"product_cat":[36,41],"product_tag":[],"class_list":{"0":"post-3978","1":"product","2":"type-product","3":"status-publish","4":"has-post-thumbnail","6":"product_cat-cursos","7":"product_cat-tecnica-vocal","8":"desktop-align-left","9":"tablet-align-left","10":"mobile-align-left","12":"first","13":"instock","14":"virtual","15":"purchasable","16":"product-type-simple"},"yoast_head":"<!-- This site is optimized with the Yoast SEO plugin v27.4 - https:\/\/yoast.com\/product\/yoast-seo-wordpress\/ -->\n<title>Ejercicios para mejorar tu Appoggio - Academia Europea del Arte Vocal<\/title>\n<meta name=\"robots\" content=\"index, follow, max-snippet:-1, max-image-preview:large, max-video-preview:-1\" \/>\n<link rel=\"canonical\" href=\"https:\/\/voz4all.com\/index.php\/producto\/ejercicios-para-mejorar-tu-appoggio\/\" \/>\n<meta property=\"og:locale\" content=\"es_ES\" \/>\n<meta property=\"og:type\" content=\"article\" \/>\n<meta property=\"og:title\" content=\"Ejercicios para mejorar tu Appoggio - Academia Europea del Arte Vocal\" \/>\n<meta property=\"og:description\" content=\"&nbsp;  Prof. Pilar Jurado  &quot;Un curso imprescindible para conocer y aprender a utilizar una parte imprescindible del canto.&quot;  El buen uso de nuestro diafragma es fundamental para sostener nuestro sonido y conseguir que nuestros resonadores puedan vibrar correctamente y as\u00ed obtener la mejor calidad de nuestra voz. Desafortunadamente, hay mucha gente que ha o\u00eddo hablar del &quot;appoggio&quot; pero no sabe ni qu\u00e9 es, ni c\u00f3mo se hace. Con estos ejercicios vas a entender qu\u00e9 es, c\u00f3mo hay que utilizarlo y de qu\u00e9 manera hacerlo funcionar mejor. * Puedes disfrutar de promociones especiales siempre si eres AMIGO de la ACADEMIA EUROPEA DEL ARTE VOCAL Si quieres tener m\u00e1s informaci\u00f3n PULSA AQU\u00cd\u00a0 &nbsp;\" \/>\n<meta property=\"og:url\" content=\"https:\/\/voz4all.com\/index.php\/producto\/ejercicios-para-mejorar-tu-appoggio\/\" \/>\n<meta property=\"og:site_name\" content=\"Academia Europea del Arte Vocal\" \/>\n<meta property=\"article:modified_time\" content=\"2025-02-26T00:03:37+00:00\" \/>\n<meta property=\"og:image\" content=\"https:\/\/voz4all.com\/wp-content\/uploads\/2022\/10\/3d-box-1.png\" \/>\n\t<meta property=\"og:image:width\" content=\"400\" \/>\n\t<meta property=\"og:image:height\" content=\"400\" \/>\n\t<meta property=\"og:image:type\" content=\"image\/png\" \/>\n<meta name=\"twitter:card\" content=\"summary_large_image\" \/>\n<meta name=\"twitter:label1\" content=\"Tiempo de lectura\" \/>\n\t<meta name=\"twitter:data1\" content=\"1 minuto\" \/>\n<script type=\"application\/ld+json\" class=\"yoast-schema-graph\">{\"@context\":\"https:\\\/\\\/schema.org\",\"@graph\":[{\"@type\":\"WebPage\",\"@id\":\"https:\\\/\\\/voz4all.com\\\/index.php\\\/producto\\\/ejercicios-para-mejorar-tu-appoggio\\\/\",\"url\":\"https:\\\/\\\/voz4all.com\\\/index.php\\\/producto\\\/ejercicios-para-mejorar-tu-appoggio\\\/\",\"name\":\"Ejercicios para mejorar tu Appoggio - Academia Europea del Arte Vocal\",\"isPartOf\":{\"@id\":\"https:\\\/\\\/voz4all.com\\\/#website\"},\"primaryImageOfPage\":{\"@id\":\"https:\\\/\\\/voz4all.com\\\/index.php\\\/producto\\\/ejercicios-para-mejorar-tu-appoggio\\\/#primaryimage\"},\"image\":{\"@id\":\"https:\\\/\\\/voz4all.com\\\/index.php\\\/producto\\\/ejercicios-para-mejorar-tu-appoggio\\\/#primaryimage\"},\"thumbnailUrl\":\"https:\\\/\\\/voz4all.com\\\/wp-content\\\/uploads\\\/2022\\\/10\\\/3d-box-1.png\",\"datePublished\":\"2023-02-12T18:50:24+00:00\",\"dateModified\":\"2025-02-26T00:03:37+00:00\",\"breadcrumb\":{\"@id\":\"https:\\\/\\\/voz4all.com\\\/index.php\\\/producto\\\/ejercicios-para-mejorar-tu-appoggio\\\/#breadcrumb\"},\"inLanguage\":\"es\",\"potentialAction\":[{\"@type\":\"ReadAction\",\"target\":[\"https:\\\/\\\/voz4all.com\\\/index.php\\\/producto\\\/ejercicios-para-mejorar-tu-appoggio\\\/\"]}]},{\"@type\":\"ImageObject\",\"inLanguage\":\"es\",\"@id\":\"https:\\\/\\\/voz4all.com\\\/index.php\\\/producto\\\/ejercicios-para-mejorar-tu-appoggio\\\/#primaryimage\",\"url\":\"https:\\\/\\\/voz4all.com\\\/wp-content\\\/uploads\\\/2022\\\/10\\\/3d-box-1.png\",\"contentUrl\":\"https:\\\/\\\/voz4all.com\\\/wp-content\\\/uploads\\\/2022\\\/10\\\/3d-box-1.png\",\"width\":400,\"height\":400},{\"@type\":\"BreadcrumbList\",\"@id\":\"https:\\\/\\\/voz4all.com\\\/index.php\\\/producto\\\/ejercicios-para-mejorar-tu-appoggio\\\/#breadcrumb\",\"itemListElement\":[{\"@type\":\"ListItem\",\"position\":1,\"name\":\"Portada\",\"item\":\"https:\\\/\\\/voz4all.com\\\/\"},{\"@type\":\"ListItem\",\"position\":2,\"name\":\"Tienda\",\"item\":\"https:\\\/\\\/voz4all.com\\\/index.php\\\/tienda\\\/\"},{\"@type\":\"ListItem\",\"position\":3,\"name\":\"Ejercicios para mejorar tu Appoggio\"}]},{\"@type\":\"WebSite\",\"@id\":\"https:\\\/\\\/voz4all.com\\\/#website\",\"url\":\"https:\\\/\\\/voz4all.com\\\/\",\"name\":\"Academia Europea del Arte Vocal\",\"description\":\"Academia de Alto Rendimiento para la Voz y sus profesionales\",\"publisher\":{\"@id\":\"https:\\\/\\\/voz4all.com\\\/#organization\"},\"potentialAction\":[{\"@type\":\"SearchAction\",\"target\":{\"@type\":\"EntryPoint\",\"urlTemplate\":\"https:\\\/\\\/voz4all.com\\\/?s={search_term_string}\"},\"query-input\":{\"@type\":\"PropertyValueSpecification\",\"valueRequired\":true,\"valueName\":\"search_term_string\"}}],\"inLanguage\":\"es\"},{\"@type\":\"Organization\",\"@id\":\"https:\\\/\\\/voz4all.com\\\/#organization\",\"name\":\"Academia Europea del Arte Vocal\",\"url\":\"https:\\\/\\\/voz4all.com\\\/\",\"logo\":{\"@type\":\"ImageObject\",\"inLanguage\":\"es\",\"@id\":\"https:\\\/\\\/voz4all.com\\\/#\\\/schema\\\/logo\\\/image\\\/\",\"url\":\"https:\\\/\\\/voz4all.com\\\/wp-content\\\/uploads\\\/2021\\\/08\\\/cropped-AEAV-LOGO-OK-2021-08-15-a-las-1.31.50.png\",\"contentUrl\":\"https:\\\/\\\/voz4all.com\\\/wp-content\\\/uploads\\\/2021\\\/08\\\/cropped-AEAV-LOGO-OK-2021-08-15-a-las-1.31.50.png\",\"width\":942,\"height\":846,\"caption\":\"Academia Europea del Arte Vocal\"},\"image\":{\"@id\":\"https:\\\/\\\/voz4all.com\\\/#\\\/schema\\\/logo\\\/image\\\/\"}}]}<\/script>\n<!-- \/ Yoast SEO plugin. -->","yoast_head_json":{"title":"Ejercicios para mejorar tu Appoggio - Academia Europea del Arte Vocal","robots":{"index":"index","follow":"follow","max-snippet":"max-snippet:-1","max-image-preview":"max-image-preview:large","max-video-preview":"max-video-preview:-1"},"canonical":"https:\/\/voz4all.com\/index.php\/producto\/ejercicios-para-mejorar-tu-appoggio\/","og_locale":"es_ES","og_type":"article","og_title":"Ejercicios para mejorar tu Appoggio - Academia Europea del Arte Vocal","og_description":"&nbsp;  Prof. Pilar Jurado  \"Un curso imprescindible para conocer y aprender a utilizar una parte imprescindible del canto.\"  El buen uso de nuestro diafragma es fundamental para sostener nuestro sonido y conseguir que nuestros resonadores puedan vibrar correctamente y as\u00ed obtener la mejor calidad de nuestra voz. Desafortunadamente, hay mucha gente que ha o\u00eddo hablar del \"appoggio\" pero no sabe ni qu\u00e9 es, ni c\u00f3mo se hace. Con estos ejercicios vas a entender qu\u00e9 es, c\u00f3mo hay que utilizarlo y de qu\u00e9 manera hacerlo funcionar mejor. * Puedes disfrutar de promociones especiales siempre si eres AMIGO de la ACADEMIA EUROPEA DEL ARTE VOCAL Si quieres tener m\u00e1s informaci\u00f3n PULSA AQU\u00cd\u00a0 &nbsp;","og_url":"https:\/\/voz4all.com\/index.php\/producto\/ejercicios-para-mejorar-tu-appoggio\/","og_site_name":"Academia Europea del Arte Vocal","article_modified_time":"2025-02-26T00:03:37+00:00","og_image":[{"width":400,"height":400,"url":"https:\/\/voz4all.com\/wp-content\/uploads\/2022\/10\/3d-box-1.png","type":"image\/png"}],"twitter_card":"summary_large_image","twitter_misc":{"Tiempo de lectura":"1 minuto"},"schema":{"@context":"https:\/\/schema.org","@graph":[{"@type":"WebPage","@id":"https:\/\/voz4all.com\/index.php\/producto\/ejercicios-para-mejorar-tu-appoggio\/","url":"https:\/\/voz4all.com\/index.php\/producto\/ejercicios-para-mejorar-tu-appoggio\/","name":"Ejercicios para mejorar tu Appoggio - Academia Europea del Arte Vocal","isPartOf":{"@id":"https:\/\/voz4all.com\/#website"},"primaryImageOfPage":{"@id":"https:\/\/voz4all.com\/index.php\/producto\/ejercicios-para-mejorar-tu-appoggio\/#primaryimage"},"image":{"@id":"https:\/\/voz4all.com\/index.php\/producto\/ejercicios-para-mejorar-tu-appoggio\/#primaryimage"},"thumbnailUrl":"https:\/\/voz4all.com\/wp-content\/uploads\/2022\/10\/3d-box-1.png","datePublished":"2023-02-12T18:50:24+00:00","dateModified":"2025-02-26T00:03:37+00:00","breadcrumb":{"@id":"https:\/\/voz4all.com\/index.php\/producto\/ejercicios-para-mejorar-tu-appoggio\/#breadcrumb"},"inLanguage":"es","potentialAction":[{"@type":"ReadAction","target":["https:\/\/voz4all.com\/index.php\/producto\/ejercicios-para-mejorar-tu-appoggio\/"]}]},{"@type":"ImageObject","inLanguage":"es","@id":"https:\/\/voz4all.com\/index.php\/producto\/ejercicios-para-mejorar-tu-appoggio\/#primaryimage","url":"https:\/\/voz4all.com\/wp-content\/uploads\/2022\/10\/3d-box-1.png","contentUrl":"https:\/\/voz4all.com\/wp-content\/uploads\/2022\/10\/3d-box-1.png","width":400,"height":400},{"@type":"BreadcrumbList","@id":"https:\/\/voz4all.com\/index.php\/producto\/ejercicios-para-mejorar-tu-appoggio\/#breadcrumb","itemListElement":[{"@type":"ListItem","position":1,"name":"Portada","item":"https:\/\/voz4all.com\/"},{"@type":"ListItem","position":2,"name":"Tienda","item":"https:\/\/voz4all.com\/index.php\/tienda\/"},{"@type":"ListItem","position":3,"name":"Ejercicios para mejorar tu Appoggio"}]},{"@type":"WebSite","@id":"https:\/\/voz4all.com\/#website","url":"https:\/\/voz4all.com\/","name":"Academia Europea del Arte Vocal","description":"Academia de Alto Rendimiento para la Voz y sus profesionales","publisher":{"@id":"https:\/\/voz4all.com\/#organization"},"potentialAction":[{"@type":"SearchAction","target":{"@type":"EntryPoint","urlTemplate":"https:\/\/voz4all.com\/?s={search_term_string}"},"query-input":{"@type":"PropertyValueSpecification","valueRequired":true,"valueName":"search_term_string"}}],"inLanguage":"es"},{"@type":"Organization","@id":"https:\/\/voz4all.com\/#organization","name":"Academia Europea del Arte Vocal","url":"https:\/\/voz4all.com\/","logo":{"@type":"ImageObject","inLanguage":"es","@id":"https:\/\/voz4all.com\/#\/schema\/logo\/image\/","url":"https:\/\/voz4all.com\/wp-content\/uploads\/2021\/08\/cropped-AEAV-LOGO-OK-2021-08-15-a-las-1.31.50.png","contentUrl":"https:\/\/voz4all.com\/wp-content\/uploads\/2021\/08\/cropped-AEAV-LOGO-OK-2021-08-15-a-las-1.31.50.png","width":942,"height":846,"caption":"Academia Europea del Arte Vocal"},"image":{"@id":"https:\/\/voz4all.com\/#\/schema\/logo\/image\/"}}]}},"_links":{"self":[{"href":"https:\/\/voz4all.com\/index.php\/wp-json\/wp\/v2\/product\/3978","targetHints":{"allow":["GET"]}}],"collection":[{"href":"https:\/\/voz4all.com\/index.php\/wp-json\/wp\/v2\/product"}],"about":[{"href":"https:\/\/voz4all.com\/index.php\/wp-json\/wp\/v2\/types\/product"}],"replies":[{"embeddable":true,"href":"https:\/\/voz4all.com\/index.php\/wp-json\/wp\/v2\/comments?post=3978"}],"version-history":[{"count":7,"href":"https:\/\/voz4all.com\/index.php\/wp-json\/wp\/v2\/product\/3978\/revisions"}],"predecessor-version":[{"id":4032,"href":"https:\/\/voz4all.com\/index.php\/wp-json\/wp\/v2\/product\/3978\/revisions\/4032"}],"wp:featuredmedia":[{"embeddable":true,"href":"https:\/\/voz4all.com\/index.php\/wp-json\/wp\/v2\/media\/3161"}],"wp:attachment":[{"href":"https:\/\/voz4all.com\/index.php\/wp-json\/wp\/v2\/media?parent=3978"}],"wp:term":[{"taxonomy":"product_brand","embeddable":true,"href":"https:\/\/voz4all.com\/index.php\/wp-json\/wp\/v2\/product_brand?post=3978"},{"taxonomy":"product_cat","embeddable":true,"href":"https:\/\/voz4all.com\/index.php\/wp-json\/wp\/v2\/product_cat?post=3978"},{"taxonomy":"product_tag","embeddable":true,"href":"https:\/\/voz4all.com\/index.php\/wp-json\/wp\/v2\/product_tag?post=3978"}],"curies":[{"name":"wp","href":"https:\/\/api.w.org\/{rel}","templated":true}]}}