{"id":3989,"date":"2023-02-12T19:43:35","date_gmt":"2023-02-12T19:43:35","guid":{"rendered":"https:\/\/voz4all.com\/?post_type=product&#038;p=3989"},"modified":"2024-09-28T00:01:30","modified_gmt":"2024-09-28T00:01:30","slug":"ejercicios-para-mejorar-tu-coloratura","status":"publish","type":"product","link":"https:\/\/voz4all.com\/index.php\/producto\/ejercicios-para-mejorar-tu-coloratura\/","title":{"rendered":"Ejercicios para mejorar tu Coloratura"},"content":{"rendered":"<p><iframe title=\"YouTube video player\" src=\"https:\/\/www.youtube.com\/embed\/WSmxAghH3oo?controls=0&amp;start=12\" width=\"560\" height=\"315\" frameborder=\"0\" allowfullscreen=\"allowfullscreen\"><span data-mce-type=\"bookmark\" style=\"display: inline-block; width: 0px; overflow: hidden; line-height: 0;\" class=\"mce_SELRES_start\">\ufeff<\/span><\/iframe><\/p>\n<p>Este curso de EJERCICIOS PARA MEJORAR TU COLORATURA es un curso super especializado que te ayudar\u00e1 a conseguir un fant\u00e1stico virtuosismo en tu voz.<\/p>\n<p><span style=\"font-family: -apple-system, BlinkMacSystemFont, 'Segoe UI', Roboto, Oxygen-Sans, Ubuntu, Cantarell, 'Helvetica Neue', sans-serif;\">Prof. <\/span><strong style=\"font-family: -apple-system, BlinkMacSystemFont, 'Segoe UI', Roboto, Oxygen-Sans, Ubuntu, Cantarell, 'Helvetica Neue', sans-serif;\">Pilar Jurado<\/strong><\/p>\n<p>&nbsp;<\/p>\n<p><strong>&#8220;Un curso imprescindible para quienes necesitan mejorar las agilidades y el virtuosismo en su voz.&#8221;<\/strong><\/p>\n<p>Hay voces que poseen una predisposici\u00f3n a la <em>coloratura<\/em> y otras voces que no la tienen. Unas y otras necesitan trabajar la agilidad en la voz y para ello tienen que conocer la verdadera <em>T\u00e9cnica de la Coloratura\u00a0<\/em>y los ejercicios que la desarrollan. Todo ello lo vas a encontrar en este curso de una forma clara, directa y divertida, porque \u00a1tambi\u00e9n se puede disfrutar haciendo <em>coloraturas<\/em>!<\/p>\n","protected":false},"excerpt":{"rendered":"<p>&nbsp;<\/p>\n<p>Prof. <strong>Pilar Jurado<\/strong><\/p>\n<blockquote>\n<h3><span style=\"color: #b09438;\"><strong>&#8220;Un curso imprescindible para quienes necesitan mejorar las agilidades y el virtuosismo en su voz&#8221;<\/strong><\/span><\/h3>\n<\/blockquote>\n<p>Hay voces que poseen una predisposici\u00f3n a la <em>coloratura<\/em> y otras voces que no la tienen. Unas y otras necesitan trabajar la agilidad en la voz y para ello tienen que conocer la verdadera <em>T\u00e9cnica de la Coloratura\u00a0<\/em>y los ejercicios que la desarrollan. Con estos ejercicios vas a entender <strong>qu\u00e9 es la Coloratura, c\u00f3mo desarrollarla y de qu\u00e9 manera hacerla funcionar mejor<\/strong>.<\/p>\n<p style=\"text-align: right;\">* Puedes disfrutar de promociones especiales <strong>siempre<\/strong> si eres <strong>AMIGO de la ACADEMIA EUROPEA DEL ARTE VOCAL<\/strong><\/p>\n<p style=\"text-align: right;\">Si quieres tener m\u00e1s informaci\u00f3n <a href=\"https:\/\/voz4all.com\/index.php\/amigos-de-la-academia-europea-del-arte-vocal\/\"><span style=\"color: #ff6600;\"><strong>PULSA AQU\u00cd\u00a0<\/strong><\/span><\/a><\/p>\n<p>&nbsp;<\/p>\n","protected":false},"featured_media":3160,"comment_status":"open","ping_status":"closed","template":"","meta":{"site-sidebar-layout":"default","site-content-layout":"default","ast-site-content-layout":"default","site-content-style":"default","site-sidebar-style":"default","ast-global-header-display":"","ast-banner-title-visibility":"","ast-main-header-display":"","ast-hfb-above-header-display":"","ast-hfb-below-header-display":"","ast-hfb-mobile-header-display":"","site-post-title":"","ast-breadcrumbs-content":"","ast-featured-img":"","footer-sml-layout":"","ast-disable-related-posts":"","theme-transparent-header-meta":"default","adv-header-id-meta":"","stick-header-meta":"","header-above-stick-meta":"","header-main-stick-meta":"","header-below-stick-meta":"","astra-migrate-meta-layouts":"set","ast-page-background-enabled":"default","ast-page-background-meta":{"desktop":{"background-color":"","background-image":"","background-repeat":"repeat","background-position":"center center","background-size":"auto","background-attachment":"scroll","background-type":"","background-media":"","overlay-type":"","overlay-color":"","overlay-opacity":"","overlay-gradient":""},"tablet":{"background-color":"","background-image":"","background-repeat":"repeat","background-position":"center center","background-size":"auto","background-attachment":"scroll","background-type":"","background-media":"","overlay-type":"","overlay-color":"","overlay-opacity":"","overlay-gradient":""},"mobile":{"background-color":"","background-image":"","background-repeat":"repeat","background-position":"center center","background-size":"auto","background-attachment":"scroll","background-type":"","background-media":"","overlay-type":"","overlay-color":"","overlay-opacity":"","overlay-gradient":""}},"ast-content-background-meta":{"desktop":{"background-color":"var(--ast-global-color-5)","background-image":"","background-repeat":"repeat","background-position":"center center","background-size":"auto","background-attachment":"scroll","background-type":"","background-media":"","overlay-type":"","overlay-color":"","overlay-opacity":"","overlay-gradient":""},"tablet":{"background-color":"var(--ast-global-color-5)","background-image":"","background-repeat":"repeat","background-position":"center center","background-size":"auto","background-attachment":"scroll","background-type":"","background-media":"","overlay-type":"","overlay-color":"","overlay-opacity":"","overlay-gradient":""},"mobile":{"background-color":"var(--ast-global-color-5)","background-image":"","background-repeat":"repeat","background-position":"center center","background-size":"auto","background-attachment":"scroll","background-type":"","background-media":"","overlay-type":"","overlay-color":"","overlay-opacity":"","overlay-gradient":""}}},"product_brand":[],"product_cat":[36,41],"product_tag":[],"class_list":{"0":"post-3989","1":"product","2":"type-product","3":"status-publish","4":"has-post-thumbnail","6":"product_cat-cursos","7":"product_cat-tecnica-vocal","8":"desktop-align-left","9":"tablet-align-left","10":"mobile-align-left","12":"first","13":"instock","14":"purchasable","15":"product-type-simple"},"yoast_head":"<!-- This site is optimized with the Yoast SEO plugin v27.5 - https:\/\/yoast.com\/product\/yoast-seo-wordpress\/ -->\n<title>Ejercicios para mejorar tu Coloratura - Academia Europea del Arte Vocal<\/title>\n<meta name=\"robots\" content=\"index, follow, max-snippet:-1, max-image-preview:large, max-video-preview:-1\" \/>\n<link rel=\"canonical\" href=\"https:\/\/voz4all.com\/index.php\/producto\/ejercicios-para-mejorar-tu-coloratura\/\" \/>\n<meta property=\"og:locale\" content=\"es_ES\" \/>\n<meta property=\"og:type\" content=\"article\" \/>\n<meta property=\"og:title\" content=\"Ejercicios para mejorar tu Coloratura - Academia Europea del Arte Vocal\" \/>\n<meta property=\"og:description\" content=\"&nbsp;  Prof. Pilar Jurado  &quot;Un curso imprescindible para quienes necesitan mejorar las agilidades y el virtuosismo en su voz&quot;  Hay voces que poseen una predisposici\u00f3n a la coloratura y otras voces que no la tienen. Unas y otras necesitan trabajar la agilidad en la voz y para ello tienen que conocer la verdadera T\u00e9cnica de la Coloratura\u00a0y los ejercicios que la desarrollan. Con estos ejercicios vas a entender qu\u00e9 es la Coloratura, c\u00f3mo desarrollarla y de qu\u00e9 manera hacerla funcionar mejor. * Puedes disfrutar de promociones especiales siempre si eres AMIGO de la ACADEMIA EUROPEA DEL ARTE VOCAL Si quieres tener m\u00e1s informaci\u00f3n PULSA AQU\u00cd\u00a0 &nbsp;\" \/>\n<meta property=\"og:url\" content=\"https:\/\/voz4all.com\/index.php\/producto\/ejercicios-para-mejorar-tu-coloratura\/\" \/>\n<meta property=\"og:site_name\" content=\"Academia Europea del Arte Vocal\" \/>\n<meta property=\"article:modified_time\" content=\"2024-09-28T00:01:30+00:00\" \/>\n<meta property=\"og:image\" content=\"https:\/\/voz4all.com\/wp-content\/uploads\/2022\/10\/3d-box-2.png\" \/>\n\t<meta property=\"og:image:width\" content=\"400\" \/>\n\t<meta property=\"og:image:height\" content=\"400\" \/>\n\t<meta property=\"og:image:type\" content=\"image\/png\" \/>\n<meta name=\"twitter:card\" content=\"summary_large_image\" \/>\n<meta name=\"twitter:label1\" content=\"Tiempo de lectura\" \/>\n\t<meta name=\"twitter:data1\" content=\"1 minuto\" \/>\n<script type=\"application\/ld+json\" class=\"yoast-schema-graph\">{\"@context\":\"https:\\\/\\\/schema.org\",\"@graph\":[{\"@type\":\"WebPage\",\"@id\":\"https:\\\/\\\/voz4all.com\\\/index.php\\\/producto\\\/ejercicios-para-mejorar-tu-coloratura\\\/\",\"url\":\"https:\\\/\\\/voz4all.com\\\/index.php\\\/producto\\\/ejercicios-para-mejorar-tu-coloratura\\\/\",\"name\":\"Ejercicios para mejorar tu Coloratura - Academia Europea del Arte Vocal\",\"isPartOf\":{\"@id\":\"https:\\\/\\\/voz4all.com\\\/#website\"},\"primaryImageOfPage\":{\"@id\":\"https:\\\/\\\/voz4all.com\\\/index.php\\\/producto\\\/ejercicios-para-mejorar-tu-coloratura\\\/#primaryimage\"},\"image\":{\"@id\":\"https:\\\/\\\/voz4all.com\\\/index.php\\\/producto\\\/ejercicios-para-mejorar-tu-coloratura\\\/#primaryimage\"},\"thumbnailUrl\":\"https:\\\/\\\/voz4all.com\\\/wp-content\\\/uploads\\\/2022\\\/10\\\/3d-box-2.png\",\"datePublished\":\"2023-02-12T19:43:35+00:00\",\"dateModified\":\"2024-09-28T00:01:30+00:00\",\"breadcrumb\":{\"@id\":\"https:\\\/\\\/voz4all.com\\\/index.php\\\/producto\\\/ejercicios-para-mejorar-tu-coloratura\\\/#breadcrumb\"},\"inLanguage\":\"es\",\"potentialAction\":[{\"@type\":\"ReadAction\",\"target\":[\"https:\\\/\\\/voz4all.com\\\/index.php\\\/producto\\\/ejercicios-para-mejorar-tu-coloratura\\\/\"]}]},{\"@type\":\"ImageObject\",\"inLanguage\":\"es\",\"@id\":\"https:\\\/\\\/voz4all.com\\\/index.php\\\/producto\\\/ejercicios-para-mejorar-tu-coloratura\\\/#primaryimage\",\"url\":\"https:\\\/\\\/voz4all.com\\\/wp-content\\\/uploads\\\/2022\\\/10\\\/3d-box-2.png\",\"contentUrl\":\"https:\\\/\\\/voz4all.com\\\/wp-content\\\/uploads\\\/2022\\\/10\\\/3d-box-2.png\",\"width\":400,\"height\":400},{\"@type\":\"BreadcrumbList\",\"@id\":\"https:\\\/\\\/voz4all.com\\\/index.php\\\/producto\\\/ejercicios-para-mejorar-tu-coloratura\\\/#breadcrumb\",\"itemListElement\":[{\"@type\":\"ListItem\",\"position\":1,\"name\":\"Portada\",\"item\":\"https:\\\/\\\/voz4all.com\\\/\"},{\"@type\":\"ListItem\",\"position\":2,\"name\":\"Tienda\",\"item\":\"https:\\\/\\\/voz4all.com\\\/index.php\\\/tienda\\\/\"},{\"@type\":\"ListItem\",\"position\":3,\"name\":\"Ejercicios para mejorar tu Coloratura\"}]},{\"@type\":\"WebSite\",\"@id\":\"https:\\\/\\\/voz4all.com\\\/#website\",\"url\":\"https:\\\/\\\/voz4all.com\\\/\",\"name\":\"Academia Europea del Arte Vocal\",\"description\":\"Academia de Alto Rendimiento para la Voz y sus profesionales\",\"publisher\":{\"@id\":\"https:\\\/\\\/voz4all.com\\\/#organization\"},\"potentialAction\":[{\"@type\":\"SearchAction\",\"target\":{\"@type\":\"EntryPoint\",\"urlTemplate\":\"https:\\\/\\\/voz4all.com\\\/?s={search_term_string}\"},\"query-input\":{\"@type\":\"PropertyValueSpecification\",\"valueRequired\":true,\"valueName\":\"search_term_string\"}}],\"inLanguage\":\"es\"},{\"@type\":\"Organization\",\"@id\":\"https:\\\/\\\/voz4all.com\\\/#organization\",\"name\":\"Academia Europea del Arte Vocal\",\"url\":\"https:\\\/\\\/voz4all.com\\\/\",\"logo\":{\"@type\":\"ImageObject\",\"inLanguage\":\"es\",\"@id\":\"https:\\\/\\\/voz4all.com\\\/#\\\/schema\\\/logo\\\/image\\\/\",\"url\":\"https:\\\/\\\/voz4all.com\\\/wp-content\\\/uploads\\\/2021\\\/08\\\/cropped-AEAV-LOGO-OK-2021-08-15-a-las-1.31.50.png\",\"contentUrl\":\"https:\\\/\\\/voz4all.com\\\/wp-content\\\/uploads\\\/2021\\\/08\\\/cropped-AEAV-LOGO-OK-2021-08-15-a-las-1.31.50.png\",\"width\":942,\"height\":846,\"caption\":\"Academia Europea del Arte Vocal\"},\"image\":{\"@id\":\"https:\\\/\\\/voz4all.com\\\/#\\\/schema\\\/logo\\\/image\\\/\"}}]}<\/script>\n<!-- \/ Yoast SEO plugin. -->","yoast_head_json":{"title":"Ejercicios para mejorar tu Coloratura - Academia Europea del Arte Vocal","robots":{"index":"index","follow":"follow","max-snippet":"max-snippet:-1","max-image-preview":"max-image-preview:large","max-video-preview":"max-video-preview:-1"},"canonical":"https:\/\/voz4all.com\/index.php\/producto\/ejercicios-para-mejorar-tu-coloratura\/","og_locale":"es_ES","og_type":"article","og_title":"Ejercicios para mejorar tu Coloratura - Academia Europea del Arte Vocal","og_description":"&nbsp;  Prof. Pilar Jurado  \"Un curso imprescindible para quienes necesitan mejorar las agilidades y el virtuosismo en su voz\"  Hay voces que poseen una predisposici\u00f3n a la coloratura y otras voces que no la tienen. Unas y otras necesitan trabajar la agilidad en la voz y para ello tienen que conocer la verdadera T\u00e9cnica de la Coloratura\u00a0y los ejercicios que la desarrollan. Con estos ejercicios vas a entender qu\u00e9 es la Coloratura, c\u00f3mo desarrollarla y de qu\u00e9 manera hacerla funcionar mejor. * Puedes disfrutar de promociones especiales siempre si eres AMIGO de la ACADEMIA EUROPEA DEL ARTE VOCAL Si quieres tener m\u00e1s informaci\u00f3n PULSA AQU\u00cd\u00a0 &nbsp;","og_url":"https:\/\/voz4all.com\/index.php\/producto\/ejercicios-para-mejorar-tu-coloratura\/","og_site_name":"Academia Europea del Arte Vocal","article_modified_time":"2024-09-28T00:01:30+00:00","og_image":[{"width":400,"height":400,"url":"https:\/\/voz4all.com\/wp-content\/uploads\/2022\/10\/3d-box-2.png","type":"image\/png"}],"twitter_card":"summary_large_image","twitter_misc":{"Tiempo de lectura":"1 minuto"},"schema":{"@context":"https:\/\/schema.org","@graph":[{"@type":"WebPage","@id":"https:\/\/voz4all.com\/index.php\/producto\/ejercicios-para-mejorar-tu-coloratura\/","url":"https:\/\/voz4all.com\/index.php\/producto\/ejercicios-para-mejorar-tu-coloratura\/","name":"Ejercicios para mejorar tu Coloratura - Academia Europea del Arte Vocal","isPartOf":{"@id":"https:\/\/voz4all.com\/#website"},"primaryImageOfPage":{"@id":"https:\/\/voz4all.com\/index.php\/producto\/ejercicios-para-mejorar-tu-coloratura\/#primaryimage"},"image":{"@id":"https:\/\/voz4all.com\/index.php\/producto\/ejercicios-para-mejorar-tu-coloratura\/#primaryimage"},"thumbnailUrl":"https:\/\/voz4all.com\/wp-content\/uploads\/2022\/10\/3d-box-2.png","datePublished":"2023-02-12T19:43:35+00:00","dateModified":"2024-09-28T00:01:30+00:00","breadcrumb":{"@id":"https:\/\/voz4all.com\/index.php\/producto\/ejercicios-para-mejorar-tu-coloratura\/#breadcrumb"},"inLanguage":"es","potentialAction":[{"@type":"ReadAction","target":["https:\/\/voz4all.com\/index.php\/producto\/ejercicios-para-mejorar-tu-coloratura\/"]}]},{"@type":"ImageObject","inLanguage":"es","@id":"https:\/\/voz4all.com\/index.php\/producto\/ejercicios-para-mejorar-tu-coloratura\/#primaryimage","url":"https:\/\/voz4all.com\/wp-content\/uploads\/2022\/10\/3d-box-2.png","contentUrl":"https:\/\/voz4all.com\/wp-content\/uploads\/2022\/10\/3d-box-2.png","width":400,"height":400},{"@type":"BreadcrumbList","@id":"https:\/\/voz4all.com\/index.php\/producto\/ejercicios-para-mejorar-tu-coloratura\/#breadcrumb","itemListElement":[{"@type":"ListItem","position":1,"name":"Portada","item":"https:\/\/voz4all.com\/"},{"@type":"ListItem","position":2,"name":"Tienda","item":"https:\/\/voz4all.com\/index.php\/tienda\/"},{"@type":"ListItem","position":3,"name":"Ejercicios para mejorar tu Coloratura"}]},{"@type":"WebSite","@id":"https:\/\/voz4all.com\/#website","url":"https:\/\/voz4all.com\/","name":"Academia Europea del Arte Vocal","description":"Academia de Alto Rendimiento para la Voz y sus profesionales","publisher":{"@id":"https:\/\/voz4all.com\/#organization"},"potentialAction":[{"@type":"SearchAction","target":{"@type":"EntryPoint","urlTemplate":"https:\/\/voz4all.com\/?s={search_term_string}"},"query-input":{"@type":"PropertyValueSpecification","valueRequired":true,"valueName":"search_term_string"}}],"inLanguage":"es"},{"@type":"Organization","@id":"https:\/\/voz4all.com\/#organization","name":"Academia Europea del Arte Vocal","url":"https:\/\/voz4all.com\/","logo":{"@type":"ImageObject","inLanguage":"es","@id":"https:\/\/voz4all.com\/#\/schema\/logo\/image\/","url":"https:\/\/voz4all.com\/wp-content\/uploads\/2021\/08\/cropped-AEAV-LOGO-OK-2021-08-15-a-las-1.31.50.png","contentUrl":"https:\/\/voz4all.com\/wp-content\/uploads\/2021\/08\/cropped-AEAV-LOGO-OK-2021-08-15-a-las-1.31.50.png","width":942,"height":846,"caption":"Academia Europea del Arte Vocal"},"image":{"@id":"https:\/\/voz4all.com\/#\/schema\/logo\/image\/"}}]}},"_links":{"self":[{"href":"https:\/\/voz4all.com\/index.php\/wp-json\/wp\/v2\/product\/3989","targetHints":{"allow":["GET"]}}],"collection":[{"href":"https:\/\/voz4all.com\/index.php\/wp-json\/wp\/v2\/product"}],"about":[{"href":"https:\/\/voz4all.com\/index.php\/wp-json\/wp\/v2\/types\/product"}],"replies":[{"embeddable":true,"href":"https:\/\/voz4all.com\/index.php\/wp-json\/wp\/v2\/comments?post=3989"}],"version-history":[{"count":2,"href":"https:\/\/voz4all.com\/index.php\/wp-json\/wp\/v2\/product\/3989\/revisions"}],"predecessor-version":[{"id":3991,"href":"https:\/\/voz4all.com\/index.php\/wp-json\/wp\/v2\/product\/3989\/revisions\/3991"}],"wp:featuredmedia":[{"embeddable":true,"href":"https:\/\/voz4all.com\/index.php\/wp-json\/wp\/v2\/media\/3160"}],"wp:attachment":[{"href":"https:\/\/voz4all.com\/index.php\/wp-json\/wp\/v2\/media?parent=3989"}],"wp:term":[{"taxonomy":"product_brand","embeddable":true,"href":"https:\/\/voz4all.com\/index.php\/wp-json\/wp\/v2\/product_brand?post=3989"},{"taxonomy":"product_cat","embeddable":true,"href":"https:\/\/voz4all.com\/index.php\/wp-json\/wp\/v2\/product_cat?post=3989"},{"taxonomy":"product_tag","embeddable":true,"href":"https:\/\/voz4all.com\/index.php\/wp-json\/wp\/v2\/product_tag?post=3989"}],"curies":[{"name":"wp","href":"https:\/\/api.w.org\/{rel}","templated":true}]}}