{"id":4446,"date":"2024-03-28T10:55:59","date_gmt":"2024-03-28T10:55:59","guid":{"rendered":"https:\/\/voz4all.com\/?post_type=product&#038;p=4446"},"modified":"2024-03-28T17:41:11","modified_gmt":"2024-03-28T17:41:11","slug":"voicepro-member-basic-mensual","status":"publish","type":"product","link":"https:\/\/voz4all.com\/index.php\/producto\/voicepro-member-basic-mensual\/","title":{"rendered":"VOICEPRO MEMBER BASIC Mensual"},"content":{"rendered":"<p>Ahora puedes entrar a formar parte de la mejor <strong>Voice Community<\/strong>, haci\u00e9ndote miembro de VoicePro.<\/p>\n<p>Ser VOICEPRO MEMBER te permite:<\/p>\n<ul>\n<li>\n<ul>\n<li>Acceder de forma gratuita a los Directos y Actividades mensuales de los VOICEPRO MEMBERS<\/li>\n<\/ul>\n<ul>\n<li>Ser parte de la VOICEPRO COMM a trav\u00e9s de WhatsApp con consejos y retos semanales<\/li>\n<li>Tarjeta VP por s\u00f3lo 19,90\u20ac (cuota anual es de 50\u20ac) o gratuita si eres Premium, que te proporciona descuentos en los productos y actividades VOICEPRO<\/li>\n<\/ul>\n<\/li>\n<\/ul>\n<p><strong><span style=\"color: #000080;\">Puedes suscribirte a cualquiera de las dos opciones:<\/span><\/strong><\/p>\n<ol>\n<li>VOICEPRO MEMBER BASIC<\/li>\n<li>VOICEPRO MEMBER PREMIUM<\/li>\n<\/ol>\n<p><a href=\"https:\/\/voz4all.com\/wp-content\/uploads\/2024\/03\/VOICEPRO-PROGRAMAS.001.tiff\"><img fetchpriority=\"high\" decoding=\"async\" class=\"alignnone wp-image-4452\" src=\"https:\/\/voz4all.com\/wp-content\/uploads\/2024\/03\/VOICEPRO-PROGRAMAS.001.tiff\" alt=\"\" width=\"648\" height=\"365\" \/><\/a><\/p>\n<p>Si est\u00e1s interesado en adquirir la <strong><span style=\"color: #000080;\">Tarjeta VP<\/span><\/strong>, solic\u00edtala mediante un mensaje en el \u00c1rea Privada una vez que actives tu membres\u00eda y recibir\u00e1s tu c\u00f3digo personal para obtener el descuento.<\/p>\n<p><span style=\"color: #000080;\"><strong>\u00bfQu\u00e9 obtienes como VOICEPRO MEMBER?<\/strong><\/span><\/p>\n<p><a href=\"https:\/\/voz4all.com\/wp-content\/uploads\/2024\/03\/VOICEPRO-PROGRAMAS-2.001.tiff\"><img decoding=\"async\" class=\"alignnone wp-image-4453\" src=\"https:\/\/voz4all.com\/wp-content\/uploads\/2024\/03\/VOICEPRO-PROGRAMAS-2.001.tiff\" alt=\"\" width=\"647\" height=\"364\" \/><\/a><\/p>\n<p>Si deseas obtener los beneficios de una <strong>suscripci\u00f3n anual<\/strong> \ud83d\udc49 <strong><a href=\"https:\/\/voz4all.com\/index.php\/producto\/voicepro-member-basic-anual\/\">PULSA AQU\u00cd<\/a><\/strong><\/p>\n<p>Tambi\u00e9n puedes acceder a una versi\u00f3n superior en <strong><a href=\"https:\/\/voz4all.com\/index.php\/producto\/voicepro-member-premium-mensual\/\">VOICEPRO MEMBER PREMIUM mensual<\/a>\u00a0<\/strong>o <a href=\"https:\/\/voz4all.com\/index.php\/producto\/voicepro-member-premium-anual\/\"><strong>VOICEPRO MEMBER PREMIUM <\/strong><strong>anual<\/strong><\/a>.<\/p>\n<p>\u00a1Disfruta de todas nuestras actividades forma parte de la VOICEPRO COMM a trav\u00e9s de tu WhatsApp!<\/p>\n<p>\u2705 Consejo Vocal del D\u00eda<\/p>\n<p>\u2705 Aviso de las actividades que puedes disfrutar<\/p>\n<p>\u2705 Retos Semanales<\/p>\n<p>\u2705 OPEN CHAT en diversos momentos de la semana para compartir los retos con otros cantantes.<\/p>\n<p>\u00bfA qu\u00e9 esperas para ser parte de esta Voice Community?<\/p>\n<p>\u00a1\u00a1\u00a1HAZTE YA<strong> VOICEPRO MEMBER<\/strong>!!! \ud83d\udd1d\ud83d\udd1d\ud83d\udd1d<\/p>\n<p>\ud83d\udcf2 S\u00edguenos en Instagram \ud83d\udc49 <strong><a href=\"https:\/\/www.instagram.com\/voicepromentor\/\">@voicepromentor<\/a><\/strong><\/p>\n","protected":false},"excerpt":{"rendered":"<p>Ahora puedes entrar a formar parte de la <strong>Comunidad VoicePro<\/strong>, haci\u00e9ndote <strong>VOICEPRO MEMBER BASIC <\/strong>con una <strong style=\"font-size: 16px; font-style: normal;\">suscripci\u00f3n mensual<\/strong><span style=\"font-size: 16px;\">.\u00a0<\/span><\/p>\n<p>Si deseas obtener los beneficios de una <strong>suscripci\u00f3n anual<\/strong> \ud83d\udc49 <strong><a href=\"https:\/\/voz4all.com\/index.php\/producto\/voicepro-member-basic-anual\/\">PULSA AQU\u00cd<\/a><\/strong><\/p>\n<p>Tambi\u00e9n puedes acceder a una versi\u00f3n superior en <a href=\"https:\/\/voz4all.com\/index.php\/producto\/voicepro-member-premium-mensual\/\"><strong>VOICEPRO MEMBER PREMIUM mensual\u00a0<\/strong><\/a>o <a href=\"https:\/\/voz4all.com\/index.php\/producto\/voicepro-member-premium-anual\/\"><strong>VOICEPRO MEMBER PREMIUM <\/strong><strong>anual<\/strong><\/a>.<\/p>\n<p>M\u00e1s info en la Descripci\u00f3n \ud83d\udc47\ud83c\udffb<\/p>\n","protected":false},"featured_media":4448,"comment_status":"open","ping_status":"closed","template":"","meta":{"site-sidebar-layout":"default","site-content-layout":"","ast-site-content-layout":"default","site-content-style":"default","site-sidebar-style":"default","ast-global-header-display":"","ast-banner-title-visibility":"","ast-main-header-display":"","ast-hfb-above-header-display":"","ast-hfb-below-header-display":"","ast-hfb-mobile-header-display":"","site-post-title":"","ast-breadcrumbs-content":"","ast-featured-img":"","footer-sml-layout":"","ast-disable-related-posts":"","theme-transparent-header-meta":"default","adv-header-id-meta":"","stick-header-meta":"","header-above-stick-meta":"","header-main-stick-meta":"","header-below-stick-meta":"","astra-migrate-meta-layouts":"set","ast-page-background-enabled":"default","ast-page-background-meta":{"desktop":{"background-color":"","background-image":"","background-repeat":"repeat","background-position":"center center","background-size":"auto","background-attachment":"scroll","background-type":"","background-media":"","overlay-type":"","overlay-color":"","overlay-opacity":"","overlay-gradient":""},"tablet":{"background-color":"","background-image":"","background-repeat":"repeat","background-position":"center center","background-size":"auto","background-attachment":"scroll","background-type":"","background-media":"","overlay-type":"","overlay-color":"","overlay-opacity":"","overlay-gradient":""},"mobile":{"background-color":"","background-image":"","background-repeat":"repeat","background-position":"center center","background-size":"auto","background-attachment":"scroll","background-type":"","background-media":"","overlay-type":"","overlay-color":"","overlay-opacity":"","overlay-gradient":""}},"ast-content-background-meta":{"desktop":{"background-color":"var(--ast-global-color-5)","background-image":"","background-repeat":"repeat","background-position":"center center","background-size":"auto","background-attachment":"scroll","background-type":"","background-media":"","overlay-type":"","overlay-color":"","overlay-opacity":"","overlay-gradient":""},"tablet":{"background-color":"var(--ast-global-color-5)","background-image":"","background-repeat":"repeat","background-position":"center center","background-size":"auto","background-attachment":"scroll","background-type":"","background-media":"","overlay-type":"","overlay-color":"","overlay-opacity":"","overlay-gradient":""},"mobile":{"background-color":"var(--ast-global-color-5)","background-image":"","background-repeat":"repeat","background-position":"center center","background-size":"auto","background-attachment":"scroll","background-type":"","background-media":"","overlay-type":"","overlay-color":"","overlay-opacity":"","overlay-gradient":""}}},"product_brand":[],"product_cat":[53],"product_tag":[],"class_list":{"0":"post-4446","1":"product","2":"type-product","3":"status-publish","4":"has-post-thumbnail","6":"product_cat-suscripcion","7":"desktop-align-left","8":"tablet-align-left","9":"mobile-align-left","11":"first","12":"instock","13":"purchasable","14":"product-type-simple"},"yoast_head":"<!-- This site is optimized with the Yoast SEO plugin v27.4 - https:\/\/yoast.com\/product\/yoast-seo-wordpress\/ -->\n<title>VOICEPRO MEMBER BASIC Mensual - Academia Europea del Arte Vocal<\/title>\n<meta name=\"description\" content=\"\u00bfQuieres formar parte de la mejor &quot;Voice Community&quot;? Hazte VOICEPRO MEMBER y disfruta de estar junto a los mejores cantantes y vocal coaches.\" \/>\n<meta name=\"robots\" content=\"index, follow, max-snippet:-1, max-image-preview:large, max-video-preview:-1\" \/>\n<link rel=\"canonical\" href=\"https:\/\/voz4all.com\/index.php\/producto\/voicepro-member-basic-mensual\/\" \/>\n<meta property=\"og:locale\" content=\"es_ES\" \/>\n<meta property=\"og:type\" content=\"article\" \/>\n<meta property=\"og:title\" content=\"VOICEPRO MEMBER BASIC Mensual - Academia Europea del Arte Vocal\" \/>\n<meta property=\"og:description\" content=\"\u00bfQuieres formar parte de la mejor &quot;Voice Community&quot;? Hazte VOICEPRO MEMBER y disfruta de estar junto a los mejores cantantes y vocal coaches.\" \/>\n<meta property=\"og:url\" content=\"https:\/\/voz4all.com\/index.php\/producto\/voicepro-member-basic-mensual\/\" \/>\n<meta property=\"og:site_name\" content=\"Academia Europea del Arte Vocal\" \/>\n<meta property=\"article:modified_time\" content=\"2024-03-28T17:41:11+00:00\" \/>\n<meta property=\"og:image\" content=\"https:\/\/voz4all.com\/wp-content\/uploads\/2024\/03\/VP_BASIC_MENSUAL.png\" \/>\n\t<meta property=\"og:image:width\" content=\"1192\" \/>\n\t<meta property=\"og:image:height\" content=\"1190\" \/>\n\t<meta property=\"og:image:type\" content=\"image\/png\" \/>\n<meta name=\"twitter:card\" content=\"summary_large_image\" \/>\n<meta name=\"twitter:label1\" content=\"Tiempo de lectura\" \/>\n\t<meta name=\"twitter:data1\" content=\"2 minutos\" \/>\n<script type=\"application\/ld+json\" class=\"yoast-schema-graph\">{\"@context\":\"https:\\\/\\\/schema.org\",\"@graph\":[{\"@type\":\"WebPage\",\"@id\":\"https:\\\/\\\/voz4all.com\\\/index.php\\\/producto\\\/voicepro-member-basic-mensual\\\/\",\"url\":\"https:\\\/\\\/voz4all.com\\\/index.php\\\/producto\\\/voicepro-member-basic-mensual\\\/\",\"name\":\"VOICEPRO MEMBER BASIC Mensual - Academia Europea del Arte Vocal\",\"isPartOf\":{\"@id\":\"https:\\\/\\\/voz4all.com\\\/#website\"},\"primaryImageOfPage\":{\"@id\":\"https:\\\/\\\/voz4all.com\\\/index.php\\\/producto\\\/voicepro-member-basic-mensual\\\/#primaryimage\"},\"image\":{\"@id\":\"https:\\\/\\\/voz4all.com\\\/index.php\\\/producto\\\/voicepro-member-basic-mensual\\\/#primaryimage\"},\"thumbnailUrl\":\"https:\\\/\\\/voz4all.com\\\/wp-content\\\/uploads\\\/2024\\\/03\\\/VP_BASIC_MENSUAL.png\",\"datePublished\":\"2024-03-28T10:55:59+00:00\",\"dateModified\":\"2024-03-28T17:41:11+00:00\",\"description\":\"\u00bfQuieres formar parte de la mejor \\\"Voice Community\\\"? Hazte VOICEPRO MEMBER y disfruta de estar junto a los mejores cantantes y vocal coaches.\",\"breadcrumb\":{\"@id\":\"https:\\\/\\\/voz4all.com\\\/index.php\\\/producto\\\/voicepro-member-basic-mensual\\\/#breadcrumb\"},\"inLanguage\":\"es\",\"potentialAction\":[{\"@type\":\"ReadAction\",\"target\":[\"https:\\\/\\\/voz4all.com\\\/index.php\\\/producto\\\/voicepro-member-basic-mensual\\\/\"]}]},{\"@type\":\"ImageObject\",\"inLanguage\":\"es\",\"@id\":\"https:\\\/\\\/voz4all.com\\\/index.php\\\/producto\\\/voicepro-member-basic-mensual\\\/#primaryimage\",\"url\":\"https:\\\/\\\/voz4all.com\\\/wp-content\\\/uploads\\\/2024\\\/03\\\/VP_BASIC_MENSUAL.png\",\"contentUrl\":\"https:\\\/\\\/voz4all.com\\\/wp-content\\\/uploads\\\/2024\\\/03\\\/VP_BASIC_MENSUAL.png\",\"width\":1192,\"height\":1190},{\"@type\":\"BreadcrumbList\",\"@id\":\"https:\\\/\\\/voz4all.com\\\/index.php\\\/producto\\\/voicepro-member-basic-mensual\\\/#breadcrumb\",\"itemListElement\":[{\"@type\":\"ListItem\",\"position\":1,\"name\":\"Portada\",\"item\":\"https:\\\/\\\/voz4all.com\\\/\"},{\"@type\":\"ListItem\",\"position\":2,\"name\":\"Tienda\",\"item\":\"https:\\\/\\\/voz4all.com\\\/index.php\\\/tienda\\\/\"},{\"@type\":\"ListItem\",\"position\":3,\"name\":\"VOICEPRO MEMBER BASIC Mensual\"}]},{\"@type\":\"WebSite\",\"@id\":\"https:\\\/\\\/voz4all.com\\\/#website\",\"url\":\"https:\\\/\\\/voz4all.com\\\/\",\"name\":\"Academia Europea del Arte Vocal\",\"description\":\"Academia de Alto Rendimiento para la Voz y sus profesionales\",\"publisher\":{\"@id\":\"https:\\\/\\\/voz4all.com\\\/#organization\"},\"potentialAction\":[{\"@type\":\"SearchAction\",\"target\":{\"@type\":\"EntryPoint\",\"urlTemplate\":\"https:\\\/\\\/voz4all.com\\\/?s={search_term_string}\"},\"query-input\":{\"@type\":\"PropertyValueSpecification\",\"valueRequired\":true,\"valueName\":\"search_term_string\"}}],\"inLanguage\":\"es\"},{\"@type\":\"Organization\",\"@id\":\"https:\\\/\\\/voz4all.com\\\/#organization\",\"name\":\"Academia Europea del Arte Vocal\",\"url\":\"https:\\\/\\\/voz4all.com\\\/\",\"logo\":{\"@type\":\"ImageObject\",\"inLanguage\":\"es\",\"@id\":\"https:\\\/\\\/voz4all.com\\\/#\\\/schema\\\/logo\\\/image\\\/\",\"url\":\"https:\\\/\\\/voz4all.com\\\/wp-content\\\/uploads\\\/2021\\\/08\\\/cropped-AEAV-LOGO-OK-2021-08-15-a-las-1.31.50.png\",\"contentUrl\":\"https:\\\/\\\/voz4all.com\\\/wp-content\\\/uploads\\\/2021\\\/08\\\/cropped-AEAV-LOGO-OK-2021-08-15-a-las-1.31.50.png\",\"width\":942,\"height\":846,\"caption\":\"Academia Europea del Arte Vocal\"},\"image\":{\"@id\":\"https:\\\/\\\/voz4all.com\\\/#\\\/schema\\\/logo\\\/image\\\/\"}}]}<\/script>\n<!-- \/ Yoast SEO plugin. -->","yoast_head_json":{"title":"VOICEPRO MEMBER BASIC Mensual - Academia Europea del Arte Vocal","description":"\u00bfQuieres formar parte de la mejor \"Voice Community\"? Hazte VOICEPRO MEMBER y disfruta de estar junto a los mejores cantantes y vocal coaches.","robots":{"index":"index","follow":"follow","max-snippet":"max-snippet:-1","max-image-preview":"max-image-preview:large","max-video-preview":"max-video-preview:-1"},"canonical":"https:\/\/voz4all.com\/index.php\/producto\/voicepro-member-basic-mensual\/","og_locale":"es_ES","og_type":"article","og_title":"VOICEPRO MEMBER BASIC Mensual - Academia Europea del Arte Vocal","og_description":"\u00bfQuieres formar parte de la mejor \"Voice Community\"? Hazte VOICEPRO MEMBER y disfruta de estar junto a los mejores cantantes y vocal coaches.","og_url":"https:\/\/voz4all.com\/index.php\/producto\/voicepro-member-basic-mensual\/","og_site_name":"Academia Europea del Arte Vocal","article_modified_time":"2024-03-28T17:41:11+00:00","og_image":[{"width":1192,"height":1190,"url":"https:\/\/voz4all.com\/wp-content\/uploads\/2024\/03\/VP_BASIC_MENSUAL.png","type":"image\/png"}],"twitter_card":"summary_large_image","twitter_misc":{"Tiempo de lectura":"2 minutos"},"schema":{"@context":"https:\/\/schema.org","@graph":[{"@type":"WebPage","@id":"https:\/\/voz4all.com\/index.php\/producto\/voicepro-member-basic-mensual\/","url":"https:\/\/voz4all.com\/index.php\/producto\/voicepro-member-basic-mensual\/","name":"VOICEPRO MEMBER BASIC Mensual - Academia Europea del Arte Vocal","isPartOf":{"@id":"https:\/\/voz4all.com\/#website"},"primaryImageOfPage":{"@id":"https:\/\/voz4all.com\/index.php\/producto\/voicepro-member-basic-mensual\/#primaryimage"},"image":{"@id":"https:\/\/voz4all.com\/index.php\/producto\/voicepro-member-basic-mensual\/#primaryimage"},"thumbnailUrl":"https:\/\/voz4all.com\/wp-content\/uploads\/2024\/03\/VP_BASIC_MENSUAL.png","datePublished":"2024-03-28T10:55:59+00:00","dateModified":"2024-03-28T17:41:11+00:00","description":"\u00bfQuieres formar parte de la mejor \"Voice Community\"? Hazte VOICEPRO MEMBER y disfruta de estar junto a los mejores cantantes y vocal coaches.","breadcrumb":{"@id":"https:\/\/voz4all.com\/index.php\/producto\/voicepro-member-basic-mensual\/#breadcrumb"},"inLanguage":"es","potentialAction":[{"@type":"ReadAction","target":["https:\/\/voz4all.com\/index.php\/producto\/voicepro-member-basic-mensual\/"]}]},{"@type":"ImageObject","inLanguage":"es","@id":"https:\/\/voz4all.com\/index.php\/producto\/voicepro-member-basic-mensual\/#primaryimage","url":"https:\/\/voz4all.com\/wp-content\/uploads\/2024\/03\/VP_BASIC_MENSUAL.png","contentUrl":"https:\/\/voz4all.com\/wp-content\/uploads\/2024\/03\/VP_BASIC_MENSUAL.png","width":1192,"height":1190},{"@type":"BreadcrumbList","@id":"https:\/\/voz4all.com\/index.php\/producto\/voicepro-member-basic-mensual\/#breadcrumb","itemListElement":[{"@type":"ListItem","position":1,"name":"Portada","item":"https:\/\/voz4all.com\/"},{"@type":"ListItem","position":2,"name":"Tienda","item":"https:\/\/voz4all.com\/index.php\/tienda\/"},{"@type":"ListItem","position":3,"name":"VOICEPRO MEMBER BASIC Mensual"}]},{"@type":"WebSite","@id":"https:\/\/voz4all.com\/#website","url":"https:\/\/voz4all.com\/","name":"Academia Europea del Arte Vocal","description":"Academia de Alto Rendimiento para la Voz y sus profesionales","publisher":{"@id":"https:\/\/voz4all.com\/#organization"},"potentialAction":[{"@type":"SearchAction","target":{"@type":"EntryPoint","urlTemplate":"https:\/\/voz4all.com\/?s={search_term_string}"},"query-input":{"@type":"PropertyValueSpecification","valueRequired":true,"valueName":"search_term_string"}}],"inLanguage":"es"},{"@type":"Organization","@id":"https:\/\/voz4all.com\/#organization","name":"Academia Europea del Arte Vocal","url":"https:\/\/voz4all.com\/","logo":{"@type":"ImageObject","inLanguage":"es","@id":"https:\/\/voz4all.com\/#\/schema\/logo\/image\/","url":"https:\/\/voz4all.com\/wp-content\/uploads\/2021\/08\/cropped-AEAV-LOGO-OK-2021-08-15-a-las-1.31.50.png","contentUrl":"https:\/\/voz4all.com\/wp-content\/uploads\/2021\/08\/cropped-AEAV-LOGO-OK-2021-08-15-a-las-1.31.50.png","width":942,"height":846,"caption":"Academia Europea del Arte Vocal"},"image":{"@id":"https:\/\/voz4all.com\/#\/schema\/logo\/image\/"}}]}},"_links":{"self":[{"href":"https:\/\/voz4all.com\/index.php\/wp-json\/wp\/v2\/product\/4446","targetHints":{"allow":["GET"]}}],"collection":[{"href":"https:\/\/voz4all.com\/index.php\/wp-json\/wp\/v2\/product"}],"about":[{"href":"https:\/\/voz4all.com\/index.php\/wp-json\/wp\/v2\/types\/product"}],"replies":[{"embeddable":true,"href":"https:\/\/voz4all.com\/index.php\/wp-json\/wp\/v2\/comments?post=4446"}],"version-history":[{"count":12,"href":"https:\/\/voz4all.com\/index.php\/wp-json\/wp\/v2\/product\/4446\/revisions"}],"predecessor-version":[{"id":4512,"href":"https:\/\/voz4all.com\/index.php\/wp-json\/wp\/v2\/product\/4446\/revisions\/4512"}],"wp:featuredmedia":[{"embeddable":true,"href":"https:\/\/voz4all.com\/index.php\/wp-json\/wp\/v2\/media\/4448"}],"wp:attachment":[{"href":"https:\/\/voz4all.com\/index.php\/wp-json\/wp\/v2\/media?parent=4446"}],"wp:term":[{"taxonomy":"product_brand","embeddable":true,"href":"https:\/\/voz4all.com\/index.php\/wp-json\/wp\/v2\/product_brand?post=4446"},{"taxonomy":"product_cat","embeddable":true,"href":"https:\/\/voz4all.com\/index.php\/wp-json\/wp\/v2\/product_cat?post=4446"},{"taxonomy":"product_tag","embeddable":true,"href":"https:\/\/voz4all.com\/index.php\/wp-json\/wp\/v2\/product_tag?post=4446"}],"curies":[{"name":"wp","href":"https:\/\/api.w.org\/{rel}","templated":true}]}}