{"id":6118,"date":"2024-10-11T15:35:15","date_gmt":"2024-10-11T15:35:15","guid":{"rendered":"https:\/\/voz4all.com\/?post_type=product&#038;p=6118"},"modified":"2024-10-14T12:54:45","modified_gmt":"2024-10-14T12:54:45","slug":"toys-dreams-3-love-dream","status":"publish","type":"product","link":"https:\/\/voz4all.com\/index.php\/producto\/toys-dreams-3-love-dream\/","title":{"rendered":"TOYS-DREAMS n\u00ba 3 \/ Love-Dream"},"content":{"rendered":"<p>La Suite completa TOYS DREAMS para piano a cuatro manos est\u00e1 integrada por las siguientes piezas:<\/p>\n<ol>\n<li>Awakening Toys March \/ La marcha del despertar de los juguetes<\/li>\n<li>Mysterydreams \/ El misterio de sus sue\u00f1os<\/li>\n<li>Love-Dream<\/li>\n<li>Hideaway \/ El escondite<\/li>\n<li>Undermoon \/Bajo la luna<\/li>\n<li>Nightmare \u00a0La pesadilla<\/li>\n<li>Buleriya<\/li>\n<\/ol>\n<p><b><img fetchpriority=\"high\" decoding=\"async\" class=\"alignnone size-medium wp-image-4101\" src=\"https:\/\/voz4all.com\/wp-content\/uploads\/2023\/03\/6-202x300.jpg\" alt=\"\" width=\"202\" height=\"300\" srcset=\"https:\/\/voz4all.com\/wp-content\/uploads\/2023\/03\/6-202x300.jpg 202w, https:\/\/voz4all.com\/wp-content\/uploads\/2023\/03\/6-691x1024.jpg 691w, https:\/\/voz4all.com\/wp-content\/uploads\/2023\/03\/6-768x1139.jpg 768w, https:\/\/voz4all.com\/wp-content\/uploads\/2023\/03\/6-1036x1536.jpg 1036w, https:\/\/voz4all.com\/wp-content\/uploads\/2023\/03\/6-1381x2048.jpg 1381w, https:\/\/voz4all.com\/wp-content\/uploads\/2023\/03\/6-600x890.jpg 600w, https:\/\/voz4all.com\/wp-content\/uploads\/2023\/03\/6-scaled.jpg 1727w\" sizes=\"(max-width: 202px) 100vw, 202px\" \/>\u00a0 \u00a0\u00a0<\/b><\/p>\n<p><b>Pilar Jurado<\/b> es una de las figuras m\u00e1s singulares de la m\u00fasica cl\u00e1sica europea. Compositora, cantante y directora de orquesta, ha sido la primera mujer en la historia que ha recibido un encargo del Teatro Real para componer una \u00f3pera, <b><i>La p\u00e1gina en blanco<\/i><\/b>, siendo adem\u00e1s la autora del libreto e interpretando uno de los papeles protagonistas, que fue estrenada en su Sala Principal con ocho representaciones y una repercusi\u00f3n nacional e internacional sin precedentes.<\/p>\n<p>Ha actuado junto a algunas de las m\u00e1s importantes orquestas del mundo como la London Symphony Orchestra, Orchestra Sinfonica Nazionale della RAI,<span class=\"Apple-converted-space\">\u00a0 <\/span>Orquesta Filarm\u00f3nica de Helsinki, Orchestre Philharmonique de Strasbourg, Orquesta Nacional de Espa\u00f1a, Orquesta Sinf\u00f3nica y Coro de la RTVE, entre otras, bajo la batuta de reconocidos directores como G. Sinopoli, J. Levine, R. Fr\u00fcbeck de Burgos, A. Tamayo, G. Noseda, E. Garc\u00eda Asensio, A. Ros Marb\u00e1, J. R. Encinar, Beat Furrer, Kuame Ryan, L. Pfaff, E. P. Salonen, M. Sch\u00f8ntwandt\u2026<\/p>\n<p>Como compositora ha estrenado m\u00e1s de 120 obras y ha recibido encargos de importantes instituciones, festivales internacionales y teatros de \u00f3pera como el Teatro Real, Teatro de la Zarzuela, Teatro de la Maestranza de Sevilla, Vlaanderen Festival, Orquesta y Coro Nacionales de Espa\u00f1a, Orquesta Sinf\u00f3nica Nacional de M\u00e9xico, Festival Musica Strasbourg y la Deutsche Oper Berlin, entre otros.<\/p>\n<p>En el \u00e1mbito de la gesti\u00f3n cultural ha tenido una destacable trayectoria, habiendo sido la \u00fanica artista espa\u00f1ola que ha abierto como \u2018Keynote Speaker\u2019 la sesi\u00f3n del Parlamento Europeo. Ha sido miembro del Consejo Nacional de las Artes Esc\u00e9nicas y de la M\u00fasica y del Consejo Art\u00edstico de la M\u00fasica del Ministerio de Cultura, Consejera y miembro de la Comisi\u00f3n Permanente de AIE y Presidenta de SGAE. En la actualidad est\u00e1 en la Junta Directiva de la Academia de las Artes Esc\u00e9nicas y preside la Academia Europea del Arte Vocal y la Comisi\u00f3n de Cultura y Mecenazgo de la Fundaci\u00f3n Zaballos.<\/p>\n<p>Ha recibido numerosos premios nacionales e internacionales a lo largo de su carrera y la revista Forbes la ha situado entre las 20 mujeres espa\u00f1olas m\u00e1s influyentes.<\/p>\n","protected":false},"excerpt":{"rendered":"<p>Pieza para piano a cuatro manos, compuesta por Pilar Jurado dentro de una suite integrada por siete piezas de dificultad media.<\/p>\n","protected":false},"featured_media":6235,"comment_status":"open","ping_status":"closed","template":"","meta":{"site-sidebar-layout":"default","site-content-layout":"","ast-site-content-layout":"default","site-content-style":"default","site-sidebar-style":"default","ast-global-header-display":"","ast-banner-title-visibility":"","ast-main-header-display":"","ast-hfb-above-header-display":"","ast-hfb-below-header-display":"","ast-hfb-mobile-header-display":"","site-post-title":"","ast-breadcrumbs-content":"","ast-featured-img":"","footer-sml-layout":"","ast-disable-related-posts":"","theme-transparent-header-meta":"default","adv-header-id-meta":"","stick-header-meta":"","header-above-stick-meta":"","header-main-stick-meta":"","header-below-stick-meta":"","astra-migrate-meta-layouts":"set","ast-page-background-enabled":"default","ast-page-background-meta":{"desktop":{"background-color":"","background-image":"","background-repeat":"repeat","background-position":"center center","background-size":"auto","background-attachment":"scroll","background-type":"","background-media":"","overlay-type":"","overlay-color":"","overlay-opacity":"","overlay-gradient":""},"tablet":{"background-color":"","background-image":"","background-repeat":"repeat","background-position":"center center","background-size":"auto","background-attachment":"scroll","background-type":"","background-media":"","overlay-type":"","overlay-color":"","overlay-opacity":"","overlay-gradient":""},"mobile":{"background-color":"","background-image":"","background-repeat":"repeat","background-position":"center center","background-size":"auto","background-attachment":"scroll","background-type":"","background-media":"","overlay-type":"","overlay-color":"","overlay-opacity":"","overlay-gradient":""}},"ast-content-background-meta":{"desktop":{"background-color":"var(--ast-global-color-5)","background-image":"","background-repeat":"repeat","background-position":"center center","background-size":"auto","background-attachment":"scroll","background-type":"","background-media":"","overlay-type":"","overlay-color":"","overlay-opacity":"","overlay-gradient":""},"tablet":{"background-color":"var(--ast-global-color-5)","background-image":"","background-repeat":"repeat","background-position":"center center","background-size":"auto","background-attachment":"scroll","background-type":"","background-media":"","overlay-type":"","overlay-color":"","overlay-opacity":"","overlay-gradient":""},"mobile":{"background-color":"var(--ast-global-color-5)","background-image":"","background-repeat":"repeat","background-position":"center center","background-size":"auto","background-attachment":"scroll","background-type":"","background-media":"","overlay-type":"","overlay-color":"","overlay-opacity":"","overlay-gradient":""}}},"product_brand":[],"product_cat":[54],"product_tag":[],"class_list":{"0":"post-6118","1":"product","2":"type-product","3":"status-publish","4":"has-post-thumbnail","6":"product_cat-partituras","7":"desktop-align-left","8":"tablet-align-left","9":"mobile-align-left","11":"first","12":"instock","13":"downloadable","14":"taxable","15":"shipping-taxable","16":"purchasable","17":"product-type-simple"},"yoast_head":"<!-- This site is optimized with the Yoast SEO plugin v27.5 - https:\/\/yoast.com\/product\/yoast-seo-wordpress\/ -->\n<title>TOYS-DREAMS n\u00ba 3 \/ Love-Dream - Academia Europea del Arte Vocal<\/title>\n<meta name=\"description\" content=\"Pieza para piano a cuatro manos, compuesta por Pilar Jurado dentro de la suite integrada por siete piezas de dificultad media.\" \/>\n<meta name=\"robots\" content=\"index, follow, max-snippet:-1, max-image-preview:large, max-video-preview:-1\" \/>\n<link rel=\"canonical\" href=\"https:\/\/voz4all.com\/index.php\/producto\/toys-dreams-3-love-dream\/\" \/>\n<meta property=\"og:locale\" content=\"es_ES\" \/>\n<meta property=\"og:type\" content=\"article\" \/>\n<meta property=\"og:title\" content=\"TOYS-DREAMS n\u00ba 3 \/ Love-Dream - Academia Europea del Arte Vocal\" \/>\n<meta property=\"og:description\" content=\"Pieza para piano a cuatro manos, compuesta por Pilar Jurado dentro de la suite integrada por siete piezas de dificultad media.\" \/>\n<meta property=\"og:url\" content=\"https:\/\/voz4all.com\/index.php\/producto\/toys-dreams-3-love-dream\/\" \/>\n<meta property=\"og:site_name\" content=\"Academia Europea del Arte Vocal\" \/>\n<meta property=\"article:modified_time\" content=\"2024-10-14T12:54:45+00:00\" \/>\n<meta property=\"og:image\" content=\"https:\/\/voz4all.com\/wp-content\/uploads\/2024\/10\/TOYS-DREAMS.004-1.jpeg\" \/>\n\t<meta property=\"og:image:width\" content=\"1080\" \/>\n\t<meta property=\"og:image:height\" content=\"1080\" \/>\n\t<meta property=\"og:image:type\" content=\"image\/jpeg\" \/>\n<meta name=\"twitter:card\" content=\"summary_large_image\" \/>\n<meta name=\"twitter:label1\" content=\"Tiempo de lectura\" \/>\n\t<meta name=\"twitter:data1\" content=\"3 minutos\" \/>\n<script type=\"application\/ld+json\" class=\"yoast-schema-graph\">{\"@context\":\"https:\\\/\\\/schema.org\",\"@graph\":[{\"@type\":\"WebPage\",\"@id\":\"https:\\\/\\\/voz4all.com\\\/index.php\\\/producto\\\/toys-dreams-3-love-dream\\\/\",\"url\":\"https:\\\/\\\/voz4all.com\\\/index.php\\\/producto\\\/toys-dreams-3-love-dream\\\/\",\"name\":\"TOYS-DREAMS n\u00ba 3 \\\/ Love-Dream - Academia Europea del Arte Vocal\",\"isPartOf\":{\"@id\":\"https:\\\/\\\/voz4all.com\\\/#website\"},\"primaryImageOfPage\":{\"@id\":\"https:\\\/\\\/voz4all.com\\\/index.php\\\/producto\\\/toys-dreams-3-love-dream\\\/#primaryimage\"},\"image\":{\"@id\":\"https:\\\/\\\/voz4all.com\\\/index.php\\\/producto\\\/toys-dreams-3-love-dream\\\/#primaryimage\"},\"thumbnailUrl\":\"https:\\\/\\\/voz4all.com\\\/wp-content\\\/uploads\\\/2024\\\/10\\\/TOYS-DREAMS.004-1.jpeg\",\"datePublished\":\"2024-10-11T15:35:15+00:00\",\"dateModified\":\"2024-10-14T12:54:45+00:00\",\"description\":\"Pieza para piano a cuatro manos, compuesta por Pilar Jurado dentro de la suite integrada por siete piezas de dificultad media.\",\"breadcrumb\":{\"@id\":\"https:\\\/\\\/voz4all.com\\\/index.php\\\/producto\\\/toys-dreams-3-love-dream\\\/#breadcrumb\"},\"inLanguage\":\"es\",\"potentialAction\":[{\"@type\":\"ReadAction\",\"target\":[\"https:\\\/\\\/voz4all.com\\\/index.php\\\/producto\\\/toys-dreams-3-love-dream\\\/\"]}]},{\"@type\":\"ImageObject\",\"inLanguage\":\"es\",\"@id\":\"https:\\\/\\\/voz4all.com\\\/index.php\\\/producto\\\/toys-dreams-3-love-dream\\\/#primaryimage\",\"url\":\"https:\\\/\\\/voz4all.com\\\/wp-content\\\/uploads\\\/2024\\\/10\\\/TOYS-DREAMS.004-1.jpeg\",\"contentUrl\":\"https:\\\/\\\/voz4all.com\\\/wp-content\\\/uploads\\\/2024\\\/10\\\/TOYS-DREAMS.004-1.jpeg\",\"width\":1080,\"height\":1080},{\"@type\":\"BreadcrumbList\",\"@id\":\"https:\\\/\\\/voz4all.com\\\/index.php\\\/producto\\\/toys-dreams-3-love-dream\\\/#breadcrumb\",\"itemListElement\":[{\"@type\":\"ListItem\",\"position\":1,\"name\":\"Portada\",\"item\":\"https:\\\/\\\/voz4all.com\\\/\"},{\"@type\":\"ListItem\",\"position\":2,\"name\":\"Tienda\",\"item\":\"https:\\\/\\\/voz4all.com\\\/index.php\\\/tienda\\\/\"},{\"@type\":\"ListItem\",\"position\":3,\"name\":\"TOYS-DREAMS n\u00ba 3 \\\/ Love-Dream\"}]},{\"@type\":\"WebSite\",\"@id\":\"https:\\\/\\\/voz4all.com\\\/#website\",\"url\":\"https:\\\/\\\/voz4all.com\\\/\",\"name\":\"Academia Europea del Arte Vocal\",\"description\":\"Academia de Alto Rendimiento para la Voz y sus profesionales\",\"publisher\":{\"@id\":\"https:\\\/\\\/voz4all.com\\\/#organization\"},\"potentialAction\":[{\"@type\":\"SearchAction\",\"target\":{\"@type\":\"EntryPoint\",\"urlTemplate\":\"https:\\\/\\\/voz4all.com\\\/?s={search_term_string}\"},\"query-input\":{\"@type\":\"PropertyValueSpecification\",\"valueRequired\":true,\"valueName\":\"search_term_string\"}}],\"inLanguage\":\"es\"},{\"@type\":\"Organization\",\"@id\":\"https:\\\/\\\/voz4all.com\\\/#organization\",\"name\":\"Academia Europea del Arte Vocal\",\"url\":\"https:\\\/\\\/voz4all.com\\\/\",\"logo\":{\"@type\":\"ImageObject\",\"inLanguage\":\"es\",\"@id\":\"https:\\\/\\\/voz4all.com\\\/#\\\/schema\\\/logo\\\/image\\\/\",\"url\":\"https:\\\/\\\/voz4all.com\\\/wp-content\\\/uploads\\\/2021\\\/08\\\/cropped-AEAV-LOGO-OK-2021-08-15-a-las-1.31.50.png\",\"contentUrl\":\"https:\\\/\\\/voz4all.com\\\/wp-content\\\/uploads\\\/2021\\\/08\\\/cropped-AEAV-LOGO-OK-2021-08-15-a-las-1.31.50.png\",\"width\":942,\"height\":846,\"caption\":\"Academia Europea del Arte Vocal\"},\"image\":{\"@id\":\"https:\\\/\\\/voz4all.com\\\/#\\\/schema\\\/logo\\\/image\\\/\"}}]}<\/script>\n<!-- \/ Yoast SEO plugin. -->","yoast_head_json":{"title":"TOYS-DREAMS n\u00ba 3 \/ Love-Dream - Academia Europea del Arte Vocal","description":"Pieza para piano a cuatro manos, compuesta por Pilar Jurado dentro de la suite integrada por siete piezas de dificultad media.","robots":{"index":"index","follow":"follow","max-snippet":"max-snippet:-1","max-image-preview":"max-image-preview:large","max-video-preview":"max-video-preview:-1"},"canonical":"https:\/\/voz4all.com\/index.php\/producto\/toys-dreams-3-love-dream\/","og_locale":"es_ES","og_type":"article","og_title":"TOYS-DREAMS n\u00ba 3 \/ Love-Dream - Academia Europea del Arte Vocal","og_description":"Pieza para piano a cuatro manos, compuesta por Pilar Jurado dentro de la suite integrada por siete piezas de dificultad media.","og_url":"https:\/\/voz4all.com\/index.php\/producto\/toys-dreams-3-love-dream\/","og_site_name":"Academia Europea del Arte Vocal","article_modified_time":"2024-10-14T12:54:45+00:00","og_image":[{"width":1080,"height":1080,"url":"https:\/\/voz4all.com\/wp-content\/uploads\/2024\/10\/TOYS-DREAMS.004-1.jpeg","type":"image\/jpeg"}],"twitter_card":"summary_large_image","twitter_misc":{"Tiempo de lectura":"3 minutos"},"schema":{"@context":"https:\/\/schema.org","@graph":[{"@type":"WebPage","@id":"https:\/\/voz4all.com\/index.php\/producto\/toys-dreams-3-love-dream\/","url":"https:\/\/voz4all.com\/index.php\/producto\/toys-dreams-3-love-dream\/","name":"TOYS-DREAMS n\u00ba 3 \/ Love-Dream - Academia Europea del Arte Vocal","isPartOf":{"@id":"https:\/\/voz4all.com\/#website"},"primaryImageOfPage":{"@id":"https:\/\/voz4all.com\/index.php\/producto\/toys-dreams-3-love-dream\/#primaryimage"},"image":{"@id":"https:\/\/voz4all.com\/index.php\/producto\/toys-dreams-3-love-dream\/#primaryimage"},"thumbnailUrl":"https:\/\/voz4all.com\/wp-content\/uploads\/2024\/10\/TOYS-DREAMS.004-1.jpeg","datePublished":"2024-10-11T15:35:15+00:00","dateModified":"2024-10-14T12:54:45+00:00","description":"Pieza para piano a cuatro manos, compuesta por Pilar Jurado dentro de la suite integrada por siete piezas de dificultad media.","breadcrumb":{"@id":"https:\/\/voz4all.com\/index.php\/producto\/toys-dreams-3-love-dream\/#breadcrumb"},"inLanguage":"es","potentialAction":[{"@type":"ReadAction","target":["https:\/\/voz4all.com\/index.php\/producto\/toys-dreams-3-love-dream\/"]}]},{"@type":"ImageObject","inLanguage":"es","@id":"https:\/\/voz4all.com\/index.php\/producto\/toys-dreams-3-love-dream\/#primaryimage","url":"https:\/\/voz4all.com\/wp-content\/uploads\/2024\/10\/TOYS-DREAMS.004-1.jpeg","contentUrl":"https:\/\/voz4all.com\/wp-content\/uploads\/2024\/10\/TOYS-DREAMS.004-1.jpeg","width":1080,"height":1080},{"@type":"BreadcrumbList","@id":"https:\/\/voz4all.com\/index.php\/producto\/toys-dreams-3-love-dream\/#breadcrumb","itemListElement":[{"@type":"ListItem","position":1,"name":"Portada","item":"https:\/\/voz4all.com\/"},{"@type":"ListItem","position":2,"name":"Tienda","item":"https:\/\/voz4all.com\/index.php\/tienda\/"},{"@type":"ListItem","position":3,"name":"TOYS-DREAMS n\u00ba 3 \/ Love-Dream"}]},{"@type":"WebSite","@id":"https:\/\/voz4all.com\/#website","url":"https:\/\/voz4all.com\/","name":"Academia Europea del Arte Vocal","description":"Academia de Alto Rendimiento para la Voz y sus profesionales","publisher":{"@id":"https:\/\/voz4all.com\/#organization"},"potentialAction":[{"@type":"SearchAction","target":{"@type":"EntryPoint","urlTemplate":"https:\/\/voz4all.com\/?s={search_term_string}"},"query-input":{"@type":"PropertyValueSpecification","valueRequired":true,"valueName":"search_term_string"}}],"inLanguage":"es"},{"@type":"Organization","@id":"https:\/\/voz4all.com\/#organization","name":"Academia Europea del Arte Vocal","url":"https:\/\/voz4all.com\/","logo":{"@type":"ImageObject","inLanguage":"es","@id":"https:\/\/voz4all.com\/#\/schema\/logo\/image\/","url":"https:\/\/voz4all.com\/wp-content\/uploads\/2021\/08\/cropped-AEAV-LOGO-OK-2021-08-15-a-las-1.31.50.png","contentUrl":"https:\/\/voz4all.com\/wp-content\/uploads\/2021\/08\/cropped-AEAV-LOGO-OK-2021-08-15-a-las-1.31.50.png","width":942,"height":846,"caption":"Academia Europea del Arte Vocal"},"image":{"@id":"https:\/\/voz4all.com\/#\/schema\/logo\/image\/"}}]}},"_links":{"self":[{"href":"https:\/\/voz4all.com\/index.php\/wp-json\/wp\/v2\/product\/6118","targetHints":{"allow":["GET"]}}],"collection":[{"href":"https:\/\/voz4all.com\/index.php\/wp-json\/wp\/v2\/product"}],"about":[{"href":"https:\/\/voz4all.com\/index.php\/wp-json\/wp\/v2\/types\/product"}],"replies":[{"embeddable":true,"href":"https:\/\/voz4all.com\/index.php\/wp-json\/wp\/v2\/comments?post=6118"}],"version-history":[{"count":1,"href":"https:\/\/voz4all.com\/index.php\/wp-json\/wp\/v2\/product\/6118\/revisions"}],"predecessor-version":[{"id":6236,"href":"https:\/\/voz4all.com\/index.php\/wp-json\/wp\/v2\/product\/6118\/revisions\/6236"}],"wp:featuredmedia":[{"embeddable":true,"href":"https:\/\/voz4all.com\/index.php\/wp-json\/wp\/v2\/media\/6235"}],"wp:attachment":[{"href":"https:\/\/voz4all.com\/index.php\/wp-json\/wp\/v2\/media?parent=6118"}],"wp:term":[{"taxonomy":"product_brand","embeddable":true,"href":"https:\/\/voz4all.com\/index.php\/wp-json\/wp\/v2\/product_brand?post=6118"},{"taxonomy":"product_cat","embeddable":true,"href":"https:\/\/voz4all.com\/index.php\/wp-json\/wp\/v2\/product_cat?post=6118"},{"taxonomy":"product_tag","embeddable":true,"href":"https:\/\/voz4all.com\/index.php\/wp-json\/wp\/v2\/product_tag?post=6118"}],"curies":[{"name":"wp","href":"https:\/\/api.w.org\/{rel}","templated":true}]}}